{"id":12736,"date":"2025-02-21T09:57:52","date_gmt":"2025-02-21T14:57:52","guid":{"rendered":"https:\/\/setsuko.ca\/?post_type=product&#038;p=12736"},"modified":"2025-12-17T20:05:07","modified_gmt":"2025-12-18T01:05:07","slug":"journee-decouverte-du-massage-suedois-ndg-copy","status":"publish","type":"product","link":"https:\/\/setsuko.ca\/fr\/produit\/journee-decouverte-du-massage-suedois-ndg-copy\/","title":{"rendered":"\u00c9V\u00c9NEMENT GRATUIT Journ\u00e9e D\u00e9couverte du Massage Su\u00e9dois \u2013 Dorval"},"content":{"rendered":"<p><strong>Journ\u00e9e d\u00e9couverte du massage su\u00e9dois \u2013 Dorval<\/strong><\/p>\n<p>21 mars 2026 | 11 h 00 \u2013 14 h 00 | GRATUIT<\/p>\n<p>Vous souhaitez devenir masseur-kin\u00e9sith\u00e9rapeute ? Venez d\u00e9couvrir l&#8217;univers du massage su\u00e9dois lors de notre journ\u00e9e d\u00e9couverte GRATUITE ! <\/p>\n<ul>\n<li>Regardez des d\u00e9monstrations en direct<\/li>\n<li>Rencontrez nos enseignants exp\u00e9riment\u00e9s<\/li>\n<li>Posez vos questions dans un cadre d\u00e9tendu et ouvert.<\/li>\n<li>D\u00e9couvrez l&#8217;\u00e9cole et le m\u00e9tier<\/li>\n<li>V\u00e9rifiez si cette voie vous convient avant de vous engager dans un programme ou un atelier.<\/li>\n<\/ul>\n<p>Id\u00e9al pour toute personne envisageant la massoth\u00e9rapie comme nouvelle carri\u00e8re ou projet passionnant.<\/p>\n","protected":false},"excerpt":{"rendered":"<p>Joignez-vous \u00e0 nous pour une journ\u00e9e d\u00e9couverte GRATUITE du massage su\u00e9dois \u00e0 Dorval ! Rencontrez les enseignants, assistez \u00e0 des d\u00e9monstrations et d\u00e9couvrez si la massoth\u00e9rapie est la voie qui vous convient avant de vous engager dans un cours. <\/p>\n","protected":false},"featured_media":13923,"template":"","meta":{"_acf_changed":false},"product_brand":[],"product_cat":[439,479,291,97,367,168],"product_tag":[130,104],"class_list":{"0":"post-12736","1":"product","2":"type-product","3":"status-publish","4":"has-post-thumbnail","6":"product_cat-bilingue","7":"product_cat-clinical-massage","8":"product_cat-dorval-west-island-fr","9":"product_cat-en-personne","10":"product_cat-enseignants-du-programme","11":"product_cat-jenni-lee-fr","12":"product_tag-massage-suedois","13":"product_tag-massotherapie","15":"first","16":"outofstock","17":"virtual","18":"purchasable","19":"product-type-simple"},"acf":[],"_links":{"self":[{"href":"https:\/\/setsuko.ca\/fr\/wp-json\/wp\/v2\/product\/12736","targetHints":{"allow":["GET"]}}],"collection":[{"href":"https:\/\/setsuko.ca\/fr\/wp-json\/wp\/v2\/product"}],"about":[{"href":"https:\/\/setsuko.ca\/fr\/wp-json\/wp\/v2\/types\/product"}],"wp:featuredmedia":[{"embeddable":true,"href":"https:\/\/setsuko.ca\/fr\/wp-json\/wp\/v2\/media\/13923"}],"wp:attachment":[{"href":"https:\/\/setsuko.ca\/fr\/wp-json\/wp\/v2\/media?parent=12736"}],"wp:term":[{"taxonomy":"product_brand","embeddable":true,"href":"https:\/\/setsuko.ca\/fr\/wp-json\/wp\/v2\/product_brand?post=12736"},{"taxonomy":"product_cat","embeddable":true,"href":"https:\/\/setsuko.ca\/fr\/wp-json\/wp\/v2\/product_cat?post=12736"},{"taxonomy":"product_tag","embeddable":true,"href":"https:\/\/setsuko.ca\/fr\/wp-json\/wp\/v2\/product_tag?post=12736"}],"curies":[{"name":"wp","href":"https:\/\/api.w.org\/{rel}","templated":true}]}}