{"id":12847,"date":"2024-10-02T07:20:27","date_gmt":"2024-10-02T11:20:27","guid":{"rendered":"https:\/\/setsuko.ca\/?post_type=product&#038;p=12847"},"modified":"2026-02-10T14:51:37","modified_gmt":"2026-02-10T19:51:37","slug":"massage-thailandais-de-reflexologie-plantaire-copy-2","status":"publish","type":"product","link":"https:\/\/setsuko.ca\/fr\/produit\/massage-thailandais-de-reflexologie-plantaire-copy-2\/","title":{"rendered":"RCR et Premiers soins de base pour massoth\u00e9rapeutes"},"content":{"rendered":"<p><strong>RCR et Premiers soins de base pour massoth\u00e9rapeutes<\/strong><\/p>\n<p>Cet atelier d\u2019une journ\u00e9e est con\u00e7u sp\u00e9cialement pour les massoth\u00e9rapeutes qui souhaitent se sentir confiants et bien pr\u00e9par\u00e9s face aux situations d\u2019urgence. Les participants y acquerront \u00e0 la fois des connaissances et des comp\u00e9tences pratiques en RCR, en utilisation du DEA et en premiers soins essentiels, afin d\u2019apprendre \u00e0 intervenir de fa\u00e7on s\u00e9curitaire et efficace lors d\u2019urgences m\u00e9dicales pouvant survenir en clinique ou dans la vie quotidienne. <\/p>\n<p><strong>What you will learn<\/strong><\/p>\n<p>Les sujets incluent :<\/p>\n<ul>\n<li>R\u00f4les et responsabilit\u00e9s d\u2019un secouriste<\/li>\n<li>L\u00e9gislation et r\u00e8glements en mati\u00e8re de premiers soins<\/li>\n<li>Gestion d\u2019une sc\u00e8ne d\u2019urgence<\/li>\n<li>\u00c9tat de choc, inconscience et \u00e9vanouissement<\/li>\n<li>Blessures \u00e0 la t\u00eate et \u00e0 la colonne vert\u00e9brale<\/li>\n<li>Urgences cardiovasculaires<\/li>\n<li>RCR\/DEA pour adulte et \u00e9touffement<\/li>\n<li>Asthme et allergies s\u00e9v\u00e8res<\/li>\n<li>Saignements et soins des plaies<\/li>\n<li>Br\u00fblures<\/li>\n<li>Affections m\u00e9dicales (y compris urgences diab\u00e9tiques et crises convulsives)<\/li>\n<li>Blessures li\u00e9es \u00e0 la chaleur et au froid<\/li>\n<li>Blessures du syst\u00e8me musculosquelettique<\/li>\n<li>Premiers soins en sant\u00e9 mentale<\/li>\n<\/ul>\n<p>\u00c0 la fin de ce cours, les massoth\u00e9rapeutes recevront non seulement la certification en Premiers soins de base et en RCR, mais repartiront aussi avec la confiance n\u00e9cessaire pour intervenir rapidement et efficacement lorsque cela compte le plus.<\/p>\n<p><strong>\u00c0 propos de la formatrice<\/strong><\/p>\n<p>Zeineb \u00ab Zee \u00bb Erradi est une th\u00e9rapeute du sport certifi\u00e9e, titulaire d\u2019une ma\u00eetrise en sciences de l\u2019activit\u00e9 physique de l\u2019Universit\u00e9 d\u2019Ottawa, avec une sp\u00e9cialisation en consultation et intervention. Elle enseigne la RCR et les premiers soins depuis plus de dix ans et se passionne pour l\u2019id\u00e9e d\u2019offrir aux gens des outils pratiques qui peuvent aider \u00e0 sauver des vies. <\/p>\n<p>En dehors de l\u2019enseignement, Zee aime passer du temps avec son mari, sa petite fille et ses amis \u2014 que ce soit autour d\u2019un souper convivial ou lors d\u2019un s\u00e9jour de camping. Sa passion pour l\u2019enseignement et son approche bienveillante rendent ses ateliers \u00e0 la fois dynamiques, pratiques et m\u00e9morables. <\/p>\n<p><strong>D\u00e9tails du cours<\/strong><\/p>\n<p><strong>Date et heure : <\/strong>Dimanche 2 novembre 2025 \u2014 de 8 h \u00e0 17 h<br \/>\n<strong>Cost:<\/strong> $250<br \/>\n<strong>Adresse : <\/strong>2111, avenue Northcliffe, bureau 11D, Montr\u00e9al (Qu\u00e9bec) H4A 3K6<\/p>\n","protected":false},"excerpt":{"rendered":"<p>Joignez-vous \u00e0 nous le dimanche 2 novembre (8 h \u00e0 17 h) pour un atelier de RCR et premiers soins de base destin\u00e9 aux massoth\u00e9rapeutes, couvrant la RCR, l\u2019utilisation du DEA et la certification en premiers soins essentiels.<br \/>Repartez avec la confiance et les comp\u00e9tences pour intervenir efficacement en situation d\u2019urgence. <\/p>\n","protected":false},"featured_media":14049,"template":"","meta":{"_acf_changed":false},"product_brand":[],"product_cat":[440,169,97,287,465],"product_tag":[],"class_list":{"0":"post-12847","1":"product","2":"type-product","3":"status-publish","4":"has-post-thumbnail","6":"product_cat-anglais","7":"product_cat-atelier","8":"product_cat-en-personne","9":"product_cat-qe-ndg-fr","10":"product_cat-zeineb-erradi-fr","12":"first","13":"outofstock","14":"sale","15":"virtual","16":"purchasable","17":"product-type-simple"},"acf":[],"_links":{"self":[{"href":"https:\/\/setsuko.ca\/fr\/wp-json\/wp\/v2\/product\/12847","targetHints":{"allow":["GET"]}}],"collection":[{"href":"https:\/\/setsuko.ca\/fr\/wp-json\/wp\/v2\/product"}],"about":[{"href":"https:\/\/setsuko.ca\/fr\/wp-json\/wp\/v2\/types\/product"}],"wp:featuredmedia":[{"embeddable":true,"href":"https:\/\/setsuko.ca\/fr\/wp-json\/wp\/v2\/media\/14049"}],"wp:attachment":[{"href":"https:\/\/setsuko.ca\/fr\/wp-json\/wp\/v2\/media?parent=12847"}],"wp:term":[{"taxonomy":"product_brand","embeddable":true,"href":"https:\/\/setsuko.ca\/fr\/wp-json\/wp\/v2\/product_brand?post=12847"},{"taxonomy":"product_cat","embeddable":true,"href":"https:\/\/setsuko.ca\/fr\/wp-json\/wp\/v2\/product_cat?post=12847"},{"taxonomy":"product_tag","embeddable":true,"href":"https:\/\/setsuko.ca\/fr\/wp-json\/wp\/v2\/product_tag?post=12847"}],"curies":[{"name":"wp","href":"https:\/\/api.w.org\/{rel}","templated":true}]}}