{"id":12856,"date":"2025-09-01T12:53:49","date_gmt":"2025-09-01T16:53:49","guid":{"rendered":"https:\/\/setsuko.ca\/?post_type=product&#038;p=12856"},"modified":"2026-02-15T23:02:31","modified_gmt":"2026-02-16T04:02:31","slug":"massage-thailandais-niveau-1-fondements-du-nuad-bo-rarn-dorval-copy","status":"publish","type":"product","link":"https:\/\/setsuko.ca\/fr\/produit\/massage-thailandais-niveau-1-fondements-du-nuad-bo-rarn-dorval-copy\/","title":{"rendered":"Massage tha\u00eflandais niveau 1 \u2013 Fondements du Nuad Bo-Rarn (Dorval) LANNA THAI LINK"},"content":{"rendered":"<p><strong>Cours de massage tha\u00eflandais L1 Description<\/strong><\/p>\n<p>Ce cours de base introduit les \u00e9tudiants au Nuad Bo-Rarn, le syst\u00e8me de massage traditionnel du nord de la Tha\u00eflande enseign\u00e9 \u00e0 l&#8217;IMT Chiang Mai. Enracin\u00e9 dans la philosophie de gu\u00e9rison tha\u00eflandaise, le cours couvre <strong>la s\u00e9quence compl\u00e8te de la position couch\u00e9e<\/strong>, y compris les techniques des pieds, des jambes, de l&#8217;abdomen, de la poitrine, des bras, des mains et de la t\u00eate. Les \u00e9tudiants d\u00e9veloppent de solides comp\u00e9tences fondamentales en mati\u00e8re d&#8217;acupression, d&#8217;\u00e9tirement et de rythme th\u00e9rapeutique, ce qui leur permet d&#8217;offrir une s\u00e9ance compl\u00e8te de massage tha\u00eflandais de 60 \u00e0 90 minutes.  <\/p>\n<p><strong>R\u00e9sultats d&#8217;apprentissage<\/strong><\/p>\n<ul>\n<li>Appliquer les techniques de pression de la paume et du pouce sur les lignes d&#8217;\u00e9nergie Sen<\/li>\n<li>Effectuer un massage tha\u00eflandais complet en position couch\u00e9e sur le dos.<\/li>\n<li>Maintenir une posture et une m\u00e9canique s\u00fbres pour le praticien<\/li>\n<li>Effectuer des techniques d&#8217;\u00e9tirement pour les hanches, les jambes, les \u00e9paules et les bras.<\/li>\n<li>Int\u00e9grer la pleine conscience et les rituels tha\u00eflandais dans le travail th\u00e9rapeutique<\/li>\n<\/ul>\n<p><strong>Le contenu du cours comprend<\/strong><\/p>\n<ul>\n<li>Aper\u00e7u de la philosophie de la m\u00e9decine tha\u00eflandaise et des lignes \u00e9nerg\u00e9tiques Sen<\/li>\n<li>Pression de la paume (PP), pression du pouce (TP), cercle du pouce (TC) et techniques digitales<\/li>\n<li>\u00c9tirements assist\u00e9s pour le bas du corps, les \u00e9paules et les bras<\/li>\n<li>S\u00e9quence de tout le corps en position couch\u00e9e (des pieds \u00e0 la t\u00eate)<\/li>\n<li>Techniques de cl\u00f4ture, transitions et pr\u00e9paration du client<\/li>\n<li>C\u00e9r\u00e9monie Wai Khru et mantra au Dr. Shivago<\/li>\n<\/ul>\n<p><strong>P\u00e9dagogie et pratique<\/strong><\/p>\n<ul>\n<li>D\u00e9monstration de toutes les techniques par un instructeur<\/li>\n<li>Mantra quotidien et rituels de pleine conscience des praticiens<\/li>\n<li>Pratique supervis\u00e9e du partenaire avec corrections<\/li>\n<li>L&#8217;accent est mis sur la m\u00e9canique corporelle et le rythme th\u00e9rapeutique.<\/li>\n<li>Utilisation d&#8217;aides visuelles et de registres de pratique pour la m\u00e9morisation des comp\u00e9tences<\/li>\n<\/ul>\n<p><strong>\u00c9valuation :<\/strong><\/p>\n<ul>\n<li><strong>Examen pratique final (90 minutes)<\/strong> \u2013 100% de la note finale (70% minimum requis)<\/li>\n<li><strong>15 \u00e9tudes de cas<\/strong> (90 minutes chacune) \u2013 Obligatoire pour compl\u00e9ter le cours<\/li>\n<li><strong>Taux d&#8217;assiduit\u00e9 requis : <\/strong>90%.<\/li>\n<\/ul>\n<p><strong>Certificat de l&#8217;IMT :<\/strong><\/p>\n<p>Les \u00e9tudiants qui r\u00e9ussissent l&#8217;examen avec plus de 70% peuvent demander un certificat de l&#8217;IMT reconnu internationalement pour 100 dollars canadiens.<\/p>\n<p><strong>Dur\u00e9e : <\/strong>30 heures<br \/>\n<strong>Evaluation:<\/strong> Examen pratique final (90 minutes) \u2013 100%.<\/p>\n<p><strong>Date : 20 au 23 oct. 2025, de 10 h \u00e0 17 h<\/strong><\/p>\n<p><strong>Lieu : 1564, chemin Herron, bureau 206-208, Dorval, QC H9S 1B7 <\/strong><\/p>\n","protected":false},"excerpt":{"rendered":"<p><strong>Massage tha\u00eflandais Niveau 1 : Fondements du Nuad Bo-Rarn<\/strong><br \/>\nParticipez \u00e0 une introduction immersive de 30 heures au massage tha\u00eflandais, bas\u00e9e sur le style traditionnel du Nord (Nuad Bo-Rarn) enseign\u00e9 \u00e0 l\u2019ITM de Chiang Mai. Ce cours pratique se concentre sur la s\u00e9quence compl\u00e8te en position couch\u00e9e sur le dos, et vous guide \u00e0 travers les techniques de pression avec la paume et le pouce, les \u00e9tirements assist\u00e9s et le travail des lignes d\u2019\u00e9nergie (lignes Sen). Vous apprendrez \u00e0 offrir un massage tha\u00eflandais complet de 60 \u00e0 90 minutes tout en maintenant une bonne posture, un rythme fluide et une pleine conscience.  <\/p>\n<p>Id\u00e9al pour les d\u00e9butants comme pour les professionnels du travail corporel, ce cours combine th\u00e9orie, pratique et rituel, en commen\u00e7ant chaque jour par le mantra traditionnel Wai Khru. Aucun pr\u00e9requis n\u2019est exig\u00e9. Les \u00e9tudiants qui r\u00e9ussissent l\u2019examen pratique final peuvent demander un certificat ITM officiel<\/p>\n","protected":false},"featured_media":14032,"template":"","meta":{"_acf_changed":false},"product_brand":[],"product_cat":[440,169,439,479,95,291,97],"product_tag":[],"class_list":{"0":"post-12856","1":"product","2":"type-product","3":"status-publish","4":"has-post-thumbnail","6":"product_cat-anglais","7":"product_cat-atelier","8":"product_cat-bilingue","9":"product_cat-clinical-massage","10":"product_cat-cours","11":"product_cat-dorval-west-island-fr","12":"product_cat-en-personne","14":"first","15":"instock","16":"virtual","17":"purchasable","18":"product-type-simple"},"acf":[],"_links":{"self":[{"href":"https:\/\/setsuko.ca\/fr\/wp-json\/wp\/v2\/product\/12856","targetHints":{"allow":["GET"]}}],"collection":[{"href":"https:\/\/setsuko.ca\/fr\/wp-json\/wp\/v2\/product"}],"about":[{"href":"https:\/\/setsuko.ca\/fr\/wp-json\/wp\/v2\/types\/product"}],"wp:featuredmedia":[{"embeddable":true,"href":"https:\/\/setsuko.ca\/fr\/wp-json\/wp\/v2\/media\/14032"}],"wp:attachment":[{"href":"https:\/\/setsuko.ca\/fr\/wp-json\/wp\/v2\/media?parent=12856"}],"wp:term":[{"taxonomy":"product_brand","embeddable":true,"href":"https:\/\/setsuko.ca\/fr\/wp-json\/wp\/v2\/product_brand?post=12856"},{"taxonomy":"product_cat","embeddable":true,"href":"https:\/\/setsuko.ca\/fr\/wp-json\/wp\/v2\/product_cat?post=12856"},{"taxonomy":"product_tag","embeddable":true,"href":"https:\/\/setsuko.ca\/fr\/wp-json\/wp\/v2\/product_tag?post=12856"}],"curies":[{"name":"wp","href":"https:\/\/api.w.org\/{rel}","templated":true}]}}