{"id":13389,"date":"2025-05-13T20:59:49","date_gmt":"2025-05-14T00:59:49","guid":{"rendered":"https:\/\/setsuko.ca\/?post_type=product&#038;p=13389"},"modified":"2026-03-04T23:07:18","modified_gmt":"2026-03-05T04:07:18","slug":"techniques-defficacite-maximale-m-e-t-atelier-avance-haut-du-corps-copy","status":"publish","type":"product","link":"https:\/\/setsuko.ca\/fr\/produit\/techniques-defficacite-maximale-m-e-t-atelier-avance-haut-du-corps-copy\/","title":{"rendered":"Atelier avanc\u00e9 Techniques d&#8217;efficacit\u00e9 maximale (T.E.M.) Bas du corps \u2013 NDG"},"content":{"rendered":"<p>Rejoignez <strong>Kevin Qian<\/strong>, Champion international en massage sportif, pour une masterclass exclusive d\u2019une journ\u00e9e d\u00e9di\u00e9e \u00e0 l\u2019optimisation des performances par un travail cibl\u00e9 sur les hanches et les jambes.<\/p>\n<p>Kevin est reconnu \u00e0 l\u2019\u00e9chelle internationale pour ses Techniques d\u2019Efficacit\u00e9 Maximale (M.E.T.), d\u00e9velopp\u00e9es afin d\u2019obtenir des r\u00e9sultats puissants tout en r\u00e9duisant la fatigue du th\u00e9rapeute. Gr\u00e2ce \u00e0 son exp\u00e9rience \u00e9tendue aupr\u00e8s des athl\u00e8tes olympiques, des artistes du Cirque du Soleil et des \u00e9quipes sportives professionnelles \u00e0 travers le monde, Kevin est devenu une figure de confiance et un leader dans le domaine de la massoth\u00e9rapie sportive. <\/p>\n<p><strong>Faits saillants de carri\u00e8re :<\/strong><\/p>\n<ul>\n<li>1re place \u2013 Championnat canadien de massage sportif 2025<\/li>\n<li>2e place \u2013 Championnat am\u00e9ricain de massage sportif (Las Vegas, 2025)<\/li>\n<li>4e place \u2013 Championnat mondial de massage (Copenhague, 2025)<\/li>\n<li>Exp\u00e9rience aupr\u00e8s d\u2019artistes d\u2019\u00e9lite, d\u2019athl\u00e8tes professionnels et d\u2019olympiens<\/li>\n<li>Ma\u00eetrise en physioth\u00e9rapie, enseignant \u00e0 temps plein et concepteur de cours<\/li>\n<\/ul>\n<p><strong>What you will learnCe que vous apprendrez<\/strong><\/p>\n<p>Cet atelier intensif s\u2019adresse aux massoth\u00e9rapeutes qui souhaitent perfectionner leur pratique en massage sportif gr\u00e2ce \u00e0 des techniques efficaces et fond\u00e9es sur des donn\u00e9es probantes. L\u2019accent sera mis sur la performance et la r\u00e9cup\u00e9ration du bas du corps, en int\u00e9grant des m\u00e9thodes actives et passives, notamment : <\/p>\n<ul>\n<li>Techniques de rel\u00e2chement positionnel<\/li>\n<li>Travail myofascial actif<\/li>\n<li>Travail myofascial passif<\/li>\n<li>PNF et \u00e9tirements cibl\u00e9s<\/li>\n<\/ul>\n<p>&nbsp;<\/p>\n<p><strong>Muscles et r\u00e9gions abord\u00e9s<\/strong><\/p>\n<p>Les participants acquerront une exp\u00e9rience pratique en travaillant sur les principales structures des hanches et des jambes, notamment :<\/p>\n<ul>\n<li>Grand, moyen et petit fessier<\/li>\n<li>Rotateurs externes de la hanche (piriforme, jumeaux, obturateur, carr\u00e9 f\u00e9moral)<\/li>\n<li>Fl\u00e9chisseurs de la hanche (ilia-psoas, tenseur du fascia lata, sartorius, droit f\u00e9moral)<\/li>\n<li>Groupe des quadriceps<\/li>\n<li>Groupe des ischiojambiers<\/li>\n<li>Complexe du mollet (gastrocn\u00e9miens, sol\u00e9aire)<\/li>\n<li>Fascias et tissus conjonctifs de soutien<\/li>\n<\/ul>\n<p>Date : 14 juin 2026 de 10h \u00e0 17h<br \/>\nLieu : 2111 Northcliffe Ave, #11D, Montr\u00e9al, Qu\u00e9bec H4A 3K6<br \/>\nCr\u00e9dits : 15<br \/>\nPr\u00e9requis : massoth\u00e9rapeute, th\u00e9rapie corporelle ou pratique de yoga \/ somatique<\/p>\n","protected":false},"excerpt":{"rendered":"<p>Date : 14 juin 2026 de 10h \u00e0 17h<\/p>\n<p>Rejoignez le champion international de massage sportif <strong>Kevin Qian<\/strong> pour une masterclass d\u2019une journ\u00e9e \u00e0 Montr\u00e9al. Apprenez ses <strong>Techniques d\u2019Efficacit\u00e9 Maximale (T.E.M.)<\/strong> innovantes, con\u00e7ues pour obtenir des r\u00e9sultats puissants avec moins de tension pour le th\u00e9rapeute. Parfait pour les professionnels du massage souhaitant am\u00e9liorer leurs comp\u00e9tences en performance sportive, r\u00e9cup\u00e9ration et traitement du bas du corps.  <\/p>\n","protected":false},"featured_media":14022,"template":"","meta":{"_acf_changed":false},"product_brand":[],"product_cat":[169,439,479,95,97,441,431,287],"product_tag":[],"class_list":{"0":"post-13389","1":"product","2":"type-product","3":"status-publish","4":"has-post-thumbnail","6":"product_cat-atelier","7":"product_cat-bilingue","8":"product_cat-clinical-massage","9":"product_cat-cours","10":"product_cat-en-personne","11":"product_cat-francais","12":"product_cat-kevin-qian-fr","13":"product_cat-qe-ndg-fr","15":"first","16":"instock","17":"featured","18":"virtual","19":"purchasable","20":"product-type-simple"},"acf":[],"_links":{"self":[{"href":"https:\/\/setsuko.ca\/fr\/wp-json\/wp\/v2\/product\/13389","targetHints":{"allow":["GET"]}}],"collection":[{"href":"https:\/\/setsuko.ca\/fr\/wp-json\/wp\/v2\/product"}],"about":[{"href":"https:\/\/setsuko.ca\/fr\/wp-json\/wp\/v2\/types\/product"}],"wp:featuredmedia":[{"embeddable":true,"href":"https:\/\/setsuko.ca\/fr\/wp-json\/wp\/v2\/media\/14022"}],"wp:attachment":[{"href":"https:\/\/setsuko.ca\/fr\/wp-json\/wp\/v2\/media?parent=13389"}],"wp:term":[{"taxonomy":"product_brand","embeddable":true,"href":"https:\/\/setsuko.ca\/fr\/wp-json\/wp\/v2\/product_brand?post=13389"},{"taxonomy":"product_cat","embeddable":true,"href":"https:\/\/setsuko.ca\/fr\/wp-json\/wp\/v2\/product_cat?post=13389"},{"taxonomy":"product_tag","embeddable":true,"href":"https:\/\/setsuko.ca\/fr\/wp-json\/wp\/v2\/product_tag?post=13389"}],"curies":[{"name":"wp","href":"https:\/\/api.w.org\/{rel}","templated":true}]}}