{"id":13472,"date":"2025-10-16T08:06:45","date_gmt":"2025-10-16T12:06:45","guid":{"rendered":"https:\/\/setsuko.ca\/product\/shiatsu-1-meridian-theory-dorval\/"},"modified":"2026-03-16T16:33:49","modified_gmt":"2026-03-16T20:33:49","slug":"shiatsu-1-meridian-theory-dorval","status":"publish","type":"product","link":"https:\/\/setsuko.ca\/fr\/produit\/shiatsu-1-meridian-theory-dorval\/","title":{"rendered":"Shiatsu 1 : th\u00e9orie des m\u00e9ridiens (Dorval)"},"content":{"rendered":"<h2>Shiatsu 1 \u2013 M\u00e9ridiens<\/h2>\n<h3>Description du cours<\/h3>\n<p>Ce cours fondamental initie les \u00e9tudiants \u00e0 l\u2019art et \u00e0 la philosophie du Shiatsu selon l\u2019approche Masunaga, un style qui met l\u2019accent \u00e0 la fois sur la conscience \u00e9nerg\u00e9tique et sur l\u2019utilisation de l\u2019effet de levier du corps pour une application sans effort. Les \u00e9tudiants exploreront l\u2019histoire du Shiatsu, ses racines dans la m\u00e9decine traditionnelle chinoise et l\u2019\u00e9volution du syst\u00e8me Masunaga. <\/p>\n<p>Gr\u00e2ce \u00e0 une pratique guid\u00e9e et \u00e0 la th\u00e9orie, les \u00e9tudiants apprendront deux types de diagnostics \u00e9nerg\u00e9tiques et comment interpr\u00e9ter et \u00e9quilibrer ces sch\u00e9mas \u00e0 travers les trajets des m\u00e9ridiens. L\u2019accent est mis sur le d\u00e9veloppement de la m\u00e9canique corporelle, de l\u2019ancrage et de la sensibilit\u00e9 \u2014 les pierres angulaires d\u2019une pratique du Shiatsu efficace. <\/p>\n<p>\u00c0 la fin du cours, les \u00e9tudiants comprendront les principes de la circulation de l\u2019\u00e9nergie, gagneront en assurance pour localiser et travailler avec les douze m\u00e9ridiens principaux, et commenceront \u00e0 ressentir le lien profond entre le praticien et le receveur qui d\u00e9finit le Shiatsu.<\/p>\n<h3>R\u00e9sultats d&#8217;apprentissage<\/h3>\n<ul>\n<li>Comprendre les principes et l\u2019histoire du Shiatsu, avec un accent sur la lign\u00e9e Masunaga<\/li>\n<li>Appliquer un effet de levier et des mouvements corporels appropri\u00e9s pour une pratique durable<\/li>\n<li>Identifier et suivre les trajets des douze m\u00e9ridiens principaux<\/li>\n<li>R\u00e9aliser deux types de diagnostics \u00e9nerg\u00e9tiques et appliquer des techniques d\u2019\u00e9quilibrage<\/li>\n<li>Cultiver la pr\u00e9sence, la sensibilit\u00e9 et la conscience \u00e9nerg\u00e9tique par le toucher<\/li>\n<\/ul>\n<p data-start=\"192\" data-end=\"411\"><strong data-start=\"192\" data-end=\"214\">\u00c0 qui s&#8217;adresse cet atelier ? <\/strong>Cet atelier est id\u00e9al pour les massoth\u00e9rapeutes agr\u00e9\u00e9s, les professionnels du travail corporel et les praticiens de sant\u00e9 holistique qui souhaitent \u00e9largir leurs services et leurs connaissances dans le domaine des techniques th\u00e9rapeutiques uniques.<\/p>\n<p data-start=\"413\" data-end=\"791\"><strong data-start=\"413\" data-end=\"422\">Date :<\/strong> 23 mars \/ 6, 13, 20 avril \/ 4 mai 2026 de 10 h \u00e0 16 h<br data-start=\"476\" data-end=\"479\"><strong data-start=\"479\" data-end=\"492\">Lieu :<\/strong> 1564 Chemin Herron, Bureau 206, Dorval, QC H9S 1B7<br data-start=\"542\" data-end=\"545\"><strong data-start=\"545\" data-end=\"557\">Cr\u00e9dits :<\/strong> 190<br data-start=\"561\" data-end=\"564\"><strong data-start=\"564\" data-end=\"581\">Pr\u00e9requis :<\/strong> Ouvert \u00e0 toute personne souhaitant en apprendre davantage sur la m\u00e9decine traditionnelle chinoise (MTC), la th\u00e9orie des m\u00e9ridiens, ou d\u00e9sirant int\u00e9grer ces concepts dans des pratiques th\u00e9rapeutiques existantes.<br data-start=\"765\" data-end=\"768\"><strong data-start=\"768\" data-end=\"779\">Format :<\/strong> En personne<\/p>\n","protected":false},"excerpt":{"rendered":"<p data-start=\"145\" data-end=\"621\">D\u00e9couvrez les bases du Shiatsu selon l\u2019approche Masunaga, en int\u00e9grant la m\u00e9decine traditionnelle chinoise au toucher et au mouvement en pleine conscience. Apprenez \u00e0 \u00e9valuer et \u00e0 \u00e9quilibrer l\u2019\u00e9nergie \u00e0 travers les douze trajets des m\u00e9ridiens, en utilisant l\u2019effet de levier du corps et la sensibilit\u00e9 pour des soins efficaces, sans effort. Id\u00e9al pour les massoth\u00e9rapeutes, les praticiens du travail corporel et les praticiens holistiques souhaitant approfondir leur compr\u00e9hension de la circulation de l\u2019\u00e9nergie et de la th\u00e9orie des m\u00e9ridiens.  <\/p>\n","protected":false},"featured_media":14051,"template":"","meta":{"_acf_changed":false},"product_brand":[],"product_cat":[440,95,291,97,481,476,489,491],"product_tag":[],"class_list":{"0":"post-13472","1":"product","2":"type-product","3":"status-publish","4":"has-post-thumbnail","6":"product_cat-anglais","7":"product_cat-cours","8":"product_cat-dorval-west-island-fr","9":"product_cat-en-personne","10":"product_cat-holistic-therapies","11":"product_cat-jasper-monroe-blanchette","12":"product_cat-modalites-orientales","13":"product_cat-therapies-energetiques","15":"first","16":"outofstock","17":"virtual","18":"purchasable","19":"product-type-simple"},"acf":[],"_links":{"self":[{"href":"https:\/\/setsuko.ca\/fr\/wp-json\/wp\/v2\/product\/13472","targetHints":{"allow":["GET"]}}],"collection":[{"href":"https:\/\/setsuko.ca\/fr\/wp-json\/wp\/v2\/product"}],"about":[{"href":"https:\/\/setsuko.ca\/fr\/wp-json\/wp\/v2\/types\/product"}],"wp:featuredmedia":[{"embeddable":true,"href":"https:\/\/setsuko.ca\/fr\/wp-json\/wp\/v2\/media\/14051"}],"wp:attachment":[{"href":"https:\/\/setsuko.ca\/fr\/wp-json\/wp\/v2\/media?parent=13472"}],"wp:term":[{"taxonomy":"product_brand","embeddable":true,"href":"https:\/\/setsuko.ca\/fr\/wp-json\/wp\/v2\/product_brand?post=13472"},{"taxonomy":"product_cat","embeddable":true,"href":"https:\/\/setsuko.ca\/fr\/wp-json\/wp\/v2\/product_cat?post=13472"},{"taxonomy":"product_tag","embeddable":true,"href":"https:\/\/setsuko.ca\/fr\/wp-json\/wp\/v2\/product_tag?post=13472"}],"curies":[{"name":"wp","href":"https:\/\/api.w.org\/{rel}","templated":true}]}}