{"id":13476,"date":"2025-10-16T17:06:50","date_gmt":"2025-10-16T21:06:50","guid":{"rendered":"https:\/\/setsuko.ca\/?post_type=product&#038;p=13476"},"modified":"2026-02-02T10:33:29","modified_gmt":"2026-02-02T15:33:29","slug":"therapie-myofasciale-structurale-smft-niveau-1-connexion-avec-les-fascias-copy","status":"publish","type":"product","link":"https:\/\/setsuko.ca\/fr\/produit\/therapie-myofasciale-structurale-smft-niveau-1-connexion-avec-les-fascias-copy\/","title":{"rendered":"Th\u00e9rapie Myofasciale Structurale\u00ae (SMFT) Niveau 1 \u2013 Se connecter avec le fascia (NDG)"},"content":{"rendered":"<p>Commencez votre parcours dans la Th\u00e9rapie Myofasciale Strucutrale\u00ae avec cette introduction pratique et compl\u00e8te au travail bas\u00e9 sur les fascias. Ce cours enseigne les techniques fondamentales de la SMFT\u00ae et la pratique essentielle de la conscience somatique posturale (PSA). Vous apprendrez \u00e0 \u00e9valuer les mouvements et la posture, \u00e0 am\u00e9liorer la plasticit\u00e9 des tissus et \u00e0 appliquer des protocoles myofasciaux efficaces qui favorisent la sant\u00e9 structurelle de vos clients.  <\/p>\n<p>Vous apprendrez :<\/p>\n<ul>\n<li>Techniques myofasciales pour tout le corps<\/li>\n<li>CPS et lecture corporelle<\/li>\n<li>Anatomie et pathologies fasciales<\/li>\n<li>Man\u0153uvres parasympathiques et m\u00e9canique corporelle du th\u00e9rapeute<\/li>\n<\/ul>\n<p><strong>Date :<\/strong><\/p>\n<p>Dorval : du 21 au 23 f\u00e9vrier 2026<span style=\"font-weight: 400\"><br \/>\n<\/span> NDG : du 27 au 29 avril 2026<\/p>\n<p>Co\u00fbt : 950 $<br \/>\n<strong>Adresse : <\/strong>2111, avenue Northcliffe, bureau 11D, Montr\u00e9al (Qu\u00e9bec) H4A 3K6<br \/>\n<strong>Professeur<\/strong> : BetsyAnn Baron<br \/>\nPr\u00e9requis : au moins 1 an d&#8217;exp\u00e9rience professionnelle<\/p>\n<p>**Manuel d&#8217;atelier disponible en anglais et en fran\u00e7ais. Veuillez pr\u00e9ciser la langue souhait\u00e9e pour votre manuel. <\/p>\n","protected":false},"excerpt":{"rendered":"<p>Dans le dernier niveau de la s\u00e9rie SMFT\u00ae, vous explorerez les couches plus profondes des relations entre les fascias et les articulations, la respiration et la connectivit\u00e9 intercostale, les techniques avanc\u00e9es en position couch\u00e9e sur le c\u00f4t\u00e9, les approches intra-orales pour les probl\u00e8mes d&#8217;ATM et les techniques externes du plancher pelvien. Ce cours intensif s&#8217;adresse aux praticiens qui souhaitent am\u00e9liorer leur pratique et offrir des soins sp\u00e9cialis\u00e9s bas\u00e9s sur la connaissance des fascias. <\/p>\n","protected":false},"featured_media":14036,"template":"","meta":{"_acf_changed":false},"product_brand":[],"product_cat":[169,457,439,479,95,97,287],"product_tag":[458,342,453],"class_list":{"0":"post-13476","1":"product","2":"type-product","3":"status-publish","4":"has-post-thumbnail","6":"product_cat-atelier","7":"product_cat-betsyann-baron-fr","8":"product_cat-bilingue","9":"product_cat-clinical-massage","10":"product_cat-cours","11":"product_cat-en-personne","12":"product_cat-qe-ndg-fr","13":"product_tag-betsyann-byron-fr","14":"product_tag-myofascial-fr","15":"product_tag-structural-myofascial-therapy-fr","17":"first","18":"instock","19":"featured","20":"virtual","21":"purchasable","22":"product-type-simple"},"acf":[],"_links":{"self":[{"href":"https:\/\/setsuko.ca\/fr\/wp-json\/wp\/v2\/product\/13476","targetHints":{"allow":["GET"]}}],"collection":[{"href":"https:\/\/setsuko.ca\/fr\/wp-json\/wp\/v2\/product"}],"about":[{"href":"https:\/\/setsuko.ca\/fr\/wp-json\/wp\/v2\/types\/product"}],"wp:featuredmedia":[{"embeddable":true,"href":"https:\/\/setsuko.ca\/fr\/wp-json\/wp\/v2\/media\/14036"}],"wp:attachment":[{"href":"https:\/\/setsuko.ca\/fr\/wp-json\/wp\/v2\/media?parent=13476"}],"wp:term":[{"taxonomy":"product_brand","embeddable":true,"href":"https:\/\/setsuko.ca\/fr\/wp-json\/wp\/v2\/product_brand?post=13476"},{"taxonomy":"product_cat","embeddable":true,"href":"https:\/\/setsuko.ca\/fr\/wp-json\/wp\/v2\/product_cat?post=13476"},{"taxonomy":"product_tag","embeddable":true,"href":"https:\/\/setsuko.ca\/fr\/wp-json\/wp\/v2\/product_tag?post=13476"}],"curies":[{"name":"wp","href":"https:\/\/api.w.org\/{rel}","templated":true}]}}