{"id":13558,"date":"2025-05-01T14:49:32","date_gmt":"2025-05-01T18:49:32","guid":{"rendered":"https:\/\/setsuko.ca\/product\/certification-cst-foundations-i\/"},"modified":"2025-12-27T06:04:34","modified_gmt":"2025-12-27T11:04:34","slug":"certification-cst-foundations-i","status":"publish","type":"product","link":"https:\/\/setsuko.ca\/fr\/produit\/certification-cst-foundations-i\/","title":{"rendered":"Certification CST Foundations I"},"content":{"rendered":"<h3>Pr\u00e9-requis<\/h3>\n<ul>\n<li>400 heures minimum (massoth\u00e9rapie ou travail corporel)<\/li>\n<li>Anatomie (45 heures)<\/li>\n<li>Physiologie (45 heures)<\/li>\n<li>Sexologie, relations d&#8217;aide, \u00e9thique professionnelle<\/li>\n<\/ul>\n<h3>Le programme de certification des techniques de base permet<\/h3>\n<ul>\n<li>Une orientation et une formation plus approfondies sur la modalit\u00e9.<\/li>\n<li>Mentorat par des instructeurs et des praticiens comp\u00e9tents.<\/li>\n<li>Renforcez la confiance dans vos techniques.<\/li>\n<li>Gagnez en confiance pour travailler en toute s\u00e9curit\u00e9 et de mani\u00e8re plus efficace avec vos clients.<\/li>\n<li>Approfondir votre connaissance et votre compr\u00e9hension du syst\u00e8me et des techniques craniosacrales.<\/li>\n<li>Un retour d&#8217;information pr\u00e9cieux pour gagner en clart\u00e9 et en pr\u00e9cision<\/li>\n<\/ul>\n<p>&nbsp;<\/p>\n<p>**Les \u00e9tudiants disposent d&#8217;un an pour obtenir la certification. Au bout d&#8217;un an, ils devront suivre les cours Craniosacral niveaux 1 et 2 \u00e0 un traif r\u00e9duit. Des frais administratifs de 150 $ seront factur\u00e9s pour la prolongation.  <\/p>\n","protected":false},"excerpt":{"rendered":"<p>Le premier niveau de la certification craniosacrale \u2013 Fondations I. Pour les travailleurs du corps qualifi\u00e9s uniquement. Voir les conditions pr\u00e9alables.  <\/p>\n","protected":false},"featured_media":14026,"template":"","meta":{"_acf_changed":false},"product_brand":[],"product_cat":[440,479,291,97,158,143],"product_tag":[],"class_list":{"0":"post-13558","1":"product","2":"type-product","3":"status-publish","4":"has-post-thumbnail","6":"product_cat-anglais","7":"product_cat-clinical-massage","8":"product_cat-dorval-west-island-fr","9":"product_cat-en-personne","10":"product_cat-hybrid-fr","11":"product_cat-tony-eng-fr","13":"first","14":"instock","15":"virtual","16":"purchasable","17":"product-type-simple"},"acf":[],"_links":{"self":[{"href":"https:\/\/setsuko.ca\/fr\/wp-json\/wp\/v2\/product\/13558","targetHints":{"allow":["GET"]}}],"collection":[{"href":"https:\/\/setsuko.ca\/fr\/wp-json\/wp\/v2\/product"}],"about":[{"href":"https:\/\/setsuko.ca\/fr\/wp-json\/wp\/v2\/types\/product"}],"wp:featuredmedia":[{"embeddable":true,"href":"https:\/\/setsuko.ca\/fr\/wp-json\/wp\/v2\/media\/14026"}],"wp:attachment":[{"href":"https:\/\/setsuko.ca\/fr\/wp-json\/wp\/v2\/media?parent=13558"}],"wp:term":[{"taxonomy":"product_brand","embeddable":true,"href":"https:\/\/setsuko.ca\/fr\/wp-json\/wp\/v2\/product_brand?post=13558"},{"taxonomy":"product_cat","embeddable":true,"href":"https:\/\/setsuko.ca\/fr\/wp-json\/wp\/v2\/product_cat?post=13558"},{"taxonomy":"product_tag","embeddable":true,"href":"https:\/\/setsuko.ca\/fr\/wp-json\/wp\/v2\/product_tag?post=13558"}],"curies":[{"name":"wp","href":"https:\/\/api.w.org\/{rel}","templated":true}]}}