{"id":13575,"date":"2025-11-26T10:21:19","date_gmt":"2025-11-26T15:21:19","guid":{"rendered":"https:\/\/setsuko.ca\/product\/qi-gong-cultiver-lenergie-et-la-presence-dorval\/"},"modified":"2025-12-21T23:43:04","modified_gmt":"2025-12-22T04:43:04","slug":"qi-gong-cultiver-lenergie-et-la-presence-dorval","status":"publish","type":"product","link":"https:\/\/setsuko.ca\/fr\/produit\/qi-gong-cultiver-lenergie-et-la-presence-dorval\/","title":{"rendered":"Qigong : Cultiver l&#8217;\u00e9nergie et la pr\u00e9sence | Les dimanches \u00e0 9 h (Dorval)"},"content":{"rendered":"<p data-start=\"877\" data-end=\"1105\">Rejoignez-nous pour une s\u00e9rie immersive de qigong avec Jasper Monroe-Blanchette \u2014 une pratique douce, ancr\u00e9e et \u00e9nergisante con\u00e7ue pour harmoniser le corps, l&#8217;esprit et la respiration. Id\u00e9al pour les massoth\u00e9rapeutes et les praticiens du travail corporel, et ouvert \u00e0 tous. <\/p>\n<p data-start=\"1107\" data-end=\"1398\">Chaque s\u00e9ance explore les mouvements traditionnels du qigong, les techniques de respiration et la conscience m\u00e9ditative \u00e0 travers le prisme des cinq \u00e9l\u00e9ments et des m\u00e9ridiens. Les participants apprendront \u00e0 \u00e9veiller leur qi (\u00e9nergie vitale), \u00e0 favoriser une bonne circulation sanguine et \u00e0 approfondir leur connexion avec la sagesse int\u00e9rieure de leur corps. <\/p>\n<p data-start=\"1400\" data-end=\"1627\">Guid\u00e9es par l&#8217;approche p\u00e9dagogique claire et somatique de Jasper, les classes allient mouvements conscients, visualisation et philosophie afin de cultiver la pr\u00e9sence, la r\u00e9silience et la s\u00e9r\u00e9nit\u00e9, vous laissant ainsi centr\u00e9, revitalis\u00e9 et profond\u00e9ment ancr\u00e9.<\/p>\n<p data-start=\"1629\" data-end=\"1658\">Aucune exp\u00e9rience pr\u00e9alable requise.<\/p>\n<p><strong>D\u00e9tails du cours :<\/strong><\/p>\n<p><strong>S\u00e9rie :<\/strong> Qi Gong \u2013 Cultiver l\u2019\u00c9nergie et la Pr\u00e9sence<br \/>\n<strong>Enseignant : <\/strong>Jasper Monroe-Blanchette<br \/>\n<strong>Adresse : <\/strong>1564, chemin Herron, bureau 208, Dorval, H9S 1C5<br \/>\n<strong>Horaire : <\/strong>dimanches | 9 h \u2013 10 h<br \/>\n<strong>Frais d&#8217;inscription : <\/strong>20 $ par cours | Pr\u00e9inscription ou inscription sur place<\/p>\n<p>&nbsp;<\/p>\n","protected":false},"excerpt":{"rendered":"<p>Rejoignez Jasper Monroe-Blanchette pour un cours de qigong doux, ancr\u00e9 et \u00e9nergisant, con\u00e7u pour harmoniser le corps, l&#8217;esprit et la respiration. Id\u00e9al pour les massoth\u00e9rapeutes et les praticiens du travail corporel, et ouvert \u00e0 tous. <\/p>\n","protected":false},"featured_media":14055,"template":"","meta":{"_acf_changed":false},"product_brand":[],"product_cat":[439,291,97,481,490,476,489,491],"product_tag":[],"class_list":{"0":"post-13575","1":"product","2":"type-product","3":"status-publish","4":"has-post-thumbnail","6":"product_cat-bilingue","7":"product_cat-dorval-west-island-fr","8":"product_cat-en-personne","9":"product_cat-holistic-therapies","10":"product_cat-interet-general","11":"product_cat-jasper-monroe-blanchette","12":"product_cat-modalites-orientales","13":"product_cat-therapies-energetiques","15":"first","16":"instock","17":"virtual","18":"purchasable","19":"product-type-simple"},"acf":[],"_links":{"self":[{"href":"https:\/\/setsuko.ca\/fr\/wp-json\/wp\/v2\/product\/13575","targetHints":{"allow":["GET"]}}],"collection":[{"href":"https:\/\/setsuko.ca\/fr\/wp-json\/wp\/v2\/product"}],"about":[{"href":"https:\/\/setsuko.ca\/fr\/wp-json\/wp\/v2\/types\/product"}],"wp:featuredmedia":[{"embeddable":true,"href":"https:\/\/setsuko.ca\/fr\/wp-json\/wp\/v2\/media\/14055"}],"wp:attachment":[{"href":"https:\/\/setsuko.ca\/fr\/wp-json\/wp\/v2\/media?parent=13575"}],"wp:term":[{"taxonomy":"product_brand","embeddable":true,"href":"https:\/\/setsuko.ca\/fr\/wp-json\/wp\/v2\/product_brand?post=13575"},{"taxonomy":"product_cat","embeddable":true,"href":"https:\/\/setsuko.ca\/fr\/wp-json\/wp\/v2\/product_cat?post=13575"},{"taxonomy":"product_tag","embeddable":true,"href":"https:\/\/setsuko.ca\/fr\/wp-json\/wp\/v2\/product_tag?post=13575"}],"curies":[{"name":"wp","href":"https:\/\/api.w.org\/{rel}","templated":true}]}}