{"id":13612,"date":"2025-11-26T01:44:38","date_gmt":"2025-11-26T06:44:38","guid":{"rendered":"https:\/\/setsuko.ca\/?post_type=product&#038;p=13612"},"modified":"2025-12-27T06:10:16","modified_gmt":"2025-12-27T11:10:16","slug":"serie-cible-formation-avancee-pour-les-massotherapeutes-dorval-copy","status":"publish","type":"product","link":"https:\/\/setsuko.ca\/fr\/produit\/serie-cible-formation-avancee-pour-les-massotherapeutes-dorval-copy\/","title":{"rendered":"S\u00e9rie Target \u2013 Formation avanc\u00e9e pour massoth\u00e9rapeutes \u2013 NDG"},"content":{"rendered":"<p>Am\u00e9liorez vos pratiques en massoth\u00e9rapie gr\u00e2ce \u00e0 nos ateliers de formation avanc\u00e9e Target Series, m\u00e9ticuleusement con\u00e7us pour approfondir votre expertise et am\u00e9liorer les soins prodigu\u00e9s \u00e0 vos clients. Ces ateliers en pr\u00e9sentiel offrent une formation pratique sur des techniques sp\u00e9cialis\u00e9es adapt\u00e9es aux massoth\u00e9rapeutes qui souhaitent \u00e9largir leurs comp\u00e9tences. <\/p>\n<p>Lib\u00e9rez le pouvoir des techniques d&#8217;\u00e9nergie musculaire en participant \u00e0 notre atelier d&#8217;introduction, suivi de sessions cibl\u00e9es sur la lib\u00e9ration du cou, l&#8217;articulation temporo-mandibulaire, la colonne vert\u00e9brale, la coiffe des rotateurs, l&#8217;entretien de l&#8217;avant-bras et du poignet, l&#8217;articulation sacro-iliaque, le bassin et les hanches, ainsi que la r\u00e9\u00e9ducation du genou et de la cheville. Chaque atelier propose une journ\u00e9e compl\u00e8te d&#8217;apprentissage immersif, vous permettant de ma\u00eetriser de nouvelles techniques et d&#8217;affiner votre approche du massage th\u00e9rapeutique. <\/p>\n<p>Que vous soyez un praticien chevronn\u00e9 cherchant \u00e0 perfectionner vos comp\u00e9tences ou un nouveau th\u00e9rapeute d\u00e9sireux d&#8217;\u00e9largir votre r\u00e9pertoire, nos ateliers de formation avanc\u00e9e Target Series vous offrent l&#8217;occasion id\u00e9ale d&#8217;\u00e9lever votre pratique vers de nouveaux sommets. Joignez-vous \u00e0 nous pour explorer en profondeur l&#8217;art et la science de la massoth\u00e9rapie, une technique cibl\u00e9e \u00e0 la fois. <\/p>\n","protected":false},"excerpt":{"rendered":"<p>Am\u00e9liorez vos comp\u00e9tences en massoth\u00e9rapie gr\u00e2ce \u00e0 nos ateliers de formation avanc\u00e9e de la s\u00e9rie Target. Ces sessions pratiques en pr\u00e9sentiel sont con\u00e7ues pour am\u00e9liorer votre expertise et la prise en charge de vos clients. <\/p>\n<p>Ma\u00eetrisez les techniques d&#8217;\u00e9nergie musculaire gr\u00e2ce \u00e0 notre atelier d&#8217;introduction, suivi de sessions sp\u00e9cialis\u00e9es sur la lib\u00e9ration du cou, l&#8217;articulation temporo-mandibulaire, la colonne vert\u00e9brale, la coiffe des rotateurs, l&#8217;entretien de l&#8217;avant-bras et du poignet, l&#8217;articulation sacro-iliaque, le bassin et les hanches, ainsi que la r\u00e9\u00e9ducation du genou et de la cheville.<\/p>\n<p>Que vous soyez un th\u00e9rapeute exp\u00e9riment\u00e9 souhaitant perfectionner vos comp\u00e9tences ou un novice d\u00e9sireux d&#8217;\u00e9largir votre palette d&#8217;outils, ces ateliers vous offrent l&#8217;occasion id\u00e9ale de faire passer votre pratique au niveau sup\u00e9rieur.<\/p>\n","protected":false},"featured_media":13880,"template":"","meta":{"_acf_changed":false},"product_brand":[],"product_cat":[169,479,95,291,97,445,289],"product_tag":[],"class_list":{"0":"post-13612","1":"product","2":"type-product","3":"status-publish","4":"has-post-thumbnail","6":"product_cat-atelier","7":"product_cat-clinical-massage","8":"product_cat-cours","9":"product_cat-dorval-west-island-fr","10":"product_cat-en-personne","11":"product_cat-jennifer-linarez-fr","12":"product_cat-lieu","14":"first","15":"instock","16":"sale","17":"virtual","18":"purchasable","19":"product-type-simple"},"acf":[],"_links":{"self":[{"href":"https:\/\/setsuko.ca\/fr\/wp-json\/wp\/v2\/product\/13612","targetHints":{"allow":["GET"]}}],"collection":[{"href":"https:\/\/setsuko.ca\/fr\/wp-json\/wp\/v2\/product"}],"about":[{"href":"https:\/\/setsuko.ca\/fr\/wp-json\/wp\/v2\/types\/product"}],"wp:featuredmedia":[{"embeddable":true,"href":"https:\/\/setsuko.ca\/fr\/wp-json\/wp\/v2\/media\/13880"}],"wp:attachment":[{"href":"https:\/\/setsuko.ca\/fr\/wp-json\/wp\/v2\/media?parent=13612"}],"wp:term":[{"taxonomy":"product_brand","embeddable":true,"href":"https:\/\/setsuko.ca\/fr\/wp-json\/wp\/v2\/product_brand?post=13612"},{"taxonomy":"product_cat","embeddable":true,"href":"https:\/\/setsuko.ca\/fr\/wp-json\/wp\/v2\/product_cat?post=13612"},{"taxonomy":"product_tag","embeddable":true,"href":"https:\/\/setsuko.ca\/fr\/wp-json\/wp\/v2\/product_tag?post=13612"}],"curies":[{"name":"wp","href":"https:\/\/api.w.org\/{rel}","templated":true}]}}