{"id":14108,"date":"2024-12-04T12:13:26","date_gmt":"2024-12-04T17:13:26","guid":{"rendered":"https:\/\/setsuko.ca\/?post_type=product&#038;p=14108"},"modified":"2026-01-02T13:44:58","modified_gmt":"2026-01-02T18:44:58","slug":"techniques-denergie-musculaire-copy","status":"publish","type":"product","link":"https:\/\/setsuko.ca\/fr\/produit\/techniques-denergie-musculaire-copy\/","title":{"rendered":"Atelier de Techniques d\u2019\u00c9nergie Musculaire \u2013 NDG"},"content":{"rendered":"<p>Techniques d&#8217;\u00e9nergie musculaire : La technique de l&#8217;\u00e9nergie musculaire (MET) est un moyen doux de traiter les restrictions musculaires et articulaires. Elle utilise les contractions musculaires du client avec des conseils et un positionnement sp\u00e9cifiques de la part du th\u00e9rapeute. Il s&#8217;agit d&#8217;une modalit\u00e9 id\u00e9ale pour lib\u00e9rer les tissus avec un minimum d&#8217;effort. <\/p>\n<p>&nbsp;<\/p>\n","protected":false},"excerpt":{"rendered":"<p>Techniques d&#8217;\u00e9nergie musculaire : La technique de l&#8217;\u00e9nergie musculaire (MET) est un moyen doux de traiter les restrictions musculaires et articulaires. Elle utilise les contractions musculaires du client avec des conseils et un positionnement sp\u00e9cifiques de la part du th\u00e9rapeute. Il s&#8217;agit d&#8217;une modalit\u00e9 id\u00e9ale pour lib\u00e9rer les tissus avec un minimum d&#8217;effort. <\/p>\n<p>&nbsp;<\/p>\n","protected":false},"featured_media":13886,"template":"","meta":{"_acf_changed":false},"product_brand":[],"product_cat":[97,440,169,479,445,287],"product_tag":[308],"class_list":{"0":"post-14108","1":"product","2":"type-product","3":"status-publish","4":"has-post-thumbnail","6":"product_cat-en-personne","7":"product_cat-anglais","8":"product_cat-atelier","9":"product_cat-clinical-massage","10":"product_cat-jennifer-linarez-fr","11":"product_cat-qe-ndg-fr","12":"product_tag-techniques-denergie-musculaire","14":"first","15":"outofstock","16":"virtual","17":"purchasable","18":"product-type-simple"},"acf":[],"_links":{"self":[{"href":"https:\/\/setsuko.ca\/fr\/wp-json\/wp\/v2\/product\/14108","targetHints":{"allow":["GET"]}}],"collection":[{"href":"https:\/\/setsuko.ca\/fr\/wp-json\/wp\/v2\/product"}],"about":[{"href":"https:\/\/setsuko.ca\/fr\/wp-json\/wp\/v2\/types\/product"}],"wp:featuredmedia":[{"embeddable":true,"href":"https:\/\/setsuko.ca\/fr\/wp-json\/wp\/v2\/media\/13886"}],"wp:attachment":[{"href":"https:\/\/setsuko.ca\/fr\/wp-json\/wp\/v2\/media?parent=14108"}],"wp:term":[{"taxonomy":"product_brand","embeddable":true,"href":"https:\/\/setsuko.ca\/fr\/wp-json\/wp\/v2\/product_brand?post=14108"},{"taxonomy":"product_cat","embeddable":true,"href":"https:\/\/setsuko.ca\/fr\/wp-json\/wp\/v2\/product_cat?post=14108"},{"taxonomy":"product_tag","embeddable":true,"href":"https:\/\/setsuko.ca\/fr\/wp-json\/wp\/v2\/product_tag?post=14108"}],"curies":[{"name":"wp","href":"https:\/\/api.w.org\/{rel}","templated":true}]}}