{"id":14190,"date":"2025-12-25T11:23:47","date_gmt":"2025-12-25T16:23:47","guid":{"rendered":"https:\/\/setsuko.ca\/?post_type=product&#038;p=14190"},"modified":"2026-02-10T14:50:13","modified_gmt":"2026-02-10T19:50:13","slug":"liberation-du-cou-serie-ciblee-ndg-copy","status":"publish","type":"product","link":"https:\/\/setsuko.ca\/fr\/produit\/liberation-du-cou-serie-ciblee-ndg-copy\/","title":{"rendered":"Colonne vert\u00e9brale et thorax \u2013 S\u00e9rie cibl\u00e9e \u2013 NDG"},"content":{"rendered":"<p>Cet atelier d\u2019une journ\u00e9e compl\u00e8te est con\u00e7u pour vous aider \u00e0 travailler plus ais\u00e9ment et avec plus de confiance sur la colonne vert\u00e9brale, les c\u00f4tes et toute la musculature environnante. Vous apprendrez des techniques pratiques et manuelles pour diminuer la raideur, am\u00e9liorer la mobilit\u00e9 et soutenir une meilleure m\u00e9canique respiratoire. <\/p>\n<p>Nous d\u00e9composerons tout de fa\u00e7on simple et claire afin que vous puissiez comprendre comment \u00e9valuer les sch\u00e9mas de tension, appliquer des techniques de rel\u00e2chement s\u00e9curitaires et efficaces, et adapter votre approche selon les besoins de chaque client.<br \/>\nSi vous souhaitez obtenir de meilleurs r\u00e9sultats pour les douleurs dorsales, les restrictions au niveau des c\u00f4tes, la fatigue posturale ou les tensions g\u00e9n\u00e9rales du haut du corps, cet atelier vous offrira les outils n\u00e9cessaires \u2014 simples, efficaces et pr\u00eats \u00e0 \u00eatre utilis\u00e9s dans votre pratique d\u00e8s le lendemain.<\/p>\n","protected":false},"excerpt":{"rendered":"<p>Apprenez des techniques pratiques et manuelles pour lib\u00e9rer les tensions, am\u00e9liorer la mobilit\u00e9 et soutenir une meilleure respiration en travaillant directement avec la colonne vert\u00e9brale, les c\u00f4tes et les tissus environnants.<\/p>\n","protected":false},"featured_media":14192,"template":"","meta":{"_acf_changed":false},"product_brand":[],"product_cat":[169,479,97,168,287],"product_tag":[335,336],"class_list":{"0":"post-14190","1":"product","2":"type-product","3":"status-publish","4":"has-post-thumbnail","6":"product_cat-atelier","7":"product_cat-clinical-massage","8":"product_cat-en-personne","9":"product_cat-jenni-lee-fr","10":"product_cat-qe-ndg-fr","11":"product_tag-advanced-massage-fr","12":"product_tag-neck-release-fr","14":"first","15":"outofstock","16":"virtual","17":"purchasable","18":"product-type-simple"},"acf":[],"_links":{"self":[{"href":"https:\/\/setsuko.ca\/fr\/wp-json\/wp\/v2\/product\/14190","targetHints":{"allow":["GET"]}}],"collection":[{"href":"https:\/\/setsuko.ca\/fr\/wp-json\/wp\/v2\/product"}],"about":[{"href":"https:\/\/setsuko.ca\/fr\/wp-json\/wp\/v2\/types\/product"}],"wp:featuredmedia":[{"embeddable":true,"href":"https:\/\/setsuko.ca\/fr\/wp-json\/wp\/v2\/media\/14192"}],"wp:attachment":[{"href":"https:\/\/setsuko.ca\/fr\/wp-json\/wp\/v2\/media?parent=14190"}],"wp:term":[{"taxonomy":"product_brand","embeddable":true,"href":"https:\/\/setsuko.ca\/fr\/wp-json\/wp\/v2\/product_brand?post=14190"},{"taxonomy":"product_cat","embeddable":true,"href":"https:\/\/setsuko.ca\/fr\/wp-json\/wp\/v2\/product_cat?post=14190"},{"taxonomy":"product_tag","embeddable":true,"href":"https:\/\/setsuko.ca\/fr\/wp-json\/wp\/v2\/product_tag?post=14190"}],"curies":[{"name":"wp","href":"https:\/\/api.w.org\/{rel}","templated":true}]}}