{"id":14383,"date":"2025-12-15T09:06:36","date_gmt":"2025-12-15T14:06:36","guid":{"rendered":"https:\/\/setsuko.ca\/product\/certificat-en-massage-sportif-ndg\/"},"modified":"2025-12-22T07:41:51","modified_gmt":"2025-12-22T12:41:51","slug":"certificat-en-massage-sportif-ndg","status":"publish","type":"product","link":"https:\/\/setsuko.ca\/fr\/produit\/certificat-en-massage-sportif-ndg\/","title":{"rendered":"Certificat en massage sportif (NDG)"},"content":{"rendered":"<p>Le certificat en massage sportif est un programme de formation pratique con\u00e7u pour vous aider \u00e0 comprendre le fonctionnement du corps d&#8217;un athl\u00e8te et comment le maintenir au meilleur de sa forme. Vous apprendrez comment les muscles bougent, pourquoi les blessures surviennent et ce que les th\u00e9rapeutes peuvent faire pour pr\u00e9venir et traiter les probl\u00e8mes courants li\u00e9s au sport. Tout est enseign\u00e9 \u00e9tape par \u00e9tape, de mani\u00e8re claire, pratique et facile \u00e0 suivre.  <\/p>\n<p>Le programme commence par des techniques de base telles que le travail des tissus profonds et le rel\u00e2chement myofascial, puis passe \u00e0 des modules sp\u00e9cialis\u00e9s dans l&#8217;entra\u00eenement sportif o\u00f9 vous apprendrez \u00e0 \u00e9valuer la posture, les mouvements et les d\u00e9s\u00e9quilibres musculaires. Vous mettrez en pratique des techniques r\u00e9elles utilis\u00e9es par les th\u00e9rapeutes sportifs, telles que le massage pr\u00e9ventif des blessures, le travail de r\u00e9cup\u00e9ration apr\u00e8s l&#8217;effort, les routines d&#8217;entretien cibl\u00e9es et les \u00e9tirements et mobilisations avanc\u00e9s. <\/p>\n<p>Vous participerez \u00e9galement \u00e0 des ateliers sp\u00e9cialis\u00e9s tels que la s\u00e9rie Target, le cupping myofascial et les techniques d&#8217;\u00e9nergie musculaire (MET), qui vous aideront \u00e0 acqu\u00e9rir des comp\u00e9tences solides dans un domaine \u00e0 la fois. Les stages cliniques supervis\u00e9s vous permettront d&#8217;acqu\u00e9rir une exp\u00e9rience concr\u00e8te afin de renforcer votre confiance et d&#8217;apprendre \u00e0 travailler en toute s\u00e9curit\u00e9 avec vos clients. <\/p>\n<p>\u00c0 la fin du certificat, vous saurez comment :<\/p>\n<ul>\n<li>Soutenez les athl\u00e8tes avant et apr\u00e8s l&#8217;entra\u00eenement<\/li>\n<li>Travailler avec des blessures telles que des foulures, des entorses et des mouvements limit\u00e9s<\/li>\n<li>Am\u00e9liorer la mobilit\u00e9 et la flexibilit\u00e9<\/li>\n<li>R\u00e9duire la douleur et la tension<\/li>\n<li>Aidez vos clients \u00e0 se r\u00e9tablir plus rapidement et \u00e0 pr\u00e9venir de futures blessures.<\/li>\n<li>\u00c9laborez des plans de traitement adapt\u00e9s aux besoins de chaque personne.<\/li>\n<\/ul>\n<p>Ce programme est id\u00e9al pour les massoth\u00e9rapeutes qui souhaitent se sp\u00e9cialiser, perfectionner leurs comp\u00e9tences ou travailler avec des clients actifs et des \u00e9quipes sportives.<\/p>\n","protected":false},"excerpt":{"rendered":"<p>Le certificat en massage sportif vous apprend \u00e0 \u00e9valuer les mouvements, \u00e0 comprendre les blessures et \u00e0 utiliser des techniques de massage cibl\u00e9es pour aider les athl\u00e8tes \u00e0 r\u00e9cup\u00e9rer, \u00e0 am\u00e9liorer leurs performances et \u00e0 rester en bonne sant\u00e9. Gr\u00e2ce \u00e0 des cours pratiques, des stages supervis\u00e9s et des ateliers sp\u00e9cialis\u00e9s, vous acquerrez les comp\u00e9tences pratiques n\u00e9cessaires pour accompagner en toute confiance des clients actifs et d\u00e9velopper une pratique solide et sp\u00e9cialis\u00e9e. <\/p>\n","protected":false},"featured_media":1592,"template":"","meta":{"_acf_changed":false},"product_brand":[],"product_cat":[440,94,168,445,431,137,465],"product_tag":[],"class_list":{"0":"post-14383","1":"product","2":"type-product","3":"status-publish","4":"has-post-thumbnail","6":"product_cat-anglais","7":"product_cat-certificats","8":"product_cat-jenni-lee-fr","9":"product_cat-jennifer-linarez-fr","10":"product_cat-kevin-qian-fr","11":"product_cat-michelle-beckles-fr","12":"product_cat-zeineb-erradi-fr","14":"first","15":"instock","16":"virtual","17":"purchasable","18":"product-type-simple"},"acf":[],"_links":{"self":[{"href":"https:\/\/setsuko.ca\/fr\/wp-json\/wp\/v2\/product\/14383","targetHints":{"allow":["GET"]}}],"collection":[{"href":"https:\/\/setsuko.ca\/fr\/wp-json\/wp\/v2\/product"}],"about":[{"href":"https:\/\/setsuko.ca\/fr\/wp-json\/wp\/v2\/types\/product"}],"wp:featuredmedia":[{"embeddable":true,"href":"https:\/\/setsuko.ca\/fr\/wp-json\/wp\/v2\/media\/1592"}],"wp:attachment":[{"href":"https:\/\/setsuko.ca\/fr\/wp-json\/wp\/v2\/media?parent=14383"}],"wp:term":[{"taxonomy":"product_brand","embeddable":true,"href":"https:\/\/setsuko.ca\/fr\/wp-json\/wp\/v2\/product_brand?post=14383"},{"taxonomy":"product_cat","embeddable":true,"href":"https:\/\/setsuko.ca\/fr\/wp-json\/wp\/v2\/product_cat?post=14383"},{"taxonomy":"product_tag","embeddable":true,"href":"https:\/\/setsuko.ca\/fr\/wp-json\/wp\/v2\/product_tag?post=14383"}],"curies":[{"name":"wp","href":"https:\/\/api.w.org\/{rel}","templated":true}]}}