{"id":14410,"date":"2025-12-26T19:19:41","date_gmt":"2025-12-27T00:19:41","guid":{"rendered":"https:\/\/setsuko.ca\/?post_type=product&#038;p=14410"},"modified":"2025-12-20T19:38:56","modified_gmt":"2025-12-21T00:38:56","slug":"ventouses-myofasciales-copy","status":"publish","type":"product","link":"https:\/\/setsuko.ca\/fr\/produit\/ventouses-myofasciales-copy\/","title":{"rendered":"Ventouses myofasciales \u2013 NDG"},"content":{"rendered":"<p>Ce type de massage cible les structures situ\u00e9es bien en dessous du fascia superficiel afin de soulager les probl\u00e8mes musculaires chroniques ou les blessures en brisant les adh\u00e9rences et en r\u00e9alignant les couches profondes des muscles et du tissu conjonctif. Gr\u00e2ce \u00e0 l&#8217;utilisation de ventouses en silicone pour le glissement et aux techniques manuelles, les participants exploreront le monde fascinant du fascia et d\u00e9couvriront comment l&#8217;int\u00e9grer \u00e0 une s\u00e9ance de massage du corps entier. <\/p>\n<p>Pr\u00e9requis : Certificat de su\u00e9dois de 400 heures<\/p>\n<p>Date : du 27 janvier 2026 au 17 f\u00e9vrier 2026, de 9h \u00e0 16h.<\/p>\n<p>Lieu : 2111 Northcliffe Ave, #11D, Montr\u00e9al, Qu\u00e9bec H4A 3K6<\/p>\n<p>Mat\u00e9riel n\u00e9cessaire : Kit de ventouses en silicone pour massage (disponible \u00e0 l&#8217;achat pour 75 $ ou chez Lierre)<\/p>\n<p>Cr\u00e9dit : 45<\/p>\n","protected":false},"excerpt":{"rendered":"<p>Ce type de massage cible les structures situ\u00e9es bien en dessous du fascia superficiel afin de soulager les probl\u00e8mes musculaires chroniques ou les blessures en d\u00e9composant les adh\u00e9rences et en r\u00e9alignant les couches profondes des muscles et du tissu conjonctif. Gr\u00e2ce \u00e0 diverses techniques de ventouses et d&#8217;applications manuelles, les \u00e9tudiants exploreront le monde fascinant du fascia et son application concr\u00e8te lors d&#8217;une s\u00e9ance de massage corporel complet, combinant des techniques de lib\u00e9ration des tissus profonds et structurelles pour corriger les sch\u00e9mas de tension chroniques. <\/p>\n","protected":false},"featured_media":13956,"template":"","meta":{"_acf_changed":false},"product_brand":[],"product_cat":[169,439,94,95,97,137,287],"product_tag":[],"class_list":{"0":"post-14410","1":"product","2":"type-product","3":"status-publish","4":"has-post-thumbnail","6":"product_cat-atelier","7":"product_cat-bilingue","8":"product_cat-certificats","9":"product_cat-cours","10":"product_cat-en-personne","11":"product_cat-michelle-beckles-fr","12":"product_cat-qe-ndg-fr","14":"first","15":"instock","16":"virtual","17":"purchasable","18":"product-type-simple"},"acf":[],"_links":{"self":[{"href":"https:\/\/setsuko.ca\/fr\/wp-json\/wp\/v2\/product\/14410","targetHints":{"allow":["GET"]}}],"collection":[{"href":"https:\/\/setsuko.ca\/fr\/wp-json\/wp\/v2\/product"}],"about":[{"href":"https:\/\/setsuko.ca\/fr\/wp-json\/wp\/v2\/types\/product"}],"wp:featuredmedia":[{"embeddable":true,"href":"https:\/\/setsuko.ca\/fr\/wp-json\/wp\/v2\/media\/13956"}],"wp:attachment":[{"href":"https:\/\/setsuko.ca\/fr\/wp-json\/wp\/v2\/media?parent=14410"}],"wp:term":[{"taxonomy":"product_brand","embeddable":true,"href":"https:\/\/setsuko.ca\/fr\/wp-json\/wp\/v2\/product_brand?post=14410"},{"taxonomy":"product_cat","embeddable":true,"href":"https:\/\/setsuko.ca\/fr\/wp-json\/wp\/v2\/product_cat?post=14410"},{"taxonomy":"product_tag","embeddable":true,"href":"https:\/\/setsuko.ca\/fr\/wp-json\/wp\/v2\/product_tag?post=14410"}],"curies":[{"name":"wp","href":"https:\/\/api.w.org\/{rel}","templated":true}]}}