{"id":14562,"date":"2024-03-29T08:28:25","date_gmt":"2024-03-29T12:28:25","guid":{"rendered":"https:\/\/setsuko.ca\/product\/lymphatic-drainage-level-1-dorval\/"},"modified":"2026-03-23T10:41:01","modified_gmt":"2026-03-23T14:41:01","slug":"lymphatic-drainage-level-1-dorval","status":"publish","type":"product","link":"https:\/\/setsuko.ca\/fr\/produit\/lymphatic-drainage-level-1-dorval\/","title":{"rendered":"Drainage lymphatique Niveau 1 \u2013 Dorval **COMPLET**"},"content":{"rendered":"<p>Le drainage lymphatique est une technique sp\u00e9cialis\u00e9e couramment utilis\u00e9e par les massoth\u00e9rapeutes pour favoriser le fonctionnement optimal du syst\u00e8me lymphatique. Le syst\u00e8me lymphatique assure la r\u00e9ponse immunitaire du corps, l&#8217;\u00e9quilibre des fluides et l&#8217;\u00e9limination des d\u00e9chets. Les massoth\u00e9rapeutes peuvent soutenir efficacement les processus naturels de gu\u00e9rison du corps et am\u00e9liorer le bien-\u00eatre g\u00e9n\u00e9ral en comprenant et en utilisant les techniques de drainage lymphatique.  <\/p>\n<p>Lors d&#8217;une s\u00e9ance de drainage lymphatique, les massoth\u00e9rapeutes appliquent des mouvements doux et rythm\u00e9s ainsi qu&#8217;une l\u00e9g\u00e8re pression sur des zones sp\u00e9cifiques du corps o\u00f9 se trouvent les ganglions et les vaisseaux lymphatiques. L&#8217;objectif est de stimuler le mouvement du liquide lymphatique, de faciliter l&#8217;\u00e9limination des d\u00e9chets m\u00e9taboliques, des toxines et de l&#8217;exc\u00e8s de liquide, et de renforcer le syst\u00e8me immunitaire. <\/p>\n<p>Le drainage lymphatique peut \u00eatre int\u00e9gr\u00e9 \u00e0 un massage complet du corps ou se concentrer sur des zones sp\u00e9cifiques, en fonction des besoins du client. Des s\u00e9ances r\u00e9guli\u00e8res peuvent am\u00e9liorer la fonction immunitaire, favoriser la d\u00e9sintoxication, r\u00e9duire l&#8217;inflammation et accro\u00eetre la vitalit\u00e9 g\u00e9n\u00e9rale. <\/p>\n<p>Pr\u00e9requis : Su\u00e9dois 1<\/p>\n","protected":false},"excerpt":{"rendered":"<p>Le drainage lymphatique est une technique de massage douce qui stimule le syst\u00e8me lymphatique, contribuant ainsi \u00e0 l&#8217;\u00e9limination des toxines, \u00e0 la r\u00e9duction de l&#8217;inflammation et au renforcement de la fonction immunitaire. En incorporant des mouvements rythmiques et une l\u00e9g\u00e8re pression, les th\u00e9rapeutes am\u00e9liorent les processus naturels de gu\u00e9rison du corps. Des s\u00e9ances r\u00e9guli\u00e8res peuvent favoriser la d\u00e9sintoxication et am\u00e9liorer la vitalit\u00e9 g\u00e9n\u00e9rale.<\/p>\n","protected":false},"featured_media":13862,"template":"","meta":{"_acf_changed":false},"product_brand":[],"product_cat":[95,440,169,479,291,97,168],"product_tag":[],"class_list":{"0":"post-14562","1":"product","2":"type-product","3":"status-publish","4":"has-post-thumbnail","6":"product_cat-cours","7":"product_cat-anglais","8":"product_cat-atelier","9":"product_cat-clinical-massage","10":"product_cat-dorval-west-island-fr","11":"product_cat-en-personne","12":"product_cat-jenni-lee-fr","14":"first","15":"outofstock","16":"virtual","17":"purchasable","18":"product-type-simple"},"acf":[],"_links":{"self":[{"href":"https:\/\/setsuko.ca\/fr\/wp-json\/wp\/v2\/product\/14562","targetHints":{"allow":["GET"]}}],"collection":[{"href":"https:\/\/setsuko.ca\/fr\/wp-json\/wp\/v2\/product"}],"about":[{"href":"https:\/\/setsuko.ca\/fr\/wp-json\/wp\/v2\/types\/product"}],"wp:featuredmedia":[{"embeddable":true,"href":"https:\/\/setsuko.ca\/fr\/wp-json\/wp\/v2\/media\/13862"}],"wp:attachment":[{"href":"https:\/\/setsuko.ca\/fr\/wp-json\/wp\/v2\/media?parent=14562"}],"wp:term":[{"taxonomy":"product_brand","embeddable":true,"href":"https:\/\/setsuko.ca\/fr\/wp-json\/wp\/v2\/product_brand?post=14562"},{"taxonomy":"product_cat","embeddable":true,"href":"https:\/\/setsuko.ca\/fr\/wp-json\/wp\/v2\/product_cat?post=14562"},{"taxonomy":"product_tag","embeddable":true,"href":"https:\/\/setsuko.ca\/fr\/wp-json\/wp\/v2\/product_tag?post=14562"}],"curies":[{"name":"wp","href":"https:\/\/api.w.org\/{rel}","templated":true}]}}