{"id":14724,"date":"2025-02-10T14:53:11","date_gmt":"2025-02-10T19:53:11","guid":{"rendered":"https:\/\/setsuko.ca\/product\/craniosacral-and-fascia-systems-approaches-level-2-ndg\/"},"modified":"2026-02-10T14:52:06","modified_gmt":"2026-02-10T19:52:06","slug":"craniosacral-and-fascia-systems-approaches-level-2-ndg","status":"publish","type":"product","link":"https:\/\/setsuko.ca\/fr\/produit\/craniosacral-and-fascia-systems-approaches-level-2-ndg\/","title":{"rendered":"Approches des syst\u00e8mes craniosacr\u00e9s et fasciaux \u2013 Niveau 2 | NDG"},"content":{"rendered":"<p><strong>Approches des syst\u00e8mes craniosacral et fascial \u2013 Niveau 2<\/strong> est un atelier avanc\u00e9 de deux jours destin\u00e9 aux praticiens qualifi\u00e9s ayant suivi le niveau 1. Ce cours approfondit les comp\u00e9tences techniques et perceptives en se concentrant sur l&#8217;acc\u00e8s et l&#8217;\u00e9quilibrage de la motilit\u00e9 des os cr\u00e2niens individuels, influen\u00e7ant directement le syst\u00e8me fascial intracr\u00e2nien et les sinus veineux afin de favoriser une meilleure r\u00e9gulation, une plus grande fluidit\u00e9 et un meilleur \u00e9quilibre structurel. <\/p>\n","protected":false},"excerpt":{"rendered":"<p><strong>Approches des syst\u00e8mes craniosacral et fascial \u2013 Niveau 2<\/strong> est un atelier avanc\u00e9 de deux jours destin\u00e9 aux praticiens qualifi\u00e9s ayant suivi le niveau 1. Ce cours approfondit les comp\u00e9tences techniques et perceptives en se concentrant sur l&#8217;acc\u00e8s et l&#8217;\u00e9quilibrage de la motilit\u00e9 des os cr\u00e2niens individuels, influen\u00e7ant directement le syst\u00e8me fascial intracr\u00e2nien et les sinus veineux afin de favoriser une meilleure r\u00e9gulation, une plus grande fluidit\u00e9 et un meilleur \u00e9quilibre structurel. <\/p>\n","protected":false},"featured_media":13919,"template":"","meta":{"_acf_changed":false},"product_brand":[],"product_cat":[440,169,479,97,287,143],"product_tag":[],"class_list":{"0":"post-14724","1":"product","2":"type-product","3":"status-publish","4":"has-post-thumbnail","6":"product_cat-anglais","7":"product_cat-atelier","8":"product_cat-clinical-massage","9":"product_cat-en-personne","10":"product_cat-qe-ndg-fr","11":"product_cat-tony-eng-fr","13":"first","14":"outofstock","15":"shipping-taxable","16":"purchasable","17":"product-type-simple"},"acf":[],"_links":{"self":[{"href":"https:\/\/setsuko.ca\/fr\/wp-json\/wp\/v2\/product\/14724","targetHints":{"allow":["GET"]}}],"collection":[{"href":"https:\/\/setsuko.ca\/fr\/wp-json\/wp\/v2\/product"}],"about":[{"href":"https:\/\/setsuko.ca\/fr\/wp-json\/wp\/v2\/types\/product"}],"wp:featuredmedia":[{"embeddable":true,"href":"https:\/\/setsuko.ca\/fr\/wp-json\/wp\/v2\/media\/13919"}],"wp:attachment":[{"href":"https:\/\/setsuko.ca\/fr\/wp-json\/wp\/v2\/media?parent=14724"}],"wp:term":[{"taxonomy":"product_brand","embeddable":true,"href":"https:\/\/setsuko.ca\/fr\/wp-json\/wp\/v2\/product_brand?post=14724"},{"taxonomy":"product_cat","embeddable":true,"href":"https:\/\/setsuko.ca\/fr\/wp-json\/wp\/v2\/product_cat?post=14724"},{"taxonomy":"product_tag","embeddable":true,"href":"https:\/\/setsuko.ca\/fr\/wp-json\/wp\/v2\/product_tag?post=14724"}],"curies":[{"name":"wp","href":"https:\/\/api.w.org\/{rel}","templated":true}]}}