{"id":14727,"date":"2025-08-05T15:01:09","date_gmt":"2025-08-05T19:01:09","guid":{"rendered":"https:\/\/setsuko.ca\/?post_type=product&#038;p=14727"},"modified":"2026-02-10T14:52:05","modified_gmt":"2026-02-10T19:52:05","slug":"approches-craniosacrale-et-fasciale-niveau-1-ndg-copy","status":"publish","type":"product","link":"https:\/\/setsuko.ca\/fr\/produit\/approches-craniosacrale-et-fasciale-niveau-1-ndg-copy\/","title":{"rendered":"Approches des syst\u00e8mes cr\u00e2niosacr\u00e9 et fascial \u2013 Niveau 1 | DORVAL"},"content":{"rendered":"<p><strong>Approches des syst\u00e8mes craniosacral et fascial \u2013 Niveau 1 <\/strong>est un atelier de deux jours destin\u00e9 aux praticiens qualifi\u00e9s (minimum 400 heures de formation). Ce cours pr\u00e9sente l&#8217;anatomie et la physiologie des syst\u00e8mes craniosacral et fascial, avec une exploration pratique de l&#8217;\u00e9valuation du corps entier, du rel\u00e2chement fascial en douceur, des techniques d&#8217;\u00e9coute subtile et du rythme craniosacral afin de r\u00e9tablir l&#8217;\u00e9quilibre et de favoriser l&#8217;int\u00e9gration dans le corps. <\/p>\n","protected":false},"excerpt":{"rendered":"<p><strong>Approches des syst\u00e8mes craniosacral et fascial \u2013 Niveau 1 <\/strong>est un atelier de deux jours destin\u00e9 aux praticiens qualifi\u00e9s (minimum 400 heures de formation). Ce cours pr\u00e9sente l&#8217;anatomie et la physiologie des syst\u00e8mes craniosacral et fascial, avec une exploration pratique de l&#8217;\u00e9valuation du corps entier, du rel\u00e2chement fascial en douceur, des techniques d&#8217;\u00e9coute subtile et du rythme craniosacral afin de r\u00e9tablir l&#8217;\u00e9quilibre et de favoriser l&#8217;int\u00e9gration dans le corps. <\/p>\n","protected":false},"featured_media":0,"template":"","meta":{"_acf_changed":false},"product_brand":[],"product_cat":[440,169,479,291,97,143],"product_tag":[],"class_list":{"0":"post-14727","1":"product","2":"type-product","3":"status-publish","5":"product_cat-anglais","6":"product_cat-atelier","7":"product_cat-clinical-massage","8":"product_cat-dorval-west-island-fr","9":"product_cat-en-personne","10":"product_cat-tony-eng-fr","12":"first","13":"outofstock","14":"shipping-taxable","15":"purchasable","16":"product-type-simple"},"acf":[],"_links":{"self":[{"href":"https:\/\/setsuko.ca\/fr\/wp-json\/wp\/v2\/product\/14727","targetHints":{"allow":["GET"]}}],"collection":[{"href":"https:\/\/setsuko.ca\/fr\/wp-json\/wp\/v2\/product"}],"about":[{"href":"https:\/\/setsuko.ca\/fr\/wp-json\/wp\/v2\/types\/product"}],"wp:attachment":[{"href":"https:\/\/setsuko.ca\/fr\/wp-json\/wp\/v2\/media?parent=14727"}],"wp:term":[{"taxonomy":"product_brand","embeddable":true,"href":"https:\/\/setsuko.ca\/fr\/wp-json\/wp\/v2\/product_brand?post=14727"},{"taxonomy":"product_cat","embeddable":true,"href":"https:\/\/setsuko.ca\/fr\/wp-json\/wp\/v2\/product_cat?post=14727"},{"taxonomy":"product_tag","embeddable":true,"href":"https:\/\/setsuko.ca\/fr\/wp-json\/wp\/v2\/product_tag?post=14727"}],"curies":[{"name":"wp","href":"https:\/\/api.w.org\/{rel}","templated":true}]}}