{"id":14874,"date":"2025-01-21T19:44:46","date_gmt":"2025-01-22T00:44:46","guid":{"rendered":"https:\/\/setsuko.ca\/product\/t-tcm-acupressure-program-discovery-day\/"},"modified":"2026-02-14T08:46:34","modified_gmt":"2026-02-14T13:46:34","slug":"t-tcm-acupressure-program-discovery-day","status":"publish","type":"product","link":"https:\/\/setsuko.ca\/fr\/produit\/t-tcm-acupressure-program-discovery-day\/","title":{"rendered":"Journ\u00e9e d\u00e9couverte du programme MTC et acupression **\u00c9V\u00c9NEMENT GRATUIT**"},"content":{"rendered":"<p>D\u00e9couvrez la m\u00e9decine traditionnelle chinoise \u00e0 travers le mouvement, l&#8217;observation et le toucher<\/p>\n<p>Curieux de d\u00e9couvrir la m\u00e9decine traditionnelle chinoise (MTC) et l&#8217;acupression ? Rejoignez-nous pour une journ\u00e9e d\u00e9couverte pratique du programme MTC et acupression con\u00e7ue pour vous initier aux fondements de ce syst\u00e8me de gu\u00e9rison ancestral et \u00e0 notre programme de formation professionnelle. <\/p>\n<p>Cette exp\u00e9rience immersive allie mouvement, observation et apprentissage tactile, offrant un v\u00e9ritable aper\u00e7u de la mani\u00e8re dont la MTC est \u00e9tudi\u00e9e et pratiqu\u00e9e.<\/p>\n<p>Points forts du programme :<\/p>\n<p>Pr\u00e9sentation du programme \u2013 D\u00e9couvrez les fondements, la philosophie et la structure de notre formation MTC et acupression<br \/>\n\u00c9chauffement Qigong \u2013 Ancrage, \u00e9nergisation et connexion par des mouvements doux et th\u00e9rapeutiques<br \/>\nConf\u00e9rence : L&#8217;art de l&#8217;observation \u2013 Lire le corps par la langue et le pouls<br \/>\navec Carla Matta<br \/>\nD\u00e9monstration : Palpation abdominale<br \/>\navec Marcia Thomas<br \/>\n\u00c9change entre participants \u2013 Int\u00e9grez l&#8217;apprentissage par la pratique guid\u00e9e et l&#8217;exp\u00e9rience partag\u00e9e<\/p>\n<p>Que vous exploriez un avenir en m\u00e9decine traditionnelle chinoise, envisagiez de vous inscrire \u00e0 un programme d&#8217;acupression, ou souhaitiez simplement approfondir votre compr\u00e9hension du corps \u00e0 travers le prisme de la m\u00e9decine orientale, cette journ\u00e9e d\u00e9couverte offre un point d&#8217;entr\u00e9e riche, accueillant et exp\u00e9rientiel.<\/p>\n","protected":false},"excerpt":{"rendered":"<p>D\u00e9couvrez la sagesse de la m\u00e9decine traditionnelle chinoise (MTC) \u00e0 travers le mouvement, l&#8217;observation et l&#8217;exp\u00e9rience pratique. Rejoignez-nous pour un \u00e9v\u00e9nement gratuit mettant en vedette notre programme de MTC et d&#8217;acupression, nos enseignants, un \u00e9chauffement de qigong, des d\u00e9monstrations en direct et des \u00e9changes guid\u00e9s entre participants. Un point d&#8217;entr\u00e9e id\u00e9al pour ceux qui souhaitent d\u00e9couvrir la MTC et la formation en sant\u00e9 holistique.  <\/p>\n","protected":false},"featured_media":13998,"template":"","meta":{"_acf_changed":false},"product_brand":[],"product_cat":[439,97,490,476,168,134,489,287,491],"product_tag":[],"class_list":{"0":"post-14874","1":"product","2":"type-product","3":"status-publish","4":"has-post-thumbnail","6":"product_cat-bilingue","7":"product_cat-en-personne","8":"product_cat-interet-general","9":"product_cat-jasper-monroe-blanchette","10":"product_cat-jenni-lee-fr","11":"product_cat-marcia-thomas-fr","12":"product_cat-modalites-orientales","13":"product_cat-qe-ndg-fr","14":"product_cat-therapies-energetiques","16":"first","17":"outofstock","18":"virtual","19":"purchasable","20":"product-type-simple"},"acf":[],"_links":{"self":[{"href":"https:\/\/setsuko.ca\/fr\/wp-json\/wp\/v2\/product\/14874","targetHints":{"allow":["GET"]}}],"collection":[{"href":"https:\/\/setsuko.ca\/fr\/wp-json\/wp\/v2\/product"}],"about":[{"href":"https:\/\/setsuko.ca\/fr\/wp-json\/wp\/v2\/types\/product"}],"wp:featuredmedia":[{"embeddable":true,"href":"https:\/\/setsuko.ca\/fr\/wp-json\/wp\/v2\/media\/13998"}],"wp:attachment":[{"href":"https:\/\/setsuko.ca\/fr\/wp-json\/wp\/v2\/media?parent=14874"}],"wp:term":[{"taxonomy":"product_brand","embeddable":true,"href":"https:\/\/setsuko.ca\/fr\/wp-json\/wp\/v2\/product_brand?post=14874"},{"taxonomy":"product_cat","embeddable":true,"href":"https:\/\/setsuko.ca\/fr\/wp-json\/wp\/v2\/product_cat?post=14874"},{"taxonomy":"product_tag","embeddable":true,"href":"https:\/\/setsuko.ca\/fr\/wp-json\/wp\/v2\/product_tag?post=14874"}],"curies":[{"name":"wp","href":"https:\/\/api.w.org\/{rel}","templated":true}]}}