{"id":14936,"date":"2025-03-17T20:53:53","date_gmt":"2025-03-18T00:53:53","guid":{"rendered":"https:\/\/setsuko.ca\/product\/therapie-sonore-niveau-3\/"},"modified":"2026-02-15T23:33:39","modified_gmt":"2026-02-16T04:33:39","slug":"therapie-sonore-niveau-3","status":"publish","type":"product","link":"https:\/\/setsuko.ca\/fr\/produit\/therapie-sonore-niveau-3\/","title":{"rendered":"Th\u00e9rapie sonore niveau 3"},"content":{"rendered":"<p>D\u00e9couvrez le programme Techniques de th\u00e9rapie par le son, qui explore la th\u00e9rapie par diapason pour une gu\u00e9rison et un \u00e9quilibre holistiques. Id\u00e9al pour un usage personnel ou professionnel, ce programme complet permet aux \u00e9tudiants d&#8217;acqu\u00e9rir les comp\u00e9tences n\u00e9cessaires pour utiliser les diapasons \u00e0 des fins th\u00e9rapeutiques : <\/p>\n<ul>\n<li>Th\u00e9rapie sonore L1 : Principes fondamentaux de la th\u00e9rapie sonore et notions de base sur les diapasons.<\/li>\n<li>Th\u00e9rapie sonore L2 : Techniques interm\u00e9diaires pour des effets th\u00e9rapeutiques avanc\u00e9s.<\/li>\n<li>Th\u00e9rapie sonore L3 : Ma\u00eetrisez les protocoles de traitement complexes gr\u00e2ce \u00e0 des cours avanc\u00e9s.<\/li>\n<li>Pratique sonore et supervision : exp\u00e9rience pratique pour perfectionner ses comp\u00e9tences sous supervision.<\/li>\n<\/ul>\n<p>Tuning Fork Therapy&#8217;s gentle yet powerful approach to restoring harmony and health, interacting with the nervous system, tissues, and energy fields. Applications include personal use for meditation and stress relief, as well as professional therapy for various conditions like chronic pain, insomnia, and digestive problems. <\/p>\n<p>Am\u00e9liorez d&#8217;autres pratiques th\u00e9rapeutiques gr\u00e2ce \u00e0 la th\u00e9rapie par diapason, qui s&#8217;int\u00e8gre parfaitement \u00e0 des modalit\u00e9s telles que la physioth\u00e9rapie, la massoth\u00e9rapie et la chiropraxie afin d&#8217;amplifier l&#8217;efficacit\u00e9 des traitements gr\u00e2ce \u00e0 de subtils changements \u00e9nerg\u00e9tiques.<\/p>\n","protected":false},"excerpt":{"rendered":"<p>Explorez le programme Techniques de th\u00e9rapie sonore, qui approfondit la th\u00e9rapie par diapasons pour une gu\u00e9rison holistique et un meilleur \u00e9quilibre. Id\u00e9al pour un usage personnel ou professionnel, ce cursus complet dote les apprenants des comp\u00e9tences n\u00e9cessaires pour appliquer les diapasons \u00e0 des fins th\u00e9rapeutiques. <\/p>\n<p>&nbsp;<\/p>\n","protected":false},"featured_media":13891,"template":"","meta":{"_acf_changed":false},"product_brand":[],"product_cat":[169,439,94,97,481,158,490,141,287,491],"product_tag":[],"class_list":{"0":"post-14936","1":"product","2":"type-product","3":"status-publish","4":"has-post-thumbnail","6":"product_cat-atelier","7":"product_cat-bilingue","8":"product_cat-certificats","9":"product_cat-en-personne","10":"product_cat-holistic-therapies","11":"product_cat-hybrid-fr","12":"product_cat-interet-general","13":"product_cat-paule-guerard-fr","14":"product_cat-qe-ndg-fr","15":"product_cat-therapies-energetiques","17":"first","18":"instock","19":"sale","20":"featured","21":"shipping-taxable","22":"purchasable","23":"product-type-simple"},"acf":[],"_links":{"self":[{"href":"https:\/\/setsuko.ca\/fr\/wp-json\/wp\/v2\/product\/14936","targetHints":{"allow":["GET"]}}],"collection":[{"href":"https:\/\/setsuko.ca\/fr\/wp-json\/wp\/v2\/product"}],"about":[{"href":"https:\/\/setsuko.ca\/fr\/wp-json\/wp\/v2\/types\/product"}],"wp:featuredmedia":[{"embeddable":true,"href":"https:\/\/setsuko.ca\/fr\/wp-json\/wp\/v2\/media\/13891"}],"wp:attachment":[{"href":"https:\/\/setsuko.ca\/fr\/wp-json\/wp\/v2\/media?parent=14936"}],"wp:term":[{"taxonomy":"product_brand","embeddable":true,"href":"https:\/\/setsuko.ca\/fr\/wp-json\/wp\/v2\/product_brand?post=14936"},{"taxonomy":"product_cat","embeddable":true,"href":"https:\/\/setsuko.ca\/fr\/wp-json\/wp\/v2\/product_cat?post=14936"},{"taxonomy":"product_tag","embeddable":true,"href":"https:\/\/setsuko.ca\/fr\/wp-json\/wp\/v2\/product_tag?post=14936"}],"curies":[{"name":"wp","href":"https:\/\/api.w.org\/{rel}","templated":true}]}}