{"id":15055,"date":"2025-08-19T09:43:26","date_gmt":"2025-08-19T13:43:26","guid":{"rendered":"https:\/\/setsuko.ca\/product\/massage-thai-sur-table-massage-thai-traditionnel-adapte-pour-la-table-lien-daffiliation\/"},"modified":"2025-08-19T09:43:26","modified_gmt":"2025-08-19T13:43:26","slug":"massage-thai-sur-table-massage-thai-traditionnel-adapte-pour-la-table-lien-daffiliation","status":"publish","type":"product","link":"https:\/\/setsuko.ca\/fr\/produit\/massage-thai-sur-table-massage-thai-traditionnel-adapte-pour-la-table-lien-daffiliation\/","title":{"rendered":"Massage Tha\u00ef sur Table \u2013 Massage Tha\u00ef Traditionnel Adapt\u00e9 pour la Table \u2013 Lien d&#8217;Affiliation"},"content":{"rendered":"<p>Ce cours adapte le massage tha\u00eflandais \u00e0 une table de massage. Les praticiens apprennent \u00e0 appliquer l&#8217;acupression et les \u00e9tirements assist\u00e9s sans s&#8217;agenouiller ni grimper sur le tapis, en utilisant des positions ergonomiques et des encha\u00eenements fluides en position couch\u00e9e sur le dos, sur le c\u00f4t\u00e9 et sur le ventre. <\/p>\n<p><strong>R\u00e9sultats d&#8217;apprentissage<\/strong><\/p>\n<ul>\n<li>Effectuer un massage tha\u00eflandais sur table de 60 \u00e0 90 minutes<\/li>\n<li>Appliquez les techniques tha\u00eflandaises de pression et d&#8217;\u00e9tirement en toute s\u00e9curit\u00e9 sur une table de massage.<\/li>\n<li>Adapter les mouvements traditionnels aux environnements cliniques ou thermaux occidentaux<\/li>\n<li>Maintenir une posture saine pour le th\u00e9rapeute et assurer le confort du client<\/li>\n<li>Incorporate energy line work and Thai wellness traditions<\/li>\n<\/ul>\n<p>&nbsp;<\/p>\n<p><b>Prerequisite:<\/b><span style=\"font-weight: 400;\"> Thai Massage Level 1<\/span><\/p>\n","protected":false},"excerpt":{"rendered":"<p>Ce cours adapte le massage tha\u00eflandais \u00e0 une table de massage. Les praticiens apprennent \u00e0 appliquer l&#8217;acupression et les \u00e9tirements assist\u00e9s sans s&#8217;agenouiller ni grimper sur le tapis, en utilisant des positions ergonomiques et des encha\u00eenements fluides en position couch\u00e9e sur le dos, sur le c\u00f4t\u00e9 et sur le ventre. <\/p>\n","protected":false},"featured_media":14047,"template":"","meta":{"_acf_changed":false},"product_brand":[],"product_cat":[440,479,291,97],"product_tag":[],"class_list":{"0":"post-15055","1":"product","2":"type-product","3":"status-publish","4":"has-post-thumbnail","6":"product_cat-anglais","7":"product_cat-clinical-massage","8":"product_cat-dorval-west-island-fr","9":"product_cat-en-personne","11":"first","12":"outofstock","13":"shipping-taxable","14":"purchasable","15":"product-type-simple"},"acf":[],"_links":{"self":[{"href":"https:\/\/setsuko.ca\/fr\/wp-json\/wp\/v2\/product\/15055","targetHints":{"allow":["GET"]}}],"collection":[{"href":"https:\/\/setsuko.ca\/fr\/wp-json\/wp\/v2\/product"}],"about":[{"href":"https:\/\/setsuko.ca\/fr\/wp-json\/wp\/v2\/types\/product"}],"wp:featuredmedia":[{"embeddable":true,"href":"https:\/\/setsuko.ca\/fr\/wp-json\/wp\/v2\/media\/14047"}],"wp:attachment":[{"href":"https:\/\/setsuko.ca\/fr\/wp-json\/wp\/v2\/media?parent=15055"}],"wp:term":[{"taxonomy":"product_brand","embeddable":true,"href":"https:\/\/setsuko.ca\/fr\/wp-json\/wp\/v2\/product_brand?post=15055"},{"taxonomy":"product_cat","embeddable":true,"href":"https:\/\/setsuko.ca\/fr\/wp-json\/wp\/v2\/product_cat?post=15055"},{"taxonomy":"product_tag","embeddable":true,"href":"https:\/\/setsuko.ca\/fr\/wp-json\/wp\/v2\/product_tag?post=15055"}],"curies":[{"name":"wp","href":"https:\/\/api.w.org\/{rel}","templated":true}]}}