{"id":15147,"date":"2026-02-15T22:49:33","date_gmt":"2026-02-16T03:49:33","guid":{"rendered":"https:\/\/setsuko.ca\/product\/journee-decouverte-de-lherboristerie-portes-ouvertes\/"},"modified":"2026-02-15T22:54:20","modified_gmt":"2026-02-16T03:54:20","slug":"journee-decouverte-de-lherboristerie-portes-ouvertes","status":"publish","type":"product","link":"https:\/\/setsuko.ca\/fr\/produit\/journee-decouverte-de-lherboristerie-portes-ouvertes\/","title":{"rendered":"Journ\u00e9e de d\u00e9couverte de l\u2019herboristerie \u2013 Portes ouvertes gratuites"},"content":{"rendered":"<h2 data-start=\"107\" data-end=\"135\">Journ\u00e9e d\u00e9couverte de l\u2019herboristerie<\/h2>\n<p data-start=\"136\" data-end=\"176\"><strong data-start=\"136\" data-end=\"176\">7 mars | \u00c9v\u00e9nement gratuit | \u00c9cole Setsuko<\/strong><\/p>\n<p data-start=\"178\" data-end=\"225\">Entrez dans le monde vivant des plantes m\u00e9dicinales.<\/p>\n<p data-start=\"227\" data-end=\"490\">Rejoignez-nous pour une <strong data-start=\"255\" data-end=\"282\">Journ\u00e9e de d\u00e9couverte de l\u2019herboristerie<\/strong> gratuite et d\u00e9couvrez comment la phytoth\u00e9rapie peut favoriser la vitalit\u00e9, l\u2019\u00e9quilibre et une connexion profonde avec la nature. Cette s\u00e9ance d\u2019information immersive offre une introduction enrichissante au programme d\u2019herboristerie de l\u2019\u00c9cole Setsuko.<\/p>\n<p data-start=\"492\" data-end=\"641\">Que vous d\u00e9couvriez l\u2019herboristerie ou que vous souhaitiez approfondir votre pratique, c\u2019est l\u2019occasion de voir si cette voie vous correspond.<\/p>\n<h3 data-start=\"643\" data-end=\"670\">Ce que vous vivrez :<\/h3>\n<ul data-start=\"671\" data-end=\"944\">\n<li data-start=\"671\" data-end=\"728\">\n<p data-start=\"673\" data-end=\"728\">Un aper\u00e7u de la <strong data-start=\"692\" data-end=\"728\">structure du programme et du cursus<\/strong><\/p>\n<\/li>\n<li data-start=\"729\" data-end=\"791\">\n<p data-start=\"731\" data-end=\"791\">Un \u00e9clairage sur notre <strong data-start=\"748\" data-end=\"791\">approche p\u00e9dagogique holistique et pratique<\/strong><\/p>\n<\/li>\n<li data-start=\"792\" data-end=\"862\">\n<p data-start=\"794\" data-end=\"862\">Une introduction \u00e0 la philosophie qui sous-tend l\u2019\u00e9tude des plantes comme m\u00e9decine<\/p>\n<\/li>\n<li data-start=\"863\" data-end=\"900\">\n<p data-start=\"865\" data-end=\"900\">Une occasion de <strong data-start=\"877\" data-end=\"900\">rencontrer les instructeurs<\/strong><\/p>\n<\/li>\n<li data-start=\"901\" data-end=\"944\">\n<p data-start=\"903\" data-end=\"944\">Un temps ouvert pour vos questions et la conversation<\/p>\n<\/li>\n<\/ul>\n<p data-start=\"946\" data-end=\"1119\">Notre programme d\u2019herboristerie invite les \u00e9tudiant\u00b7e\u00b7s \u00e0 entrer en relation avec les plantes \u2014 pour apprendre non seulement leurs propri\u00e9t\u00e9s, mais aussi \u00e0 \u00e9couter, observer et cultiver une compr\u00e9hension intuitive.<\/p>\n<p data-start=\"1121\" data-end=\"1174\">\u2728 Ouvert aux futur\u00b7e\u00b7s \u00e9tudiant\u00b7e\u00b7s<br data-start=\"1151\" data-end=\"1154\">\ud83c\udf3f Bienvenue \u00e0 toutes et \u00e0 tous<\/p>\n<p data-start=\"1176\" data-end=\"1197\"><strong data-start=\"1176\" data-end=\"1197\">R\u00e9servez votre place<\/strong><\/p>\n","protected":false},"excerpt":{"rendered":"<p>Journ\u00e9e d\u00e9couverte de l\u2019herboristerie 7 mars | \u00c9v\u00e9nement gratuit | \u00c9cole Setsuko Entrez dans le monde vivant des plantes m\u00e9dicinales. Rejoignez-nous pour une Journ\u00e9e de d\u00e9couverte de l\u2019herboristerie gratuite et d\u00e9couvrez comment la phytoth\u00e9rapie peut favoriser la vitalit\u00e9, l\u2019\u00e9quilibre et une connexion profonde avec la nature. Cette s\u00e9ance d\u2019information immersive offre une introduction enrichissante au [&hellip;]<\/p>\n","protected":false},"featured_media":13852,"template":"","meta":{"_acf_changed":false},"product_brand":[],"product_cat":[440,291,97,481,490,139],"product_tag":[],"class_list":{"0":"post-15147","1":"product","2":"type-product","3":"status-publish","4":"has-post-thumbnail","6":"product_cat-anglais","7":"product_cat-dorval-west-island-fr","8":"product_cat-en-personne","9":"product_cat-holistic-therapies","10":"product_cat-interet-general","11":"product_cat-monica-giacomin-fr","13":"first","14":"outofstock","15":"shipping-taxable","16":"purchasable","17":"product-type-simple"},"acf":[],"_links":{"self":[{"href":"https:\/\/setsuko.ca\/fr\/wp-json\/wp\/v2\/product\/15147","targetHints":{"allow":["GET"]}}],"collection":[{"href":"https:\/\/setsuko.ca\/fr\/wp-json\/wp\/v2\/product"}],"about":[{"href":"https:\/\/setsuko.ca\/fr\/wp-json\/wp\/v2\/types\/product"}],"wp:featuredmedia":[{"embeddable":true,"href":"https:\/\/setsuko.ca\/fr\/wp-json\/wp\/v2\/media\/13852"}],"wp:attachment":[{"href":"https:\/\/setsuko.ca\/fr\/wp-json\/wp\/v2\/media?parent=15147"}],"wp:term":[{"taxonomy":"product_brand","embeddable":true,"href":"https:\/\/setsuko.ca\/fr\/wp-json\/wp\/v2\/product_brand?post=15147"},{"taxonomy":"product_cat","embeddable":true,"href":"https:\/\/setsuko.ca\/fr\/wp-json\/wp\/v2\/product_cat?post=15147"},{"taxonomy":"product_tag","embeddable":true,"href":"https:\/\/setsuko.ca\/fr\/wp-json\/wp\/v2\/product_tag?post=15147"}],"curies":[{"name":"wp","href":"https:\/\/api.w.org\/{rel}","templated":true}]}}