{"id":15160,"date":"2026-02-01T00:55:34","date_gmt":"2026-02-01T05:55:34","guid":{"rendered":"https:\/\/setsuko.ca\/product\/serie-roadmap-to-the-body-2026\/"},"modified":"2026-03-09T13:45:09","modified_gmt":"2026-03-09T17:45:09","slug":"serie-roadmap-to-the-body-2026","status":"publish","type":"product","link":"https:\/\/setsuko.ca\/fr\/produit\/serie-roadmap-to-the-body-2026\/","title":{"rendered":"S\u00e9rie Feuille de route pour le corps (2026) **S\u00c9ANCE D&#8217;INFORMATION GRATUITE**"},"content":{"rendered":"<p data-start=\"717\" data-end=\"747\"><strong data-start=\"717\" data-end=\"747\">S\u00e9rie Roadmap to the Body<\/strong><\/p>\n<p data-start=\"749\" data-end=\"921\">Roadmap to the Body est une formation pratique avanc\u00e9e con\u00e7ue pour approfondir la compr\u00e9hension des syst\u00e8mes corporels gr\u00e2ce \u00e0 une palpation affin\u00e9e, l\u2019observation et le raisonnement clinique.<\/p>\n<p data-start=\"923\" data-end=\"1023\">Cette s\u00e9rie met l\u2019accent sur les comp\u00e9tences d\u2019\u00e9coute approfondie, la visualisation, l\u2019\u00e9valuation et la planification de traitement.<\/p>\n<p data-start=\"1025\" data-end=\"1260\">Vous apprendrez \u00e0 ressentir et \u00e0 reconna\u00eetre les dysfonctionnements ou les restrictions au sein des syst\u00e8mes corporels pouvant contribuer aux sympt\u00f4mes et aux probl\u00e8mes sous-jacents \u2014 vous permettant ainsi de mieux identifier les causes profondes et d\u2019\u00eatre plus efficace dans vos traitements.<\/p>\n<p data-start=\"1262\" data-end=\"1378\">Elle approfondit \u00e9galement vos connaissances sur les relations structurelles et fonctionnelles au sein des syst\u00e8mes corporels et de leurs r\u00e9seaux.<\/p>\n<p data-start=\"1380\" data-end=\"1455\"><strong data-start=\"1380\" data-end=\"1398\">Pr\u00e9requis :<\/strong><br data-start=\"1398\" data-end=\"1401\">Minimum de 400 heures de formation de base en massoth\u00e9rapie ou en travail corporel.<\/p>\n<h3 data-start=\"1462\" data-end=\"1480\">Modules de la s\u00e9rie<\/h3>\n<p data-start=\"1482\" data-end=\"1777\">\u2022 Construire la feuille de route du corps<br data-start=\"1516\" data-end=\"1519\">\u2022 Intersections des diaphragmes<br data-start=\"1552\" data-end=\"1555\">\u2022 Voies vasculaires<br data-start=\"1574\" data-end=\"1577\">\u2022 Voies nerveuses (syst\u00e8me nerveux p\u00e9riph\u00e9rique)<br data-start=\"1622\" data-end=\"1625\">\u2022 Voies du nerf vague<br data-start=\"1647\" data-end=\"1650\">\u2022 Voies de signalisation (hormones, neurotransmetteurs)<br data-start=\"1700\" data-end=\"1703\">\u2022 Voies du stress, de l\u2019anxi\u00e9t\u00e9 et des traumatismes<br data-start=\"1738\" data-end=\"1741\">\u2022 Voies intestinales<br data-start=\"1755\" data-end=\"1758\">\u2022 Voies immunitaires<\/p>\n<hr data-start=\"1779\" data-end=\"1782\">\n<h3 data-start=\"1784\" data-end=\"1801\">Calendrier 2026<\/h3>\n<p data-start=\"1803\" data-end=\"1856\"><strong data-start=\"1803\" data-end=\"1828\">S\u00e9ance d&#8217;information (En ligne)<\/strong><br data-start=\"1828\" data-end=\"1831\">9 mars 2026 \u2013 19 h 00<\/p>\n<p data-start=\"1858\" data-end=\"1882\"><strong data-start=\"1858\" data-end=\"1882\">Session de printemps \u2013 NDG<\/strong><\/p>\n<p data-start=\"1884\" data-end=\"2049\">4\u20135 avril 2026 (9 h 00\u201317 h 00) \u2013 Construire la feuille de route<br data-start=\"1934\" data-end=\"1937\">16\u201317 mai 2026 (9 h 00\u201317 h 00) \u2013 Intersections des diaphragmes<br data-start=\"1998\" data-end=\"2001\">6\u20137 juin 2026 (9 h 00\u201317 h 00) \u2013 Voies vasculaires<\/p>\n<p data-start=\"2051\" data-end=\"2067\"><strong data-start=\"2051\" data-end=\"2067\">Session d\u2019automne<\/strong><\/p>\n<p data-start=\"2069\" data-end=\"2302\">5\u20136 septembre 2026 (9 h 00\u201317 h 00) \u2013 Construire la feuille de route<br data-start=\"2123\" data-end=\"2126\">17\u201318 octobre 2026 (9 h 00\u201317 h 00) \u2013 Intersections des diaphragmes<br data-start=\"2191\" data-end=\"2194\">14\u201315 novembre 2026 (9 h 00\u201317 h 00) \u2013 Voies nerveuses<br data-start=\"2244\" data-end=\"2247\">5\u20136 d\u00e9cembre 2026 (9 h 00\u201317 h 00) \u2013 Voies du nerf vague<\/p>\n<p data-start=\"2304\" data-end=\"2410\"><em data-start=\"2304\" data-end=\"2318\">Modules \u00e0 d\u00e9terminer :<\/em><br data-start=\"2318\" data-end=\"2321\">Voies de signalisation<br data-start=\"2339\" data-end=\"2342\">Voies du stress, de l\u2019anxi\u00e9t\u00e9 et des traumatismes<br data-start=\"2375\" data-end=\"2378\">Voies intestinales<br data-start=\"2390\" data-end=\"2393\">Voies immunitaires<\/p>\n","protected":false},"excerpt":{"rendered":"<p data-start=\"457\" data-end=\"534\">Arr\u00eatez de deviner pendant les traitements.<br data-start=\"489\" data-end=\"492\">Apprenez \u00e0 <strong data-start=\"505\" data-end=\"534\">lire le corps comme une carte.<\/strong><\/p>\n<p data-start=\"536\" data-end=\"586\">D\u00e9couvrez comment cette formation avanc\u00e9e vous aidera \u00e0 :<\/p>\n<p data-start=\"588\" data-end=\"777\">\u2022 Comprenez les <strong data-start=\"601\" data-end=\"639\">sch\u00e9mas posturaux et les compensations<\/strong><br data-start=\"639\" data-end=\"642\">\u2022 Reliez <strong data-start=\"652\" data-end=\"679\">la douleur \u00e0 sa v\u00e9ritable source<\/strong><br data-start=\"679\" data-end=\"682\">\u2022 \u00c9laborez des <strong data-start=\"690\" data-end=\"722\">strat\u00e9gies de traitement plus intelligentes<\/strong><br data-start=\"722\" data-end=\"725\">\u2022 Am\u00e9liorez votre <strong data-start=\"740\" data-end=\"777\">raisonnement clinique en tant que th\u00e9rapeute<\/strong><\/p>\n<p data-start=\"779\" data-end=\"852\">Joignez-vous \u00e0 nous pour d\u00e9couvrir ce que la <strong data-start=\"810\" data-end=\"840\">s\u00e9rie compl\u00e8te Roadmap to the Body<\/strong> enseignera.<\/p>\n<p data-start=\"947\" data-end=\"965\"><strong data-start=\"947\" data-end=\"965\">Participation gratuite<\/strong><\/p>\n","protected":false},"featured_media":13888,"template":"","meta":{"_acf_changed":false},"product_brand":[],"product_cat":[440,479,339,481,491,143],"product_tag":[],"class_list":{"0":"post-15160","1":"product","2":"type-product","3":"status-publish","4":"has-post-thumbnail","6":"product_cat-anglais","7":"product_cat-clinical-massage","8":"product_cat-en-ligne-fr","9":"product_cat-holistic-therapies","10":"product_cat-therapies-energetiques","11":"product_cat-tony-eng-fr","13":"first","14":"outofstock","15":"virtual","16":"purchasable","17":"product-type-simple"},"acf":[],"_links":{"self":[{"href":"https:\/\/setsuko.ca\/fr\/wp-json\/wp\/v2\/product\/15160","targetHints":{"allow":["GET"]}}],"collection":[{"href":"https:\/\/setsuko.ca\/fr\/wp-json\/wp\/v2\/product"}],"about":[{"href":"https:\/\/setsuko.ca\/fr\/wp-json\/wp\/v2\/types\/product"}],"wp:featuredmedia":[{"embeddable":true,"href":"https:\/\/setsuko.ca\/fr\/wp-json\/wp\/v2\/media\/13888"}],"wp:attachment":[{"href":"https:\/\/setsuko.ca\/fr\/wp-json\/wp\/v2\/media?parent=15160"}],"wp:term":[{"taxonomy":"product_brand","embeddable":true,"href":"https:\/\/setsuko.ca\/fr\/wp-json\/wp\/v2\/product_brand?post=15160"},{"taxonomy":"product_cat","embeddable":true,"href":"https:\/\/setsuko.ca\/fr\/wp-json\/wp\/v2\/product_cat?post=15160"},{"taxonomy":"product_tag","embeddable":true,"href":"https:\/\/setsuko.ca\/fr\/wp-json\/wp\/v2\/product_tag?post=15160"}],"curies":[{"name":"wp","href":"https:\/\/api.w.org\/{rel}","templated":true}]}}