{"id":15202,"date":"2025-04-15T09:00:52","date_gmt":"2025-04-15T13:00:52","guid":{"rendered":"https:\/\/setsuko.ca\/product\/intersections-du-diaphragme-2\/"},"modified":"2026-02-27T10:25:45","modified_gmt":"2026-02-27T15:25:45","slug":"intersections-du-diaphragme-2","status":"publish","type":"product","link":"https:\/\/setsuko.ca\/fr\/produit\/intersections-du-diaphragme-2\/","title":{"rendered":"Intersections du diaphragme (NDG)"},"content":{"rendered":"<p><b>Intersections des diaphragmes<\/b><\/p>\n<p><span style=\"font-weight: 400;\">Vous apprendrez les coupes transversales des 5 principaux diaphragmes du corps (pelvien, respiratoire, thoracique, gorge (oral), cr\u00e2ne). Pour chaque diaphragme, nous \u00e9tudierons en profondeur l\u2019anatomie des structures qui le traversent, s\u2019entrelacent et se connectent \u00e0 travers les diaphragmes. <\/span><\/p>\n<p><span style=\"font-weight: 400;\">Par la palpation, en apprenant \u00e0 reconna\u00eetre et \u00e0 traiter les dysfonctionnements ou les restrictions des zones environnantes, vous d\u00e9couvrez l\u2019importance de ces structures et leur r\u00f4le dans la fonctionnalit\u00e9 globale du corps et de ses syst\u00e8mes. <\/span><\/p>\n<p><span style=\"font-weight: 400;\">16 et 17 mai 2026 (9 h 00 \u2013 17 h 00) Intersections des diaphragmes<\/span><\/p>\n","protected":false},"excerpt":{"rendered":"<p><span style=\"font-weight: 400;\">Vous apprendrez les coupes transversales des 5 principaux diaphragmes du corps (pelvien, respiratoire, thoracique, gorge (oral), cr\u00e2ne). Pour chaque diaphragme, nous \u00e9tudierons en profondeur l\u2019anatomie des structures qui le traversent, s\u2019entrelacent et se connectent \u00e0 travers les diaphragmes. <\/span><\/p>\n<p><span style=\"font-weight: 400;\">16 et 17 mai 2026 (9 h 00 \u2013 17 h 00) Intersections des diaphragmes<\/span><\/p>\n","protected":false},"featured_media":15203,"template":"","meta":{"_acf_changed":false},"product_brand":[],"product_cat":[440,169,479,97,481,287,491,143],"product_tag":[],"class_list":{"0":"post-15202","1":"product","2":"type-product","3":"status-publish","4":"has-post-thumbnail","6":"product_cat-anglais","7":"product_cat-atelier","8":"product_cat-clinical-massage","9":"product_cat-en-personne","10":"product_cat-holistic-therapies","11":"product_cat-qe-ndg-fr","12":"product_cat-therapies-energetiques","13":"product_cat-tony-eng-fr","15":"first","16":"instock","17":"sale","18":"featured","19":"shipping-taxable","20":"purchasable","21":"product-type-simple"},"acf":[],"_links":{"self":[{"href":"https:\/\/setsuko.ca\/fr\/wp-json\/wp\/v2\/product\/15202","targetHints":{"allow":["GET"]}}],"collection":[{"href":"https:\/\/setsuko.ca\/fr\/wp-json\/wp\/v2\/product"}],"about":[{"href":"https:\/\/setsuko.ca\/fr\/wp-json\/wp\/v2\/types\/product"}],"wp:featuredmedia":[{"embeddable":true,"href":"https:\/\/setsuko.ca\/fr\/wp-json\/wp\/v2\/media\/15203"}],"wp:attachment":[{"href":"https:\/\/setsuko.ca\/fr\/wp-json\/wp\/v2\/media?parent=15202"}],"wp:term":[{"taxonomy":"product_brand","embeddable":true,"href":"https:\/\/setsuko.ca\/fr\/wp-json\/wp\/v2\/product_brand?post=15202"},{"taxonomy":"product_cat","embeddable":true,"href":"https:\/\/setsuko.ca\/fr\/wp-json\/wp\/v2\/product_cat?post=15202"},{"taxonomy":"product_tag","embeddable":true,"href":"https:\/\/setsuko.ca\/fr\/wp-json\/wp\/v2\/product_tag?post=15202"}],"curies":[{"name":"wp","href":"https:\/\/api.w.org\/{rel}","templated":true}]}}