{"id":15206,"date":"2025-05-05T09:00:16","date_gmt":"2025-05-05T13:00:16","guid":{"rendered":"https:\/\/setsuko.ca\/product\/voies-vasculaires\/"},"modified":"2026-02-27T10:23:58","modified_gmt":"2026-02-27T15:23:58","slug":"voies-vasculaires","status":"publish","type":"product","link":"https:\/\/setsuko.ca\/fr\/produit\/voies-vasculaires\/","title":{"rendered":"Voies vasculaires (NDG)"},"content":{"rendered":"<p><b>Voies vasculaires<\/b><\/p>\n<p><span style=\"font-weight: 400;\">Vous apprendrez les voies anatomiques du syst\u00e8me cardiovasculaire. En approfondissant vos connaissances des relations structurelles et fonctionnelles au sein des voies art\u00e9rielles et veineuses dans tout le corps, vous serez en mesure de traiter le corps plus efficacement. <\/span><\/p>\n<p><span style=\"font-weight: 400;\">Vous apprendrez \u00e9galement \u00e0 reconna\u00eetre les dysfonctionnements ou restrictions des structures pouvant contribuer aux sympt\u00f4mes et probl\u00e8mes sous-jacents par la palpation, l&#8217;\u00e9valuation, des tests sp\u00e9cifiques et la visualisation. <\/span><\/p>\n<p><span style=\"font-weight: 400;\">6, 7 juin 2026 (9:00-17:00) Voies vasculaires<\/span><\/p>\n","protected":false},"excerpt":{"rendered":"<p><span style=\"font-weight: 400;\">Vous apprendrez les voies anatomiques du syst\u00e8me cardiovasculaire. En approfondissant vos connaissances des relations structurelles et fonctionnelles au sein des voies art\u00e9rielles et veineuses dans tout le corps, vous serez en mesure de traiter le corps plus efficacement. <\/span><\/p>\n<p><span style=\"font-weight: 400;\">6, 7 juin 2026 (9:00-17:00) Voies vasculaires<\/span><\/p>\n","protected":false},"featured_media":15218,"template":"","meta":{"_acf_changed":false},"product_brand":[],"product_cat":[440,169,479,95,97,287,143],"product_tag":[],"class_list":{"0":"post-15206","1":"product","2":"type-product","3":"status-publish","4":"has-post-thumbnail","6":"product_cat-anglais","7":"product_cat-atelier","8":"product_cat-clinical-massage","9":"product_cat-cours","10":"product_cat-en-personne","11":"product_cat-qe-ndg-fr","12":"product_cat-tony-eng-fr","14":"first","15":"instock","16":"sale","17":"featured","18":"shipping-taxable","19":"purchasable","20":"product-type-simple"},"acf":[],"_links":{"self":[{"href":"https:\/\/setsuko.ca\/fr\/wp-json\/wp\/v2\/product\/15206","targetHints":{"allow":["GET"]}}],"collection":[{"href":"https:\/\/setsuko.ca\/fr\/wp-json\/wp\/v2\/product"}],"about":[{"href":"https:\/\/setsuko.ca\/fr\/wp-json\/wp\/v2\/types\/product"}],"wp:featuredmedia":[{"embeddable":true,"href":"https:\/\/setsuko.ca\/fr\/wp-json\/wp\/v2\/media\/15218"}],"wp:attachment":[{"href":"https:\/\/setsuko.ca\/fr\/wp-json\/wp\/v2\/media?parent=15206"}],"wp:term":[{"taxonomy":"product_brand","embeddable":true,"href":"https:\/\/setsuko.ca\/fr\/wp-json\/wp\/v2\/product_brand?post=15206"},{"taxonomy":"product_cat","embeddable":true,"href":"https:\/\/setsuko.ca\/fr\/wp-json\/wp\/v2\/product_cat?post=15206"},{"taxonomy":"product_tag","embeddable":true,"href":"https:\/\/setsuko.ca\/fr\/wp-json\/wp\/v2\/product_tag?post=15206"}],"curies":[{"name":"wp","href":"https:\/\/api.w.org\/{rel}","templated":true}]}}