{"id":15214,"date":"2025-10-13T09:00:21","date_gmt":"2025-10-13T13:00:21","guid":{"rendered":"https:\/\/setsuko.ca\/product\/voies-neurales-systeme-nerveux-peripherique\/"},"modified":"2026-02-27T10:27:59","modified_gmt":"2026-02-27T15:27:59","slug":"voies-neurales-systeme-nerveux-peripherique","status":"publish","type":"product","link":"https:\/\/setsuko.ca\/fr\/produit\/voies-neurales-systeme-nerveux-peripherique\/","title":{"rendered":"Voies nerveuses (Syst\u00e8me nerveux p\u00e9riph\u00e9rique)(DORVAL)"},"content":{"rendered":"<p><b>Voies neurales (syst\u00e8me nerveux p\u00e9riph\u00e9rique)<\/b><\/p>\n<p><span style=\"font-weight: 400;\">Vous apprendrez les voies anatomiques du syst\u00e8me nerveux p\u00e9riph\u00e9rique. En approfondissant vos connaissances des relations structurelles et fonctionnelles au sein des voies nerveuses du corps, vous serez en mesure de traiter le corps plus efficacement. <\/span><\/p>\n<p><span style=\"font-weight: 400;\">Vous apprendrez \u00e9galement \u00e0 reconna\u00eetre les dysfonctionnements ou restrictions des structures pouvant contribuer aux sympt\u00f4mes et probl\u00e8mes sous-jacents par la palpation, l&#8217;\u00e9valuation, des tests sp\u00e9cifiques et la visualisation. <\/span><\/p>\n<p><span style=\"font-weight: 400;\">14, 15 novembre 2026 (9:00-17:00) Voies neurales (syst\u00e8me nerveux p\u00e9riph\u00e9rique)<\/span><\/p>\n","protected":false},"excerpt":{"rendered":"<p><span style=\"font-weight: 400;\">Vous apprendrez les voies anatomiques du syst\u00e8me nerveux p\u00e9riph\u00e9rique. En approfondissant vos connaissances des relations structurelles et fonctionnelles au sein des voies nerveuses du corps, vous serez en mesure de traiter le corps plus efficacement. <\/span><\/p>\n<p><span style=\"font-weight: 400;\">14, 15 novembre 2026 (9:00-17:00) Voies neurales (syst\u00e8me nerveux p\u00e9riph\u00e9rique)tyg<\/span><\/p>\n","protected":false},"featured_media":15215,"template":"","meta":{"_acf_changed":false},"product_brand":[],"product_cat":[440,169,479,95,291,97,143],"product_tag":[],"class_list":{"0":"post-15214","1":"product","2":"type-product","3":"status-publish","4":"has-post-thumbnail","6":"product_cat-anglais","7":"product_cat-atelier","8":"product_cat-clinical-massage","9":"product_cat-cours","10":"product_cat-dorval-west-island-fr","11":"product_cat-en-personne","12":"product_cat-tony-eng-fr","14":"first","15":"instock","16":"sale","17":"featured","18":"shipping-taxable","19":"purchasable","20":"product-type-simple"},"acf":[],"_links":{"self":[{"href":"https:\/\/setsuko.ca\/fr\/wp-json\/wp\/v2\/product\/15214","targetHints":{"allow":["GET"]}}],"collection":[{"href":"https:\/\/setsuko.ca\/fr\/wp-json\/wp\/v2\/product"}],"about":[{"href":"https:\/\/setsuko.ca\/fr\/wp-json\/wp\/v2\/types\/product"}],"wp:featuredmedia":[{"embeddable":true,"href":"https:\/\/setsuko.ca\/fr\/wp-json\/wp\/v2\/media\/15215"}],"wp:attachment":[{"href":"https:\/\/setsuko.ca\/fr\/wp-json\/wp\/v2\/media?parent=15214"}],"wp:term":[{"taxonomy":"product_brand","embeddable":true,"href":"https:\/\/setsuko.ca\/fr\/wp-json\/wp\/v2\/product_brand?post=15214"},{"taxonomy":"product_cat","embeddable":true,"href":"https:\/\/setsuko.ca\/fr\/wp-json\/wp\/v2\/product_cat?post=15214"},{"taxonomy":"product_tag","embeddable":true,"href":"https:\/\/setsuko.ca\/fr\/wp-json\/wp\/v2\/product_tag?post=15214"}],"curies":[{"name":"wp","href":"https:\/\/api.w.org\/{rel}","templated":true}]}}