{"id":15217,"date":"2025-11-04T09:00:09","date_gmt":"2025-11-04T14:00:09","guid":{"rendered":"https:\/\/setsuko.ca\/product\/voies-du-nerf-vague\/"},"modified":"2026-02-27T10:30:27","modified_gmt":"2026-02-27T15:30:27","slug":"voies-du-nerf-vague","status":"publish","type":"product","link":"https:\/\/setsuko.ca\/fr\/produit\/voies-du-nerf-vague\/","title":{"rendered":"Voies et connexions du nerf vague (DORVAL)"},"content":{"rendered":"<p><b>Voies et connexions du nerf vague<\/b><\/p>\n<p><span style=\"font-weight: 400;\">Vous apprendrez les voies et les connexions anatomiques du nerf vague. En approfondissant vos connaissances des relations structurelles et fonctionnelles au sein des voies et des connexions du nerf vague, vous serez en mesure d\u2019aider \u00e0 r\u00e9guler \u00e0 la baisse le syst\u00e8me nerveux et \u00e0 stimuler le tonus vagal. <\/span><\/p>\n<p><span style=\"font-weight: 400;\">Vous apprendrez \u00e9galement \u00e0 reconna\u00eetre, par la palpation, l\u2019\u00e9valuation, des tests sp\u00e9cifiques, la visualisation et des exercices, les dysfonctionnements ou restrictions du nerf vague susceptibles de contribuer aux sympt\u00f4mes et aux probl\u00e8mes sous-jacents.<\/span><\/p>\n<p><span style=\"font-weight: 400;\">5 et 6 d\u00e9cembre 2026 (9:00-17:00) Voies et connexions du nerf vague<\/span><\/p>\n","protected":false},"excerpt":{"rendered":"<p><span style=\"font-weight: 400;\">Vous apprendrez les voies et les connexions anatomiques du nerf vague. En approfondissant vos connaissances des relations structurelles et fonctionnelles au sein des voies et des connexions du nerf vague, vous serez en mesure d\u2019aider \u00e0 r\u00e9guler \u00e0 la baisse le syst\u00e8me nerveux et \u00e0 stimuler le tonus vagal. <\/span><\/p>\n<p><span style=\"font-weight: 400;\">5 et 6 d\u00e9cembre 2026 (9:00-17:00) Voies et connexions du nerf vague<\/span><\/p>\n","protected":false},"featured_media":15223,"template":"","meta":{"_acf_changed":false},"product_brand":[],"product_cat":[440,169,95,291,97,143],"product_tag":[],"class_list":{"0":"post-15217","1":"product","2":"type-product","3":"status-publish","4":"has-post-thumbnail","6":"product_cat-anglais","7":"product_cat-atelier","8":"product_cat-cours","9":"product_cat-dorval-west-island-fr","10":"product_cat-en-personne","11":"product_cat-tony-eng-fr","13":"first","14":"instock","15":"sale","16":"featured","17":"shipping-taxable","18":"purchasable","19":"product-type-simple"},"acf":[],"_links":{"self":[{"href":"https:\/\/setsuko.ca\/fr\/wp-json\/wp\/v2\/product\/15217","targetHints":{"allow":["GET"]}}],"collection":[{"href":"https:\/\/setsuko.ca\/fr\/wp-json\/wp\/v2\/product"}],"about":[{"href":"https:\/\/setsuko.ca\/fr\/wp-json\/wp\/v2\/types\/product"}],"wp:featuredmedia":[{"embeddable":true,"href":"https:\/\/setsuko.ca\/fr\/wp-json\/wp\/v2\/media\/15223"}],"wp:attachment":[{"href":"https:\/\/setsuko.ca\/fr\/wp-json\/wp\/v2\/media?parent=15217"}],"wp:term":[{"taxonomy":"product_brand","embeddable":true,"href":"https:\/\/setsuko.ca\/fr\/wp-json\/wp\/v2\/product_brand?post=15217"},{"taxonomy":"product_cat","embeddable":true,"href":"https:\/\/setsuko.ca\/fr\/wp-json\/wp\/v2\/product_cat?post=15217"},{"taxonomy":"product_tag","embeddable":true,"href":"https:\/\/setsuko.ca\/fr\/wp-json\/wp\/v2\/product_tag?post=15217"}],"curies":[{"name":"wp","href":"https:\/\/api.w.org\/{rel}","templated":true}]}}