{"id":15225,"date":"2026-02-23T12:31:40","date_gmt":"2026-02-23T17:31:40","guid":{"rendered":"https:\/\/setsuko.ca\/product\/massage-thai-sportif\/"},"modified":"2026-02-23T12:33:27","modified_gmt":"2026-02-23T17:33:27","slug":"massage-thai-sportif","status":"publish","type":"product","link":"https:\/\/setsuko.ca\/fr\/produit\/massage-thai-sportif\/","title":{"rendered":"Massage tha\u00ef sportif"},"content":{"rendered":"<div class=\"flex flex-col text-sm pb-25\">\n<article class=\"text-token-text-primary w-full focus:outline-none [--shadow-height:45px] has-data-writing-block:pointer-events-none has-data-writing-block:-mt-(--shadow-height) has-data-writing-block:pt-(--shadow-height) [&amp;:has([data-writing-block])&gt;*]:pointer-events-auto [content-visibility:auto] supports-[content-visibility:auto]:[contain-intrinsic-size:auto_100lvh] scroll-mt-[calc(var(--header-height)+min(200px,max(70px,20svh)))]\" dir=\"auto\" tabindex=\"-1\" data-turn-id=\"c939258a-7e1e-4af9-befb-1f020e71fa5c\" data-testid=\"conversation-turn-2\" data-scroll-anchor=\"true\" data-turn=\"assistant\">\n<div class=\"text-base my-auto mx-auto pb-10 [--thread-content-margin:--spacing(4)] @w-sm\/main:[--thread-content-margin:--spacing(6)] @w-lg\/main:[--thread-content-margin:--spacing(16)] px-(--thread-content-margin)\">\n<div class=\"[--thread-content-max-width:40rem] @w-lg\/main:[--thread-content-max-width:48rem] mx-auto max-w-(--thread-content-max-width) flex-1 group\/turn-messages focus-visible:outline-hidden relative flex w-full min-w-0 flex-col agent-turn\" tabindex=\"-1\">\n<div class=\"flex max-w-full flex-col grow\">\n<div class=\"min-h-8 text-message relative flex w-full flex-col items-end gap-2 text-start break-words whitespace-normal [.text-message+&amp;]:mt-1\" dir=\"auto\" data-message-author-role=\"assistant\" data-message-id=\"bb91d9f4-5926-43f9-9d67-6421e9e1fd74\" data-message-model-slug=\"gpt-5-2\">\n<div class=\"flex w-full flex-col gap-1 empty:hidden first:pt-[1px]\">\n<div class=\"markdown prose dark:prose-invert w-full wrap-break-word light markdown-new-styling\">\n<p data-start=\"52\" data-end=\"422\">Le Massage tha\u00ef sportif est une \u00e9volution moderne du massage tha\u00ef traditionnel, adapt\u00e9e aux athl\u00e8tes, aux personnes actives et aux contextes cliniques ax\u00e9s sur la performance. En combinant les techniques tha\u00ef traditionnelles et les sciences du sport occidentales, ce syst\u00e8me aide les th\u00e9rapeutes \u00e0 am\u00e9liorer la mobilit\u00e9, r\u00e9duire la douleur, acc\u00e9l\u00e9rer la r\u00e9cup\u00e9ration et optimiser la performance \u2014 tout en prot\u00e9geant leur propre corps. <\/p>\n<p data-start=\"424\" data-end=\"808\">Contrairement au seul massage passif sur table, le Massage tha\u00ef sportif int\u00e8gre des \u00e9tirements assist\u00e9s, la mobilisation articulaire, les techniques d\u2019\u00e9nergie musculaire (MET), le PNF et un ciblage biom\u00e9canique pr\u00e9cis pour des r\u00e9sultats plus durables. En utilisant le levier, le poids du corps, les coudes et le positionnement plut\u00f4t que l\u2019effort musculaire, vous apprendrez \u00e0 travailler plus en profondeur et plus efficacement, sans \u00e9puiser vos mains. <\/p>\n<p data-start=\"810\" data-end=\"861\"><strong data-start=\"810\" data-end=\"861\">Dans cet intensif de 2 jours, vous apprendrez \u00e0 :<\/strong><\/p>\n<ul data-start=\"863\" data-end=\"1181\">\n<li data-start=\"863\" data-end=\"919\">\n<p data-start=\"865\" data-end=\"919\">Traiter avec pr\u00e9cision les hanches, le bas du dos et les \u00e9paules<\/p>\n<\/li>\n<li data-start=\"920\" data-end=\"972\">\n<p data-start=\"922\" data-end=\"972\">Appliquer des \u00e9tirements assist\u00e9s en toute s\u00e9curit\u00e9 et avec efficacit\u00e9<\/p>\n<\/li>\n<li data-start=\"973\" data-end=\"1054\">\n<p data-start=\"975\" data-end=\"1054\">Combiner le travail des tissus mous, la mobilisation et les \u00e9tirements dans un encha\u00eenement fluide<\/p>\n<\/li>\n<li data-start=\"1055\" data-end=\"1111\">\n<p data-start=\"1057\" data-end=\"1111\">Utiliser le levier pour travailler plus en profondeur avec moins d\u2019effort<\/p>\n<\/li>\n<li data-start=\"1112\" data-end=\"1181\">\n<p data-start=\"1114\" data-end=\"1181\">Structurer une s\u00e9ance de traitement claire, efficace et ax\u00e9e sur la performance<\/p>\n<\/li>\n<\/ul>\n<p data-start=\"1183\" data-end=\"1362\">Id\u00e9ale pour les massoth\u00e9rapeutes, les th\u00e9rapeutes manuels, les professionnels du mouvement et les \u00e9tudiants, cette formation apporte des comp\u00e9tences cliniques imm\u00e9diatement applicables d\u00e8s le lendemain.<\/p>\n<p data-start=\"1364\" data-end=\"1584\" data-is-last-node=\"\" data-is-only-node=\"\">\u00c0 l\u2019issue du cours, vous proposerez des traitements plus efficaces, mieux structur\u00e9s et bien moins \u00e9prouvants physiquement \u2014 un syst\u00e8me complet con\u00e7u pour am\u00e9liorer vos r\u00e9sultats tout en prolongeant la long\u00e9vit\u00e9 de votre carri\u00e8re.<\/p>\n<\/div>\n<\/div>\n<\/div>\n<\/div>\n<div class=\"z-0 flex min-h-[46px] justify-start\"><\/div>\n<div class=\"mt-3 w-full empty:hidden\">\n<div class=\"text-center\"><\/div>\n<\/div>\n<\/div>\n<\/div>\n<\/article>\n<\/div>\n<div class=\"pointer-events-none h-px w-px absolute bottom-0\" aria-hidden=\"true\" data-edge=\"true\"><\/div>\n","protected":false},"excerpt":{"rendered":"<p>Le Massage tha\u00ef sportif est une \u00e9volution moderne du massage tha\u00ef traditionnel, adapt\u00e9e aux athl\u00e8tes, aux personnes actives et aux contextes cliniques ax\u00e9s sur la performance. En combinant les techniques tha\u00ef traditionnelles et les sciences du sport occidentales, ce syst\u00e8me aide les th\u00e9rapeutes \u00e0 am\u00e9liorer la mobilit\u00e9, r\u00e9duire la douleur, acc\u00e9l\u00e9rer la r\u00e9cup\u00e9ration et optimiser la performance \u2014 tout en prot\u00e9geant leur propre corps. <\/p>\n","protected":false},"featured_media":14024,"template":"","meta":{"_acf_changed":false},"product_brand":[],"product_cat":[169,439,479,291,97,431,489],"product_tag":[],"class_list":{"0":"post-15225","1":"product","2":"type-product","3":"status-publish","4":"has-post-thumbnail","6":"product_cat-atelier","7":"product_cat-bilingue","8":"product_cat-clinical-massage","9":"product_cat-dorval-west-island-fr","10":"product_cat-en-personne","11":"product_cat-kevin-qian-fr","12":"product_cat-modalites-orientales","14":"first","15":"instock","16":"featured","17":"shipping-taxable","18":"purchasable","19":"product-type-simple"},"acf":[],"_links":{"self":[{"href":"https:\/\/setsuko.ca\/fr\/wp-json\/wp\/v2\/product\/15225","targetHints":{"allow":["GET"]}}],"collection":[{"href":"https:\/\/setsuko.ca\/fr\/wp-json\/wp\/v2\/product"}],"about":[{"href":"https:\/\/setsuko.ca\/fr\/wp-json\/wp\/v2\/types\/product"}],"wp:featuredmedia":[{"embeddable":true,"href":"https:\/\/setsuko.ca\/fr\/wp-json\/wp\/v2\/media\/14024"}],"wp:attachment":[{"href":"https:\/\/setsuko.ca\/fr\/wp-json\/wp\/v2\/media?parent=15225"}],"wp:term":[{"taxonomy":"product_brand","embeddable":true,"href":"https:\/\/setsuko.ca\/fr\/wp-json\/wp\/v2\/product_brand?post=15225"},{"taxonomy":"product_cat","embeddable":true,"href":"https:\/\/setsuko.ca\/fr\/wp-json\/wp\/v2\/product_cat?post=15225"},{"taxonomy":"product_tag","embeddable":true,"href":"https:\/\/setsuko.ca\/fr\/wp-json\/wp\/v2\/product_tag?post=15225"}],"curies":[{"name":"wp","href":"https:\/\/api.w.org\/{rel}","templated":true}]}}