{"id":15236,"date":"2025-04-01T09:00:29","date_gmt":"2025-04-01T13:00:29","guid":{"rendered":"https:\/\/setsuko.ca\/product\/construire-la-feuille-de-route-du-corps\/"},"modified":"2026-03-24T15:04:53","modified_gmt":"2026-03-24T19:04:53","slug":"construire-la-feuille-de-route-du-corps","status":"publish","type":"product","link":"https:\/\/setsuko.ca\/fr\/produit\/construire-la-feuille-de-route-du-corps\/","title":{"rendered":"Construire la feuille de route du corps (NDG)"},"content":{"rendered":"<p><b>Construire la cartographie du corps<\/b><\/p>\n<p><span style=\"font-weight: 400;\">Vous apprendrez \u00e0 approfondir vos comp\u00e9tences d\u2019\u00e9coute, de communication, d\u2019analyse et de raisonnement clinique en \u00e9tablissant des liens avec le corps sous un angle biom\u00e9canique et physiologique. Pour vous aider \u00e0 identifier les causes profondes et \u00e0 gagner en efficacit\u00e9 dans vos traitements. <\/span><\/p>\n<p><span style=\"font-weight: 400;\">Quelques th\u00e8mes\u2026<\/span><\/p>\n<p><span style=\"font-weight: 400;\">-Techniques d\u2019entretien, de communication et d\u2019\u00e9coute<\/span><\/p>\n<p><span style=\"font-weight: 400;\">-Cartographier le corps<\/span><\/p>\n<p><span style=\"font-weight: 400;\">-\u00c9tablir des liens avec la physiologie, l\u2019anatomie et les pathologies<\/span><\/p>\n<p><span style=\"font-weight: 400;\">-Analyse de la posture<\/span><\/p>\n<p><span style=\"font-weight: 400;\">-Sch\u00e9mas de compensation et de maintien<\/span><\/p>\n<p><span style=\"font-weight: 400;\">-Introduction aux tests sp\u00e9cifiques et aux \u00e9valuations<\/span><\/p>\n<p><span style=\"font-weight: 400;\">-\u00c9laborer des plans de traitement th\u00e9rapeutiques<\/span><\/p>\n<p><span style=\"font-weight: 400;\">-Construire le \u00ab storytelling \u00bb du corps<\/span><\/p>\n<p><span style=\"font-weight: 400;\">-Ancrage et approfondissement de votre pr\u00e9sence th\u00e9rapeutique<\/span><\/p>\n<p>En ligne : 21 et 28 avr. 2026, de 18 h \u00e0 21 h<\/p>\n<p>En personne : 2 mai 2026, de 9 h \u00e0 17 h<\/p>\n","protected":false},"excerpt":{"rendered":"<p>Vous apprendrez \u00e0 approfondir vos comp\u00e9tences d\u2019\u00e9coute, de communication, d\u2019analyse et de raisonnement clinique en \u00e9tablissant des liens avec le corps sous un angle biom\u00e9canique et physiologique. Pour vous aider \u00e0 identifier les causes profondes et \u00e0 gagner en efficacit\u00e9 dans vos traitements. <\/p>\n<p>En ligne : 21 et 28 avr. 2026, de 18 h \u00e0 21 h<\/p>\n<p>En personne : 2 mai 2026, de 9 h \u00e0 17 h<\/p>\n","protected":false},"featured_media":15197,"template":"","meta":{"_acf_changed":false},"product_brand":[],"product_cat":[440,169,479,291,158,491,143],"product_tag":[],"class_list":{"0":"post-15236","1":"product","2":"type-product","3":"status-publish","4":"has-post-thumbnail","6":"product_cat-anglais","7":"product_cat-atelier","8":"product_cat-clinical-massage","9":"product_cat-dorval-west-island-fr","10":"product_cat-hybrid-fr","11":"product_cat-therapies-energetiques","12":"product_cat-tony-eng-fr","14":"first","15":"instock","16":"sale","17":"featured","18":"virtual","19":"purchasable","20":"product-type-simple"},"acf":[],"_links":{"self":[{"href":"https:\/\/setsuko.ca\/fr\/wp-json\/wp\/v2\/product\/15236","targetHints":{"allow":["GET"]}}],"collection":[{"href":"https:\/\/setsuko.ca\/fr\/wp-json\/wp\/v2\/product"}],"about":[{"href":"https:\/\/setsuko.ca\/fr\/wp-json\/wp\/v2\/types\/product"}],"wp:featuredmedia":[{"embeddable":true,"href":"https:\/\/setsuko.ca\/fr\/wp-json\/wp\/v2\/media\/15197"}],"wp:attachment":[{"href":"https:\/\/setsuko.ca\/fr\/wp-json\/wp\/v2\/media?parent=15236"}],"wp:term":[{"taxonomy":"product_brand","embeddable":true,"href":"https:\/\/setsuko.ca\/fr\/wp-json\/wp\/v2\/product_brand?post=15236"},{"taxonomy":"product_cat","embeddable":true,"href":"https:\/\/setsuko.ca\/fr\/wp-json\/wp\/v2\/product_cat?post=15236"},{"taxonomy":"product_tag","embeddable":true,"href":"https:\/\/setsuko.ca\/fr\/wp-json\/wp\/v2\/product_tag?post=15236"}],"curies":[{"name":"wp","href":"https:\/\/api.w.org\/{rel}","templated":true}]}}