{"id":15282,"date":"2026-02-25T13:20:31","date_gmt":"2026-02-25T18:20:31","guid":{"rendered":"https:\/\/setsuko.ca\/product\/methode-matcha\/"},"modified":"2026-02-25T13:20:31","modified_gmt":"2026-02-25T18:20:31","slug":"methode-matcha","status":"publish","type":"product","link":"https:\/\/setsuko.ca\/fr\/produit\/methode-matcha\/","title":{"rendered":"M\u00e9thode Matcha"},"content":{"rendered":"<p>Un atelier de travail corporel sur table de deux jours, inspir\u00e9 du massage tha\u00ef, repens\u00e9 pour la table, m\u00ealant techniques traditionnelles et principes issus du judo et du mouvement cr\u00e9atif.<\/p>\n<p>Vous serez guid\u00e9(e) \u00e0 travers une s\u00e9quence soigneusement con\u00e7ue et efficace, avec une structure claire et pratique que vous pourrez appliquer imm\u00e9diatement. Mais au-del\u00e0 de la s\u00e9quence, vous apprendrez \u00e0 vous y d\u00e9placer, \u00e0 l\u2019adapter et \u00e0 vous l\u2019approprier. <\/p>\n<p>Vous explorerez une gamme d\u2019\u00e9tirements et de techniques \u2014 certaines traditionnelles, d\u2019autres d\u00e9velopp\u00e9es de mani\u00e8re unique \u2014 toutes adapt\u00e9es sp\u00e9cifiquement \u00e0 la table. L\u2019objectif n\u2019est pas de reproduire une chor\u00e9graphie, mais de comprendre comment bouger, encha\u00eener et r\u00e9pondre avec aisance, pr\u00e9cision et fluidit\u00e9. <\/p>\n<p>C\u2019est l\u00e0 que la structure rencontre la cr\u00e9ativit\u00e9. Vous apprendrez \u00e0 utiliser votre corps plus intelligemment, \u00e0 cr\u00e9er des transitions sans couture et \u00e0 adapter chaque technique \u00e0 la personne en face de vous, pour des soins intuitifs, efficaces et profond\u00e9ment connect\u00e9s. <\/p>\n<p>\u00c0 la fin, vous ne repartirez pas seulement avec une s\u00e9quence : vous repartirez avec la compr\u00e9hension de la faire \u00e9voluer, de l\u2019adapter et de la faire vivre sur la table, de fa\u00e7on naturelle et efficace.<\/p>\n","protected":false},"excerpt":{"rendered":"<p>La M\u00e9thode Matcha est un atelier de travail corporel sur table de deux jours, inspir\u00e9 du massage tha\u00ef, qui m\u00eale techniques traditionnelles et principes issus du judo et du mouvement cr\u00e9atif. Vous repartirez avec une s\u00e9quence pratique, pr\u00eate \u00e0 l\u2019emploi, ainsi que les comp\u00e9tences pour l\u2019adapter en temps r\u00e9el \u2014 en cr\u00e9ant des transitions fluides et des soins intuitifs, efficaces et profond\u00e9ment connect\u00e9s. <\/p>\n","protected":false},"featured_media":15304,"template":"","meta":{"_acf_changed":false},"product_brand":[],"product_cat":[440,169,479,95,291,97,489],"product_tag":[],"class_list":{"0":"post-15282","1":"product","2":"type-product","3":"status-publish","4":"has-post-thumbnail","6":"product_cat-anglais","7":"product_cat-atelier","8":"product_cat-clinical-massage","9":"product_cat-cours","10":"product_cat-dorval-west-island-fr","11":"product_cat-en-personne","12":"product_cat-modalites-orientales","14":"first","15":"instock","16":"featured","17":"virtual","18":"purchasable","19":"product-type-simple"},"acf":[],"_links":{"self":[{"href":"https:\/\/setsuko.ca\/fr\/wp-json\/wp\/v2\/product\/15282","targetHints":{"allow":["GET"]}}],"collection":[{"href":"https:\/\/setsuko.ca\/fr\/wp-json\/wp\/v2\/product"}],"about":[{"href":"https:\/\/setsuko.ca\/fr\/wp-json\/wp\/v2\/types\/product"}],"wp:featuredmedia":[{"embeddable":true,"href":"https:\/\/setsuko.ca\/fr\/wp-json\/wp\/v2\/media\/15304"}],"wp:attachment":[{"href":"https:\/\/setsuko.ca\/fr\/wp-json\/wp\/v2\/media?parent=15282"}],"wp:term":[{"taxonomy":"product_brand","embeddable":true,"href":"https:\/\/setsuko.ca\/fr\/wp-json\/wp\/v2\/product_brand?post=15282"},{"taxonomy":"product_cat","embeddable":true,"href":"https:\/\/setsuko.ca\/fr\/wp-json\/wp\/v2\/product_cat?post=15282"},{"taxonomy":"product_tag","embeddable":true,"href":"https:\/\/setsuko.ca\/fr\/wp-json\/wp\/v2\/product_tag?post=15282"}],"curies":[{"name":"wp","href":"https:\/\/api.w.org\/{rel}","templated":true}]}}