{"id":15335,"date":"2026-03-02T17:07:25","date_gmt":"2026-03-02T22:07:25","guid":{"rendered":"https:\/\/setsuko.ca\/product\/techniques-defficacite-maximale-avec-retraite-de-massage-sportif-thailandais\/"},"modified":"2026-05-16T12:45:48","modified_gmt":"2026-05-16T16:45:48","slug":"techniques-defficacite-maximale-avec-retraite-de-massage-sportif-thailandais","status":"publish","type":"product","link":"https:\/\/setsuko.ca\/fr\/produit\/techniques-defficacite-maximale-avec-retraite-de-massage-sportif-thailandais\/","title":{"rendered":"Pr\u00e9cision &amp; Pr\u00e9sence \u2013 M.E.T., Massage Sportif Tha\u00eflandais &amp; Retraite \u00c9nergie en Mouvement"},"content":{"rendered":"<p><strong>Pr\u00e9cision &amp; Performance en Travail Corporel Moderne<\/strong><\/p>\n<p>Rejoignez-nous pour une retraite immersive de formation continue de trois jours, tout inclus, dans les magnifiques Cantons-de-l\u2019Est du Qu\u00e9bec, organis\u00e9e durant l\u2019une des saisons les plus vibrantes de l\u2019ann\u00e9e. Entour\u00e9 par la nature et \u00e0 l\u2019\u00e9cart des exigences de la pratique quotidienne, cet intensif offre l\u2019espace n\u00e9cessaire pour perfectionner votre technique et transformer votre approche \u00e0 la table de massage. <\/p>\n<p>La retraite r\u00e9unit deux syst\u00e8mes puissants.<\/p>\n<p>Les techniques d&#8217;efficacit\u00e9 maximale (M.E.T.) de Kevin int\u00e9gr\u00e9es au massage sportif tha\u00eflandais forment une approche ax\u00e9e sur la biom\u00e9canique d\u00e9velopp\u00e9e au fil d&#8217;ann\u00e9es de pratique concr\u00e8te, de comp\u00e9tition et de travail avec des athl\u00e8tes de haut niveau. Les M.E.T. mettent l&#8217;accent sur l&#8217;effet de levier, le positionnement et l&#8217;efficacit\u00e9 du poids corporel pour am\u00e9liorer consid\u00e9rablement l&#8217;efficacit\u00e9 th\u00e9rapeutique tout en r\u00e9duisant la tension physique. En compl\u00e9ment, les principes traditionnels du massage tha\u00eflandais affin\u00e9s par une formation directe en Tha\u00eflande introduisent les \u00e9tirements assist\u00e9s, les mouvements rythmiques, la traction et l&#8217;int\u00e9gration corporelle globale.  <\/p>\n<p>Int\u00e9gr\u00e9 \u00e0 l&#8217;intensif se trouve Energy in Motion de Jenni, un cadre bas\u00e9 sur le mouvement centr\u00e9 sur la force du tronc, la m\u00e9canique corporelle ancr\u00e9e et le flux dynamique. Cette dimension de la formation cultive la stabilit\u00e9 interne, la fluidit\u00e9 et l&#8217;intelligence somatique, garantissant que la puissance est soutenue par la structure et la pr\u00e9sence. <\/p>\n<p>Ensemble, ces approches cr\u00e9ent un mod\u00e8le de traitement \u00e0 la fois techniquement pr\u00e9cis et durable pour la long\u00e9vit\u00e9 professionnelle \u00e0 long terme.<\/p>\n","protected":false},"excerpt":{"rendered":"<p>Cette retraite immersive de formation continue de trois jours, tout inclus, dans les magnifiques Cantons-de-l\u2019Est du Qu\u00e9bec combine deux syst\u00e8mes puissants. Les techniques d\u2019efficacit\u00e9 maximale (M.E.T.) de Kevin, int\u00e9gr\u00e9es au massage sportif tha\u00ef, am\u00e9liorent consid\u00e9rablement l\u2019efficacit\u00e9 th\u00e9rapeutique tout en r\u00e9duisant la contrainte physique. Int\u00e9gr\u00e9 \u00e0 l\u2019intensif, Energy in Motion de Jenni est un cadre bas\u00e9 sur le mouvement, ax\u00e9 sur la force du tronc, une m\u00e9canique corporelle ancr\u00e9e et un flux dynamique.   Ensemble, ces approches cr\u00e9ent un mod\u00e8le de traitement \u00e0 la fois techniquement pr\u00e9cis et durable pour la long\u00e9vit\u00e9 professionnelle \u00e0 long terme.<\/p>\n<p>Programme :<\/p>\n<p>13 juillet : arriv\u00e9e \u00e0 14 h | 16 h \u00e0 18 h Atelier d\u2019accueil &amp; consignes + souper<\/p>\n<p>14 juillet : 8 h \u00e0 18 h Atelier | 15 juillet : 8 h \u00e0 18 h Atelier (3 repas par jour)<\/p>\n<p>16 juillet : 9 h \u00e0 12 h Atelier et cl\u00f4ture (d\u00e9jeuner et d\u00eener)<\/p>\n","protected":false},"featured_media":16257,"template":"","meta":{"_acf_changed":false},"product_brand":[],"product_cat":[440,439,479,97,481,168,431,489],"product_tag":[],"class_list":{"0":"post-15335","1":"product","2":"type-product","3":"status-publish","4":"has-post-thumbnail","6":"product_cat-anglais","7":"product_cat-bilingue","8":"product_cat-clinical-massage","9":"product_cat-en-personne","10":"product_cat-holistic-therapies","11":"product_cat-jenni-lee-fr","12":"product_cat-kevin-qian-fr","13":"product_cat-modalites-orientales","15":"first","16":"instock","17":"sale","18":"featured","19":"virtual","20":"purchasable","21":"product-type-simple"},"acf":[],"_links":{"self":[{"href":"https:\/\/setsuko.ca\/fr\/wp-json\/wp\/v2\/product\/15335","targetHints":{"allow":["GET"]}}],"collection":[{"href":"https:\/\/setsuko.ca\/fr\/wp-json\/wp\/v2\/product"}],"about":[{"href":"https:\/\/setsuko.ca\/fr\/wp-json\/wp\/v2\/types\/product"}],"wp:featuredmedia":[{"embeddable":true,"href":"https:\/\/setsuko.ca\/fr\/wp-json\/wp\/v2\/media\/16257"}],"wp:attachment":[{"href":"https:\/\/setsuko.ca\/fr\/wp-json\/wp\/v2\/media?parent=15335"}],"wp:term":[{"taxonomy":"product_brand","embeddable":true,"href":"https:\/\/setsuko.ca\/fr\/wp-json\/wp\/v2\/product_brand?post=15335"},{"taxonomy":"product_cat","embeddable":true,"href":"https:\/\/setsuko.ca\/fr\/wp-json\/wp\/v2\/product_cat?post=15335"},{"taxonomy":"product_tag","embeddable":true,"href":"https:\/\/setsuko.ca\/fr\/wp-json\/wp\/v2\/product_tag?post=15335"}],"curies":[{"name":"wp","href":"https:\/\/api.w.org\/{rel}","templated":true}]}}