{"id":15409,"date":"2026-03-08T14:21:03","date_gmt":"2026-03-08T18:21:03","guid":{"rendered":"https:\/\/setsuko.ca\/product\/travail-prenatal-sur-table-massage-sur-et-efficace-pendant-la-grossesse\/"},"modified":"2026-03-27T07:54:28","modified_gmt":"2026-03-27T11:54:28","slug":"prenatal-table-work-safe-and-effective-massage-for-pregnancy","status":"publish","type":"product","link":"https:\/\/setsuko.ca\/fr\/produit\/prenatal-table-work-safe-and-effective-massage-for-pregnancy\/","title":{"rendered":"Travail pr\u00e9natal sur table : massage s\u00fbr et efficace pendant la grossesse"},"content":{"rendered":"<p><strong>Massage pr\u00e9natal sur table pour massoth\u00e9rapeutes en su\u00e9dois<\/strong><\/p>\n<p data-start=\"225\" data-end=\"765\">Cet atelier sp\u00e9cialis\u00e9 est con\u00e7u pour les massoth\u00e9rapeutes qui souhaitent travailler en toute confiance avec des clientes enceintes en utilisant des techniques sur table s\u00fbres et efficaces. La grossesse entra\u00eene d\u2019importants changements anatomiques, physiologiques et \u00e9motionnels pouvant provoquer des inconforts tels que des douleurs lombaires, des tensions aux hanches, de l\u2019enflure et de la fatigue. Dans cette formation, les th\u00e9rapeutes apprendront \u00e0 adapter les techniques de massage et le positionnement afin de r\u00e9pondre \u00e0 l\u2019\u00e9volution des besoins du corps enceinte, tout en maintenant le confort et la s\u00e9curit\u00e9 de la cliente et du praticien.  <\/p>\n<p data-start=\"767\" data-end=\"1074\">Les participants exploreront les changements physiques qui surviennent tout au long de la grossesse et la fa\u00e7on dont ils influencent la planification du traitement. Le cours met l\u2019accent sur le positionnement adapt\u00e9 \u00e0 chaque trimestre, le calage efficace en d\u00e9cubitus lat\u00e9ral et en positions soutenues, ainsi que les principales consid\u00e9rations de s\u00e9curit\u00e9 lors du travail avec des futures mamans. <\/p>\n<p data-start=\"1076\" data-end=\"1455\">Gr\u00e2ce \u00e0 une pratique guid\u00e9e et concr\u00e8te, les th\u00e9rapeutes d\u00e9velopperont des comp\u00e9tences pratiques pour soulager les inconforts courants li\u00e9s \u00e0 la grossesse tout en maintenant une m\u00e9canique corporelle efficace et une pr\u00e9sence th\u00e9rapeutique. \u00c0 la fin de l\u2019atelier, les participants se sentiront en confiance pour offrir des s\u00e9ances pr\u00e9natales bienveillantes et \u00e9clair\u00e9es, favorisant la relaxation, la circulation et le bien-\u00eatre global pendant la grossesse. <\/p>\n","protected":false},"excerpt":{"rendered":"<p>Cet atelier sp\u00e9cialis\u00e9 est con\u00e7u pour les massoth\u00e9rapeutes souhaitant accompagner les clientes enceintes avec assurance, en utilisant des techniques sur table s\u00e9curitaires et efficaces. Gr\u00e2ce \u00e0 une pratique dirig\u00e9e, vous d\u00e9velopperez des comp\u00e9tences concr\u00e8tes pour soulager les inconforts li\u00e9s \u00e0 la grossesse, tout en optimisant votre ergonomie de travail et votre pr\u00e9sence th\u00e9rapeutique. <\/p>\n","protected":false},"featured_media":13860,"template":"","meta":{"_acf_changed":false},"product_brand":[],"product_cat":[440,169,479,291,97,168],"product_tag":[],"class_list":{"0":"post-15409","1":"product","2":"type-product","3":"status-publish","4":"has-post-thumbnail","6":"product_cat-anglais","7":"product_cat-atelier","8":"product_cat-clinical-massage","9":"product_cat-dorval-west-island-fr","10":"product_cat-en-personne","11":"product_cat-jenni-lee-fr","13":"first","14":"instock","15":"featured","16":"shipping-taxable","17":"purchasable","18":"product-type-simple"},"acf":[],"_links":{"self":[{"href":"https:\/\/setsuko.ca\/fr\/wp-json\/wp\/v2\/product\/15409","targetHints":{"allow":["GET"]}}],"collection":[{"href":"https:\/\/setsuko.ca\/fr\/wp-json\/wp\/v2\/product"}],"about":[{"href":"https:\/\/setsuko.ca\/fr\/wp-json\/wp\/v2\/types\/product"}],"wp:featuredmedia":[{"embeddable":true,"href":"https:\/\/setsuko.ca\/fr\/wp-json\/wp\/v2\/media\/13860"}],"wp:attachment":[{"href":"https:\/\/setsuko.ca\/fr\/wp-json\/wp\/v2\/media?parent=15409"}],"wp:term":[{"taxonomy":"product_brand","embeddable":true,"href":"https:\/\/setsuko.ca\/fr\/wp-json\/wp\/v2\/product_brand?post=15409"},{"taxonomy":"product_cat","embeddable":true,"href":"https:\/\/setsuko.ca\/fr\/wp-json\/wp\/v2\/product_cat?post=15409"},{"taxonomy":"product_tag","embeddable":true,"href":"https:\/\/setsuko.ca\/fr\/wp-json\/wp\/v2\/product_tag?post=15409"}],"curies":[{"name":"wp","href":"https:\/\/api.w.org\/{rel}","templated":true}]}}