{"id":15484,"date":"2025-02-14T18:51:11","date_gmt":"2025-02-14T23:51:11","guid":{"rendered":"https:\/\/setsuko.ca\/?post_type=product&#038;p=15484"},"modified":"2026-03-13T08:15:18","modified_gmt":"2026-03-13T12:15:18","slug":"marketing-sur-les-reseaux-sociaux-pour-les-massotherapeutes-copy","status":"publish","type":"product","link":"https:\/\/setsuko.ca\/fr\/produit\/marketing-sur-les-reseaux-sociaux-pour-les-massotherapeutes-copy\/","title":{"rendered":"M\u00e9dias sociaux pour massoth\u00e9rapeutes"},"content":{"rendered":"<p><strong>M\u00e9dias sociaux pour massoth\u00e9rapeutes<\/strong><br \/>\n<em>Comment utiliser les m\u00e9dias sociaux pour d\u00e9velopper votre pratique<\/em><\/p>\n<p>De nombreux massoth\u00e9rapeutes commencent leur carri\u00e8re en travaillant dans des cliniques ou des spas, o\u00f9 le marketing \u00e9tabli g\u00e9n\u00e8re un flux constant de clients. Mais \u00e0 un moment donn\u00e9, beaucoup de th\u00e9rapeutes commencent \u00e0 se demander : <em>Et si je pouvais aussi attirer mes propres clients ?<\/em> <\/p>\n<p>Ce webinaire pratique pr\u00e9sente des strat\u00e9gies simples pour aider les massoth\u00e9rapeutes \u00e0 utiliser les m\u00e9dias sociaux afin de d\u00e9velopper leur visibilit\u00e9, partager leur expertise et cr\u00e9er de nouvelles opportunit\u00e9s professionnelles.<\/p>\n<p>Anim\u00e9 par le massoth\u00e9rapeute sportif et formateur reconnu internationalement <strong>Kevin Qian<\/strong>, ce cours intensif explore comment des plateformes comme Instagram peuvent \u00eatre utilis\u00e9es pour d\u00e9velopper une marque professionnelle, attirer des clients et des \u00e9tudiants, et soutenir la croissance d\u2019ateliers, de cours ou d\u2019une pratique priv\u00e9e.<\/p>\n<p>Vous apprendrez \u00e0 cr\u00e9er du contenu significatif, \u00e0 communiquer vos connaissances en ligne et \u00e0 rester constant sans passer des heures sur les m\u00e9dias sociaux.<\/p>\n<p><strong>Id\u00e9al pour :<\/strong> les massoth\u00e9rapeutes, les praticiens corporels et les \u00e9tudiants qui souhaitent d\u00e9velopper leur pr\u00e9sence professionnelle et attirer leurs propres clients.<\/p>\n","protected":false},"excerpt":{"rendered":"<p><strong>M\u00e9dias sociaux pour massoth\u00e9rapeutes<\/strong><br \/>\n<em>Comment utiliser les m\u00e9dias sociaux pour d\u00e9velopper votre pratique<\/em><\/p>\n<p>De nombreux massoth\u00e9rapeutes commencent leur carri\u00e8re en travaillant dans des cliniques ou des spas, o\u00f9 le marketing \u00e9tabli g\u00e9n\u00e8re un flux constant de clients. Mais \u00e0 un moment donn\u00e9, beaucoup de th\u00e9rapeutes commencent \u00e0 se demander : <em>Et si je pouvais aussi attirer mes propres clients ?<\/em> <\/p>\n<p>Ce webinaire pratique pr\u00e9sente des strat\u00e9gies simples pour aider les massoth\u00e9rapeutes \u00e0 utiliser les m\u00e9dias sociaux afin de d\u00e9velopper leur visibilit\u00e9, partager leur expertise et cr\u00e9er de nouvelles opportunit\u00e9s professionnelles.<\/p>\n<p>Anim\u00e9 par le massoth\u00e9rapeute sportif et formateur reconnu internationalement <strong>Kevin Qian<\/strong>, ce cours intensif explore comment des plateformes comme Instagram peuvent \u00eatre utilis\u00e9es pour d\u00e9velopper une marque professionnelle, attirer des clients et des \u00e9tudiants, et soutenir la croissance d\u2019ateliers, de cours ou d\u2019une pratique priv\u00e9e.<\/p>\n<p>Vous apprendrez \u00e0 cr\u00e9er du contenu significatif, \u00e0 communiquer vos connaissances en ligne et \u00e0 rester constant sans passer des heures sur les m\u00e9dias sociaux.<\/p>\n<p><strong>Id\u00e9al pour :<\/strong> les massoth\u00e9rapeutes, les praticiens corporels et les \u00e9tudiants qui souhaitent d\u00e9velopper leur pr\u00e9sence professionnelle et attirer leurs propres clients.<\/p>\n","protected":false},"featured_media":14053,"template":"","meta":{"_acf_changed":false},"product_brand":[],"product_cat":[169,439,479,98,339,158,431],"product_tag":[],"class_list":{"0":"post-15484","1":"product","2":"type-product","3":"status-publish","4":"has-post-thumbnail","6":"product_cat-atelier","7":"product_cat-bilingue","8":"product_cat-clinical-massage","9":"product_cat-en-ligne","10":"product_cat-en-ligne-fr","11":"product_cat-hybrid-fr","12":"product_cat-kevin-qian-fr","14":"first","15":"outofstock","16":"shipping-taxable","17":"purchasable","18":"product-type-simple"},"acf":[],"_links":{"self":[{"href":"https:\/\/setsuko.ca\/fr\/wp-json\/wp\/v2\/product\/15484","targetHints":{"allow":["GET"]}}],"collection":[{"href":"https:\/\/setsuko.ca\/fr\/wp-json\/wp\/v2\/product"}],"about":[{"href":"https:\/\/setsuko.ca\/fr\/wp-json\/wp\/v2\/types\/product"}],"wp:featuredmedia":[{"embeddable":true,"href":"https:\/\/setsuko.ca\/fr\/wp-json\/wp\/v2\/media\/14053"}],"wp:attachment":[{"href":"https:\/\/setsuko.ca\/fr\/wp-json\/wp\/v2\/media?parent=15484"}],"wp:term":[{"taxonomy":"product_brand","embeddable":true,"href":"https:\/\/setsuko.ca\/fr\/wp-json\/wp\/v2\/product_brand?post=15484"},{"taxonomy":"product_cat","embeddable":true,"href":"https:\/\/setsuko.ca\/fr\/wp-json\/wp\/v2\/product_cat?post=15484"},{"taxonomy":"product_tag","embeddable":true,"href":"https:\/\/setsuko.ca\/fr\/wp-json\/wp\/v2\/product_tag?post=15484"}],"curies":[{"name":"wp","href":"https:\/\/api.w.org\/{rel}","templated":true}]}}