{"id":15513,"date":"2026-03-15T23:33:28","date_gmt":"2026-03-16T03:33:28","guid":{"rendered":"https:\/\/setsuko.ca\/product\/massage-lymphatique-avance\/"},"modified":"2026-03-15T23:36:15","modified_gmt":"2026-03-16T03:36:15","slug":"massage-lymphatique-avance","status":"publish","type":"product","link":"https:\/\/setsuko.ca\/fr\/produit\/massage-lymphatique-avance\/","title":{"rendered":"Massage lymphatique avanc\u00e9"},"content":{"rendered":"<h3>Massage lymphatique avanc\u00e9 : Abdomen profond, travail avec outils et int\u00e9gration<\/h3>\n<p>Cet atelier avanc\u00e9 approfondit les comp\u00e9tences des praticiens en massage lymphatique, en mettant l\u2019accent sur le <strong>travail abdominal profond, les techniques d\u2019outils sp\u00e9cialis\u00e9s et l\u2019int\u00e9gration des m\u00e9thodes lymphatiques aux s\u00e9ances de massage th\u00e9rapeutique<\/strong>.<\/p>\n<p>Les participants exploreront des techniques raffin\u00e9es pour favoriser le flux lymphatique dans les <strong>r\u00e9gions abdominale et visc\u00e9rale<\/strong>, des zones \u00e9troitement li\u00e9es \u00e0 la sant\u00e9 digestive, \u00e0 la fonction immunitaire et \u00e0 la r\u00e9gulation des fluides. Le cours introduit \u00e9galement l\u2019utilisation d\u2019<strong>outils lymphatiques<\/strong> pour accro\u00eetre la pr\u00e9cision du traitement, favoriser le mouvement des fluides et r\u00e9duire la fatigue du praticien. <\/p>\n<p>Un volet essentiel de la formation porte sur l\u2019<strong>int\u00e9gration des techniques lymphatiques \u00e0 d\u2019autres approches th\u00e9rapeutiques<\/strong>, notamment le <strong>massage su\u00e9dois, le travail myofascial et les m\u00e9thodes de tissus profonds<\/strong>, permettant aux praticiens d\u2019incorporer les principes lymphatiques \u00e0 une vaste gamme de soins.<\/p>\n<p>Gr\u00e2ce \u00e0 des d\u00e9monstrations et \u00e0 une pratique pratique, les \u00e9tudiants apprendront \u00e0 combiner <strong>techniques lymphatiques manuelles, travail abdominal, applications d\u2019outils et approches de massage th\u00e9rapeutique<\/strong> en s\u00e9ances de traitement coh\u00e9rentes et efficaces. Con\u00e7u pour les praticiens ayant une formation pr\u00e9alable en lymphatique, ce cours offre des strat\u00e9gies concr\u00e8tes pour accro\u00eetre la polyvalence clinique tout en maintenant le rythme doux et pr\u00e9cis essentiel \u00e0 l\u2019efficacit\u00e9 du massage lymphatique. <\/p>\n","protected":false},"excerpt":{"rendered":"<p>Les participants apprendront des m\u00e9thodes raffin\u00e9es pour favoriser le flux lymphatique dans les <strong data-start=\"330\" data-end=\"364\">r\u00e9gions abdominale et visc\u00e9rale<\/strong>, zones cl\u00e9s influen\u00e7ant la digestion, la fonction immunitaire et la r\u00e9gulation des fluides. La formation introduit \u00e9galement des <strong data-start=\"467\" data-end=\"505\">techniques lymphatiques assist\u00e9es par outils<\/strong> pour am\u00e9liorer la pr\u00e9cision du traitement et r\u00e9duire la fatigue du praticien. <\/p>\n","protected":false},"featured_media":13939,"template":"","meta":{"_acf_changed":false},"product_brand":[],"product_cat":[440,479,95,291,97,168],"product_tag":[],"class_list":{"0":"post-15513","1":"product","2":"type-product","3":"status-publish","4":"has-post-thumbnail","6":"product_cat-anglais","7":"product_cat-clinical-massage","8":"product_cat-cours","9":"product_cat-dorval-west-island-fr","10":"product_cat-en-personne","11":"product_cat-jenni-lee-fr","13":"first","14":"instock","15":"featured","16":"shipping-taxable","17":"purchasable","18":"product-type-simple"},"acf":[],"_links":{"self":[{"href":"https:\/\/setsuko.ca\/fr\/wp-json\/wp\/v2\/product\/15513","targetHints":{"allow":["GET"]}}],"collection":[{"href":"https:\/\/setsuko.ca\/fr\/wp-json\/wp\/v2\/product"}],"about":[{"href":"https:\/\/setsuko.ca\/fr\/wp-json\/wp\/v2\/types\/product"}],"wp:featuredmedia":[{"embeddable":true,"href":"https:\/\/setsuko.ca\/fr\/wp-json\/wp\/v2\/media\/13939"}],"wp:attachment":[{"href":"https:\/\/setsuko.ca\/fr\/wp-json\/wp\/v2\/media?parent=15513"}],"wp:term":[{"taxonomy":"product_brand","embeddable":true,"href":"https:\/\/setsuko.ca\/fr\/wp-json\/wp\/v2\/product_brand?post=15513"},{"taxonomy":"product_cat","embeddable":true,"href":"https:\/\/setsuko.ca\/fr\/wp-json\/wp\/v2\/product_cat?post=15513"},{"taxonomy":"product_tag","embeddable":true,"href":"https:\/\/setsuko.ca\/fr\/wp-json\/wp\/v2\/product_tag?post=15513"}],"curies":[{"name":"wp","href":"https:\/\/api.w.org\/{rel}","templated":true}]}}