{"id":15544,"date":"2026-03-17T11:01:38","date_gmt":"2026-03-17T15:01:38","guid":{"rendered":"https:\/\/setsuko.ca\/product\/programme-essentiel\/"},"modified":"2026-03-17T11:01:38","modified_gmt":"2026-03-17T15:01:38","slug":"programme-essentiel","status":"publish","type":"product","link":"https:\/\/setsuko.ca\/fr\/produit\/programme-essentiel\/","title":{"rendered":"PROGRAMME ESSENTIEL"},"content":{"rendered":"<p>Notre Programme Essentiel fournit les bases fondamentales requises pour lobtention du titre de massoth\u00e9rapeute au Qu\u00e9bec. Cette formation compl\u00e8te comprend lAnatomie et la Physiologie pour comprendre la structure et le fonctionnement du corps, les Relations daide pour d\u00e9velopper une communication client efficace et une pr\u00e9sence th\u00e9rapeutique, la Sexualit\u00e9 en pratique professionnelle pour garantir des limites claires et respectueuses, ainsi que le Code d\u00e9thique et de d\u00e9ontologie pour guider des soins s\u00fbrs, \u00e9thiques et responsables. Ensemble, ces cours pr\u00e9parent les \u00e9tudiants \u00e0 pratiquer avec confiance, int\u00e9grit\u00e9 et professionnalisme.  <\/p>\n","protected":false},"excerpt":{"rendered":"<p>Notre Programme Essentiel fournit les bases fondamentales requises pour lobtention du titre de massoth\u00e9rapeute au Qu\u00e9bec. Cette formation compl\u00e8te comprend lAnatomie et la Physiologie pour comprendre la structure et le fonctionnement du corps, les Relations daide pour d\u00e9velopper une communication client efficace et une pr\u00e9sence th\u00e9rapeutique, la Sexualit\u00e9 en pratique professionnelle pour garantir des limites claires et respectueuses, ainsi que le Code d\u00e9thique et de d\u00e9ontologie pour guider des soins s\u00fbrs, \u00e9thiques et responsables. Ensemble, ces cours pr\u00e9parent les \u00e9tudiants \u00e0 pratiquer avec confiance, int\u00e9grit\u00e9 et professionnalisme.  <\/p>\n","protected":false},"featured_media":13947,"template":"","meta":{"_acf_changed":false},"product_brand":[],"product_cat":[440,95,96,158,490],"product_tag":[],"class_list":{"0":"post-15544","1":"product","2":"type-product","3":"status-publish","4":"has-post-thumbnail","6":"product_cat-anglais","7":"product_cat-cours","8":"product_cat-diplomes","9":"product_cat-hybrid-fr","10":"product_cat-interet-general","12":"first","13":"instock","14":"shipping-taxable","15":"purchasable","16":"product-type-simple"},"acf":[],"_links":{"self":[{"href":"https:\/\/setsuko.ca\/fr\/wp-json\/wp\/v2\/product\/15544","targetHints":{"allow":["GET"]}}],"collection":[{"href":"https:\/\/setsuko.ca\/fr\/wp-json\/wp\/v2\/product"}],"about":[{"href":"https:\/\/setsuko.ca\/fr\/wp-json\/wp\/v2\/types\/product"}],"wp:featuredmedia":[{"embeddable":true,"href":"https:\/\/setsuko.ca\/fr\/wp-json\/wp\/v2\/media\/13947"}],"wp:attachment":[{"href":"https:\/\/setsuko.ca\/fr\/wp-json\/wp\/v2\/media?parent=15544"}],"wp:term":[{"taxonomy":"product_brand","embeddable":true,"href":"https:\/\/setsuko.ca\/fr\/wp-json\/wp\/v2\/product_brand?post=15544"},{"taxonomy":"product_cat","embeddable":true,"href":"https:\/\/setsuko.ca\/fr\/wp-json\/wp\/v2\/product_cat?post=15544"},{"taxonomy":"product_tag","embeddable":true,"href":"https:\/\/setsuko.ca\/fr\/wp-json\/wp\/v2\/product_tag?post=15544"}],"curies":[{"name":"wp","href":"https:\/\/api.w.org\/{rel}","templated":true}]}}