{"id":15560,"date":"2025-07-30T01:04:29","date_gmt":"2025-07-30T05:04:29","guid":{"rendered":"https:\/\/setsuko.ca\/?post_type=product&#038;p=15560"},"modified":"2026-04-17T22:17:54","modified_gmt":"2026-04-18T02:17:54","slug":"massage-sportif-niveau-2-evaluation-activation-et-techniques-manuelles-avancees-copy","status":"publish","type":"product","link":"https:\/\/setsuko.ca\/fr\/produit\/massage-sportif-niveau-2-evaluation-activation-et-techniques-manuelles-avancees-copy\/","title":{"rendered":"Massage sportif  Module 3 : Applications cliniques avanc\u00e9es"},"content":{"rendered":"<p>Cette formation intensive de six jours explore les applications cliniques avanc\u00e9es du massage sportif pour les th\u00e9rapeutes travaillant avec des athl\u00e8tes et des populations actives. Le cours couvre <strong>la pr\u00e9paration pr\u00e9-\u00e9v\u00e9nement, le massage de maintien durant les cycles d\u2019entra\u00eenement et les protocoles de r\u00e9cup\u00e9ration post-\u00e9v\u00e9nement<\/strong>, ainsi que des approches pratiques pour les blessures sportives courantes. <\/p>\n<p>Gr\u00e2ce \u00e0 la pratique et \u00e0 l\u2019apprentissage par cas cliniques, les participants d\u00e9veloppent de meilleures <strong>comp\u00e9tences en raisonnement clinique, en \u00e9valuation fonctionnelle et en strat\u00e9gies de traitement<\/strong> pour soutenir la performance, pr\u00e9venir les blessures et acc\u00e9l\u00e9rer la r\u00e9cup\u00e9ration.<\/p>\n<p><strong>Le module 3 peut \u00eatre suivi de mani\u00e8re ind\u00e9pendante et ne n\u00e9cessite pas davoir compl\u00e9t\u00e9 les modules pr\u00e9c\u00e9dents.<\/strong><\/p>\n<p>&nbsp;<\/p>\n<p><strong data-start=\"284\" data-end=\"299\">Instructeur <\/strong>: Kevin Qian \u2013 Champion canadien de massage sportif 2025, finaliste mondial de massage<br data-start=\"374\" data-end=\"377\"><strong data-start=\"377\" data-end=\"394\">Pr\u00e9alable :<\/strong> Massage sportif, niveau 3<\/p>\n<p>Date : lundi 31 ao\u00fbt \/ 14, 21, 28 septembre \/ 5, 19 octobre 2026 LUN 9 h \u2013 16 h<br \/>\nLieu : 2111, avenue Northcliffe, bureau 11D, Montr\u00e9al (Qu\u00e9bec) H4A 3K6<\/p>\n","protected":false},"excerpt":{"rendered":"<p>Cette formation intensive de six jours explore les applications cliniques avanc\u00e9es du massage sportif pour les th\u00e9rapeutes travaillant avec des athl\u00e8tes et des populations actives. Le cours couvre <strong>la pr\u00e9paration pr\u00e9-\u00e9v\u00e9nement, le massage de maintien durant les cycles d\u2019entra\u00eenement et les protocoles de r\u00e9cup\u00e9ration post-\u00e9v\u00e9nement<\/strong>, ainsi que des approches pratiques pour les blessures sportives courantes. <\/p>\n<p>Gr\u00e2ce \u00e0 la pratique et \u00e0 l\u2019apprentissage par cas cliniques, les participants d\u00e9veloppent de meilleures <strong>comp\u00e9tences en raisonnement clinique, en \u00e9valuation fonctionnelle et en strat\u00e9gies de traitement<\/strong> pour soutenir la performance, pr\u00e9venir les blessures et acc\u00e9l\u00e9rer la r\u00e9cup\u00e9ration.<\/p>\n<p><strong>Le Module 3 peut \u00eatre suivi ind\u00e9pendamment et ne n\u00e9cessite pas l\u2019ach\u00e8vement des modules pr\u00e9c\u00e9dents.<\/p>\n<p><\/strong>Date : Lundi, 31 ao\u00fbt \/ 14, 21, 28 sept. \/ 5, 19 oct. 2026 LUN 9 h 00 \u2013 16 h 00<br \/>\nLieu : 2111, avenue Northcliffe, #11D, Montr\u00e9al, Qu\u00e9bec H4A 3K6<strong><br \/>\n<\/strong><\/p>\n","protected":false},"featured_media":14024,"template":"","meta":{"_acf_changed":false},"product_brand":[],"product_cat":[440,169,431,287],"product_tag":[],"class_list":{"0":"post-15560","1":"product","2":"type-product","3":"status-publish","4":"has-post-thumbnail","6":"product_cat-anglais","7":"product_cat-atelier","8":"product_cat-kevin-qian-fr","9":"product_cat-qe-ndg-fr","11":"first","12":"instock","13":"featured","14":"shipping-taxable","15":"purchasable","16":"product-type-simple"},"acf":[],"_links":{"self":[{"href":"https:\/\/setsuko.ca\/fr\/wp-json\/wp\/v2\/product\/15560","targetHints":{"allow":["GET"]}}],"collection":[{"href":"https:\/\/setsuko.ca\/fr\/wp-json\/wp\/v2\/product"}],"about":[{"href":"https:\/\/setsuko.ca\/fr\/wp-json\/wp\/v2\/types\/product"}],"wp:featuredmedia":[{"embeddable":true,"href":"https:\/\/setsuko.ca\/fr\/wp-json\/wp\/v2\/media\/14024"}],"wp:attachment":[{"href":"https:\/\/setsuko.ca\/fr\/wp-json\/wp\/v2\/media?parent=15560"}],"wp:term":[{"taxonomy":"product_brand","embeddable":true,"href":"https:\/\/setsuko.ca\/fr\/wp-json\/wp\/v2\/product_brand?post=15560"},{"taxonomy":"product_cat","embeddable":true,"href":"https:\/\/setsuko.ca\/fr\/wp-json\/wp\/v2\/product_cat?post=15560"},{"taxonomy":"product_tag","embeddable":true,"href":"https:\/\/setsuko.ca\/fr\/wp-json\/wp\/v2\/product_tag?post=15560"}],"curies":[{"name":"wp","href":"https:\/\/api.w.org\/{rel}","templated":true}]}}