{"id":15581,"date":"2025-03-12T21:46:52","date_gmt":"2025-03-13T01:46:52","guid":{"rendered":"https:\/\/setsuko.ca\/product\/techniques-de-taping-pour-massotherapeutes\/"},"modified":"2025-03-12T21:46:52","modified_gmt":"2025-03-13T01:46:52","slug":"techniques-de-taping-pour-massotherapeutes","status":"publish","type":"product","link":"https:\/\/setsuko.ca\/fr\/produit\/techniques-de-taping-pour-massotherapeutes\/","title":{"rendered":"Techniques de taping pour massoth\u00e9rapeutes"},"content":{"rendered":"<div>\n<p>Am\u00e9liorez votre pratique th\u00e9rapeutique gr\u00e2ce \u00e0 l\u2019utilisation efficace du ruban de kin\u00e9siologie. Cette introduction pratique est con\u00e7ue pour les massoth\u00e9rapeutes qui souhaitent soutenir l\u2019activation musculaire, rel\u00e2cher les tensions et traiter les sch\u00e9mas de douleur chronique au moyen d\u2019applications simples et concr\u00e8tes. <\/p>\n<p>D\u00e9couvrez comment le taping peut prolonger les bienfaits de vos traitements au-del\u00e0 de la s\u00e9ance, en offrant aux clients un soutien continu pour le mouvement, la stabilit\u00e9 et la r\u00e9cup\u00e9ration. Cet atelier pr\u00e9sente \u00e9galement des techniques de base de taping lymphatique pour favoriser la circulation des fluides et r\u00e9duire l\u2019enflure. <\/p>\n<p>Une approche pratique et accessible pour int\u00e9grer le taping \u00e0 vos s\u00e9ances avec assurance et clart\u00e9.<\/p>\n<\/div>\n<div>\n<div class=\"gmail_signature\" dir=\"ltr\"><\/div>\n<\/div>\n","protected":false},"excerpt":{"rendered":"<p>Am\u00e9liorez votre pratique th\u00e9rapeutique gr\u00e2ce \u00e0 l\u2019utilisation efficace du ruban de kin\u00e9siologie. Cette introduction pratique est con\u00e7ue pour les massoth\u00e9rapeutes qui souhaitent soutenir l\u2019activation musculaire, rel\u00e2cher les tensions et traiter les sch\u00e9mas de douleur chronique au moyen d\u2019applications simples et concr\u00e8tes. <\/p>\n","protected":false},"featured_media":13951,"template":"","meta":{"_acf_changed":false},"product_brand":[],"product_cat":[169,439,479,97,137,144,287],"product_tag":[],"class_list":{"0":"post-15581","1":"product","2":"type-product","3":"status-publish","4":"has-post-thumbnail","6":"product_cat-atelier","7":"product_cat-bilingue","8":"product_cat-clinical-massage","9":"product_cat-en-personne","10":"product_cat-michelle-beckles-fr","11":"product_cat-non-classe","12":"product_cat-qe-ndg-fr","14":"first","15":"instock","16":"shipping-taxable","17":"purchasable","18":"product-type-simple"},"acf":[],"_links":{"self":[{"href":"https:\/\/setsuko.ca\/fr\/wp-json\/wp\/v2\/product\/15581","targetHints":{"allow":["GET"]}}],"collection":[{"href":"https:\/\/setsuko.ca\/fr\/wp-json\/wp\/v2\/product"}],"about":[{"href":"https:\/\/setsuko.ca\/fr\/wp-json\/wp\/v2\/types\/product"}],"wp:featuredmedia":[{"embeddable":true,"href":"https:\/\/setsuko.ca\/fr\/wp-json\/wp\/v2\/media\/13951"}],"wp:attachment":[{"href":"https:\/\/setsuko.ca\/fr\/wp-json\/wp\/v2\/media?parent=15581"}],"wp:term":[{"taxonomy":"product_brand","embeddable":true,"href":"https:\/\/setsuko.ca\/fr\/wp-json\/wp\/v2\/product_brand?post=15581"},{"taxonomy":"product_cat","embeddable":true,"href":"https:\/\/setsuko.ca\/fr\/wp-json\/wp\/v2\/product_cat?post=15581"},{"taxonomy":"product_tag","embeddable":true,"href":"https:\/\/setsuko.ca\/fr\/wp-json\/wp\/v2\/product_tag?post=15581"}],"curies":[{"name":"wp","href":"https:\/\/api.w.org\/{rel}","templated":true}]}}