{"id":15582,"date":"2025-02-28T22:29:13","date_gmt":"2025-03-01T03:29:13","guid":{"rendered":"https:\/\/setsuko.ca\/product\/journee-decouverte-introduction-au-massage-sportif\/"},"modified":"2026-03-19T22:35:05","modified_gmt":"2026-03-20T02:35:05","slug":"journee-decouverte-introduction-au-massage-sportif","status":"publish","type":"product","link":"https:\/\/setsuko.ca\/fr\/produit\/journee-decouverte-introduction-au-massage-sportif\/","title":{"rendered":"Journ\u00e9e d\u00e9couverte : Introduction au massage sportif"},"content":{"rendered":"<p>Entrez dans l\u2019univers du massage sportif et d\u00e9couvrez une approche ax\u00e9e sur les r\u00e9sultats qui transforme le domaine des th\u00e9rapies manuelles. Cette Journ\u00e9e d\u00e9couverte sadresse aux massoth\u00e9rapeutes en exercice, aux praticiens en th\u00e9rapies manuelles, aux praticiens de shiatsu, aux physioth\u00e9rapeutes \u2014 ou \u00e0 toute personne pr\u00eate \u00e0 \u00e9largir ses comp\u00e9tences cliniques. <\/p>\n<p>Le massage sportif va au-del\u00e0 de la relaxation. Cest une approche fond\u00e9e sur l\u00e9valuation, centr\u00e9e sur les blessures, visant \u00e0 am\u00e9liorer la performance, acc\u00e9l\u00e9rer la r\u00e9cup\u00e9ration et offrir des r\u00e9sultats mesurables. Alors que la demande continue de cro\u00eetre, cest loccasion de rester \u00e0 jour et de faire \u00e9voluer votre pratique.  <\/p>\n<p>Dans cette introduction pratique, vous explorerez :<\/p>\n<ul>\n<li>\u00c0 quoi ressemble une carri\u00e8re en massage sportif<\/li>\n<li>Les trois approches cl\u00e9s de traitement : pr\u00e9-\u00e9v\u00e9nement, inter-\u00e9v\u00e9nement et post-\u00e9v\u00e9nement<\/li>\n<li>Une mini \u00e9tude de cas pour comprendre lapplication en situation r\u00e9elle<\/li>\n<li>Des techniques pratiques que vous pouvez commencer \u00e0 utiliser avec vos clients d\u00e8s maintenant<\/li>\n<\/ul>\n<p>Que vous souhaitiez affiner votre expertise clinique ou explorer une nouvelle orientation dans votre pratique, cette s\u00e9ance offre une porte dentr\u00e9e claire et engageante dans le domaine dynamique du massage sportif.<\/p>\n","protected":false},"excerpt":{"rendered":"<p>Entrez dans l\u2019univers du massage sportif et d\u00e9couvrez une approche ax\u00e9e sur les r\u00e9sultats qui transforme le domaine des th\u00e9rapies manuelles. Cette Journ\u00e9e d\u00e9couverte sadresse aux massoth\u00e9rapeutes en exercice, aux praticiens en th\u00e9rapies manuelles, aux praticiens de shiatsu, aux physioth\u00e9rapeutes \u2014 ou \u00e0 toute personne pr\u00eate \u00e0 \u00e9largir ses comp\u00e9tences cliniques. <\/p>\n<p>Le massage sportif va au-del\u00e0 de la relaxation. Cest une approche fond\u00e9e sur l\u00e9valuation, centr\u00e9e sur les blessures, visant \u00e0 am\u00e9liorer la performance, acc\u00e9l\u00e9rer la r\u00e9cup\u00e9ration et offrir des r\u00e9sultats mesurables. Alors que la demande continue de cro\u00eetre, cest loccasion de rester \u00e0 jour et de faire \u00e9voluer votre pratique.  <\/p>\n","protected":false},"featured_media":13910,"template":"","meta":{"_acf_changed":false},"product_brand":[],"product_cat":[440,169,479,97,137,287],"product_tag":[],"class_list":{"0":"post-15582","1":"product","2":"type-product","3":"status-publish","4":"has-post-thumbnail","6":"product_cat-anglais","7":"product_cat-atelier","8":"product_cat-clinical-massage","9":"product_cat-en-personne","10":"product_cat-michelle-beckles-fr","11":"product_cat-qe-ndg-fr","13":"first","14":"outofstock","15":"shipping-taxable","16":"purchasable","17":"product-type-simple"},"acf":[],"_links":{"self":[{"href":"https:\/\/setsuko.ca\/fr\/wp-json\/wp\/v2\/product\/15582","targetHints":{"allow":["GET"]}}],"collection":[{"href":"https:\/\/setsuko.ca\/fr\/wp-json\/wp\/v2\/product"}],"about":[{"href":"https:\/\/setsuko.ca\/fr\/wp-json\/wp\/v2\/types\/product"}],"wp:featuredmedia":[{"embeddable":true,"href":"https:\/\/setsuko.ca\/fr\/wp-json\/wp\/v2\/media\/13910"}],"wp:attachment":[{"href":"https:\/\/setsuko.ca\/fr\/wp-json\/wp\/v2\/media?parent=15582"}],"wp:term":[{"taxonomy":"product_brand","embeddable":true,"href":"https:\/\/setsuko.ca\/fr\/wp-json\/wp\/v2\/product_brand?post=15582"},{"taxonomy":"product_cat","embeddable":true,"href":"https:\/\/setsuko.ca\/fr\/wp-json\/wp\/v2\/product_cat?post=15582"},{"taxonomy":"product_tag","embeddable":true,"href":"https:\/\/setsuko.ca\/fr\/wp-json\/wp\/v2\/product_tag?post=15582"}],"curies":[{"name":"wp","href":"https:\/\/api.w.org\/{rel}","templated":true}]}}