{"id":15629,"date":"2025-05-07T07:18:04","date_gmt":"2025-05-07T11:18:04","guid":{"rendered":"https:\/\/setsuko.ca\/?post_type=product&#038;p=15629"},"modified":"2026-03-27T08:41:04","modified_gmt":"2026-03-27T12:41:04","slug":"introduction-a-la-therapie-myofasciale-structurale-smft-ndg-copy","status":"publish","type":"product","link":"https:\/\/setsuko.ca\/fr\/produit\/introduction-a-la-therapie-myofasciale-structurale-smft-ndg-copy\/","title":{"rendered":"Pratique \u2013 Th\u00e9rapie Myofasciale Structurale\u00ae (SMFT-L1) NDG"},"content":{"rendered":"<p>Th\u00e9rapie Myofasciale Structurale\u00ae<\/p>\n<p>\u00ab Se connecter au fascia \u00bb, TMS niveau 1<\/p>\n<p>R\u00e9vision et pratique des outils et techniques<br \/>\n9 h 00 \u2013 16 h 00<\/p>\n<p>Questions et pratique :<br \/>\n\uf0b7 Votre exp\u00e9rience en s\u00e9ance depuis le niveau 1<br \/>\n\uf0b7 Int\u00e9gration de la Conscience Somatique Posturale (CSP) dans vos s\u00e9ances<br \/>\n\uf0b7 V\u00e9rification du toucher myofascial, de la profondeur et de la vitesse<br \/>\n\uf0b7 Conscience continue de votre posture corporelle tout en ajustant la<br \/>\nposition de vos mains lors du travail des tissus myofasciaux<br \/>\n\uf0b7 Pratique des techniques manuelles de la TMS<\/p>\n","protected":false},"excerpt":{"rendered":"<p><strong>Th\u00e9rapie Myofasciale Structurale\u00ae \u2013 \u00ab Se connecter au fascia \u00bb (R\u00e9vision Niveau 1)<\/strong><\/p>\n<p>Approfondissez votre connexion au syst\u00e8me fascial gr\u00e2ce \u00e0 une r\u00e9vision guid\u00e9e et \u00e0 la pratique des techniques SMFT Niveau 1. Cette formation d&#8217;une journ\u00e9e aide les praticiens \u00e0 affiner le toucher, la profondeur et la vitesse tout en int\u00e9grant la Conscience Somatique Posturale (PSA) dans leurs s\u00e9ances. \u00c0 travers la discussion, les retours et l&#8217;application pratique, vous am\u00e9liorerez votre m\u00e9canique corporelle, le positionnement des mains et votre confiance dans le travail avec les tissus myofasciaux.  <\/p>\n","protected":false},"featured_media":14034,"template":"","meta":{"_acf_changed":false},"product_brand":[],"product_cat":[439,479,97,287],"product_tag":[458,468,342,453],"class_list":{"0":"post-15629","1":"product","2":"type-product","3":"status-publish","4":"has-post-thumbnail","6":"product_cat-bilingue","7":"product_cat-clinical-massage","8":"product_cat-en-personne","9":"product_cat-qe-ndg-fr","10":"product_tag-betsyann-byron-fr","11":"product_tag-introduction","12":"product_tag-myofascial-fr","13":"product_tag-structural-myofascial-therapy-fr","15":"first","16":"instock","17":"virtual","18":"purchasable","19":"product-type-simple"},"acf":[],"_links":{"self":[{"href":"https:\/\/setsuko.ca\/fr\/wp-json\/wp\/v2\/product\/15629","targetHints":{"allow":["GET"]}}],"collection":[{"href":"https:\/\/setsuko.ca\/fr\/wp-json\/wp\/v2\/product"}],"about":[{"href":"https:\/\/setsuko.ca\/fr\/wp-json\/wp\/v2\/types\/product"}],"wp:featuredmedia":[{"embeddable":true,"href":"https:\/\/setsuko.ca\/fr\/wp-json\/wp\/v2\/media\/14034"}],"wp:attachment":[{"href":"https:\/\/setsuko.ca\/fr\/wp-json\/wp\/v2\/media?parent=15629"}],"wp:term":[{"taxonomy":"product_brand","embeddable":true,"href":"https:\/\/setsuko.ca\/fr\/wp-json\/wp\/v2\/product_brand?post=15629"},{"taxonomy":"product_cat","embeddable":true,"href":"https:\/\/setsuko.ca\/fr\/wp-json\/wp\/v2\/product_cat?post=15629"},{"taxonomy":"product_tag","embeddable":true,"href":"https:\/\/setsuko.ca\/fr\/wp-json\/wp\/v2\/product_tag?post=15629"}],"curies":[{"name":"wp","href":"https:\/\/api.w.org\/{rel}","templated":true}]}}