{"id":15645,"date":"2025-09-07T14:56:50","date_gmt":"2025-09-07T18:56:50","guid":{"rendered":"https:\/\/setsuko.ca\/product\/fabrication-pour-etudiants-en-herboristerie\/"},"modified":"2025-09-07T14:56:50","modified_gmt":"2025-09-07T18:56:50","slug":"fabrication-pour-etudiants-en-herboristerie","status":"publish","type":"product","link":"https:\/\/setsuko.ca\/fr\/produit\/fabrication-pour-etudiants-en-herboristerie\/","title":{"rendered":"Fabrication pour \u00e9tudiants en herboristerie"},"content":{"rendered":"<p><strong>S\u00e9rie de fabrication de m\u00e9decine par les plantes<\/strong><\/p>\n<p>Dans le cadre du <strong>Programme de certificat d&#8217;herboriste communautaire<\/strong>, la s\u00e9rie <em>Fabrication<\/em> est con\u00e7ue pour vous donner une exp\u00e9rience pratique dans la cr\u00e9ation d&#8217;un large \u00e9ventail de pr\u00e9parations \u00e0 base de plantes. Chaque session se concentre sur une cat\u00e9gorie sp\u00e9cifique de rem\u00e8des, vous enseignant non seulement comment les fabriquer, mais aussi les propri\u00e9t\u00e9s des plantes utilis\u00e9es, les pratiques s\u00e9curitaires et les fa\u00e7ons d&#8217;int\u00e9grer ces pr\u00e9parations dans le bien-\u00eatre personnel et les soins communautaires. <\/p>\n<p>Au cours de cinq modules progressifs, vous allez :<\/p>\n<ul>\n<li><strong>Fabrication 1 \u2013 Vinaigres + Sirops<\/strong><br \/>\nApprenez \u00e0 cr\u00e9er des vinaigres aux plantes savoureux et des sirops nourrissants qui pr\u00e9servent les bienfaits des plantes et soutiennent la sant\u00e9 quotidienne.<\/li>\n<li><strong>Fabrication 2 \u2013 Tisanes, infusions, d\u00e9coctions, sels<\/strong><br \/>\nExplorez les rem\u00e8des fondamentaux \u00e0 base d&#8217;eau, des simples tisanes aux infusions th\u00e9rapeutiques, d\u00e9coctions et sels de bain riches en min\u00e9raux.<\/li>\n<li><strong>Fabrication 3 \u2013 Baumes, huiles, cr\u00e8mes<\/strong><br \/>\nCr\u00e9ez des pr\u00e9parations topiques pour apaiser, prot\u00e9ger et gu\u00e9rir la peau tout en comprenant les techniques d&#8217;extraction d&#8217;huile et de formulation.<\/li>\n<li><strong>Fabrication 4 \u2013 Teintures + Marketing et r\u00e9glementation<\/strong><br \/>\nMa\u00eetrisez les extractions de plantes \u00e0 base d&#8217;alcool et acqu\u00e9rez des connaissances essentielles sur la vente et le partage de vos produits de mani\u00e8re s\u00e9curitaire et l\u00e9gale.<\/li>\n<li><strong>Fabrication 5 \u2013 Fermentation<\/strong><br \/>\nD\u00e9couvrez comment la fermentation peut am\u00e9liorer \u00e0 la fois la saveur et la valeur m\u00e9dicinale des plantes gr\u00e2ce \u00e0 des pr\u00e9parations comme le kombucha aux plantes, les hydromels et plus encore.<\/li>\n<\/ul>\n<p>Cette s\u00e9rie d\u00e9veloppe la confiance et les comp\u00e9tences, vous pr\u00e9parant \u00e0 travailler avec les plantes de mani\u00e8re cr\u00e9ative et responsable, que ce soit pour un usage personnel ou dans le cadre de votre pratique d&#8217;herboristerie. 150 $ par session <\/p>\n","protected":false},"excerpt":{"rendered":"<p>Dans le cadre du <strong>Programme de certificat d&#8217;herboriste communautaire<\/strong>, la s\u00e9rie <em>Fabrication<\/em> en 5 parties est con\u00e7ue pour vous donner une exp\u00e9rience pratique dans la cr\u00e9ation d&#8217;un large \u00e9ventail de pr\u00e9parations \u00e0 base de plantes. Chaque session se concentre sur une cat\u00e9gorie sp\u00e9cifique de rem\u00e8des, vous enseignant non seulement comment les fabriquer, mais aussi les propri\u00e9t\u00e9s des plantes utilis\u00e9es, les pratiques s\u00e9curitaires et les fa\u00e7ons d&#8217;int\u00e9grer ces pr\u00e9parations dans le bien-\u00eatre personnel et les soins communautaires. <\/p>\n","protected":false},"featured_media":13852,"template":"","meta":{"_acf_changed":false},"product_brand":[],"product_cat":[169,433,291,97],"product_tag":[],"class_list":{"0":"post-15645","1":"product","2":"type-product","3":"status-publish","4":"has-post-thumbnail","6":"product_cat-atelier","7":"product_cat-claire-elliot-fr","8":"product_cat-dorval-west-island-fr","9":"product_cat-en-personne","11":"first","12":"instock","13":"virtual","14":"purchasable","15":"product-type-simple"},"acf":[],"_links":{"self":[{"href":"https:\/\/setsuko.ca\/fr\/wp-json\/wp\/v2\/product\/15645","targetHints":{"allow":["GET"]}}],"collection":[{"href":"https:\/\/setsuko.ca\/fr\/wp-json\/wp\/v2\/product"}],"about":[{"href":"https:\/\/setsuko.ca\/fr\/wp-json\/wp\/v2\/types\/product"}],"wp:featuredmedia":[{"embeddable":true,"href":"https:\/\/setsuko.ca\/fr\/wp-json\/wp\/v2\/media\/13852"}],"wp:attachment":[{"href":"https:\/\/setsuko.ca\/fr\/wp-json\/wp\/v2\/media?parent=15645"}],"wp:term":[{"taxonomy":"product_brand","embeddable":true,"href":"https:\/\/setsuko.ca\/fr\/wp-json\/wp\/v2\/product_brand?post=15645"},{"taxonomy":"product_cat","embeddable":true,"href":"https:\/\/setsuko.ca\/fr\/wp-json\/wp\/v2\/product_cat?post=15645"},{"taxonomy":"product_tag","embeddable":true,"href":"https:\/\/setsuko.ca\/fr\/wp-json\/wp\/v2\/product_tag?post=15645"}],"curies":[{"name":"wp","href":"https:\/\/api.w.org\/{rel}","templated":true}]}}