{"id":15646,"date":"2024-08-27T14:00:10","date_gmt":"2024-08-27T18:00:10","guid":{"rendered":"https:\/\/setsuko.ca\/product\/introduction-au-massage-suedois-ndg-temps-partiel\/"},"modified":"2024-08-27T14:00:10","modified_gmt":"2024-08-27T18:00:10","slug":"introduction-au-massage-suedois-ndg-temps-partiel","status":"publish","type":"product","link":"https:\/\/setsuko.ca\/fr\/produit\/introduction-au-massage-suedois-ndg-temps-partiel\/","title":{"rendered":"Introduction au massage su\u00e9dois \u2013 NDG (temps partiel)"},"content":{"rendered":"<p>Vous \u00eates curieux d&#8217;en savoir plus sur la massoth\u00e9rapie ? Vous \u00eates pr\u00eat \u00e0 vous lancer et \u00e0 voir si cela vous convient ? Notre initiation au massage su\u00e9dois est le point de d\u00e9part id\u00e9al ! En une journ\u00e9e, vous apprendrez les bases du massage su\u00e9dois : les diff\u00e9rents mouvements, comment utiliser le poids du corps et les techniques professionnelles de drapage. \u00c0 la fin de cet atelier pratique, vous serez en mesure d&#8217;offrir un massage relaxant d&#8217;une heure \u00e0 vos amis et \u00e0 votre famille.    <\/p>\n<p>Cet atelier s&#8217;adresse \u00e0 tous ceux qui ont d\u00e9j\u00e0 envisag\u00e9 une carri\u00e8re dans le domaine de la massoth\u00e9rapie ou qui souhaitent simplement ajouter une touche sp\u00e9ciale \u00e0 leur routine de bien-\u00eatre. Vous pouvez suivre ce cours pour le plaisir ou l&#8217;utiliser comme premi\u00e8re \u00e9tape vers l&#8217;obtention d&#8217;une certification compl\u00e8te en massoth\u00e9rapie. Dans tous les cas, c&#8217;est un excellent moyen d&#8217;explorer vos options.  <\/p>\n<p>Voici ce que vous obtiendrez :<\/p>\n<ul>\n<li>Conseils d&#8217;experts : rencontrez nos formateurs exp\u00e9riment\u00e9s, passionn\u00e9s par leur m\u00e9tier, qui vous aideront \u00e0 r\u00e9ussir.<\/li>\n<li>Aper\u00e7u des cours d&#8217;automne : D\u00e9couvrez nos programmes \u00e0 venir \u00e0 NDG et Dorval et trouvez celui qui correspond \u00e0 votre emploi du temps.<\/li>\n<li>Pratique : D\u00e9couvrez concr\u00e8tement les techniques utilis\u00e9es dans le massage su\u00e9dois.<\/li>\n<li>Conseils de relaxation : impressionnez vos amis et votre famille avec vos nouvelles comp\u00e9tences en massage !<\/li>\n<li>Restez en s\u00e9curit\u00e9 : apprenez les conseils de s\u00e9curit\u00e9 essentiels pour vous assurer que vous prodiguez un massage s\u00fbr et efficace.<\/li>\n<li>\u00c9conomisez votre \u00e9nergie : d\u00e9couvrez comment utiliser la m\u00e9canique corporelle pour prodiguer un excellent massage sans vous \u00e9puiser.<\/li>\n<\/ul>\n<p><strong>Date&nbsp;:<\/strong> 27-28 sept. 2025<br \/>\n<strong>Heure : <\/strong>10 h \u2013 17 h<br \/>\n<strong>Emplacement : <\/strong>Complexe de sant\u00e9 Queen Elizabeth, 2111, avenue Northcliffe, #11D (sous-sol), Montr\u00e9al, QC H4A 3K6, M\u00e9tro Vend\u00f4me<br \/>\n<strong>Prix de lancement&nbsp;:<\/strong> Seulement 150&nbsp;$<\/p>\n<p>Ne manquez pas cette occasion d&#8217;explorer une nouvelle carri\u00e8re potentielle tout en vous amusant. Inscrivez-vous d\u00e8s aujourd&#8217;hui et faites le premier pas vers une carri\u00e8re enrichissante dans le domaine de la massoth\u00e9rapie ! <\/p>\n","protected":false},"excerpt":{"rendered":"<p>Participez \u00e0 notre atelier d&#8217;introduction au massage su\u00e9dois et apprenez les bases du massage de relaxation, id\u00e9al pour les personnes curieuses de se lancer dans la massoth\u00e9rapie ou d\u00e9sireuses d&#8217;am\u00e9liorer leurs comp\u00e9tences en mati\u00e8re de bien-\u00eatre. Cet atelier pratique d&#8217;une journ\u00e9e est votre premier pas vers une carri\u00e8re \u00e9panouissante dans le massage !<\/p>\n","protected":false},"featured_media":13951,"template":"","meta":{"_acf_changed":false},"product_brand":[],"product_cat":[169,439,95,96,97,198,287],"product_tag":[468],"class_list":{"0":"post-15646","1":"product","2":"type-product","3":"status-publish","4":"has-post-thumbnail","6":"product_cat-atelier","7":"product_cat-bilingue","8":"product_cat-cours","9":"product_cat-diplomes","10":"product_cat-en-personne","11":"product_cat-jeffrey-pires-fr","12":"product_cat-qe-ndg-fr","13":"product_tag-introduction","15":"first","16":"outofstock","17":"virtual","18":"purchasable","19":"product-type-simple"},"acf":[],"_links":{"self":[{"href":"https:\/\/setsuko.ca\/fr\/wp-json\/wp\/v2\/product\/15646","targetHints":{"allow":["GET"]}}],"collection":[{"href":"https:\/\/setsuko.ca\/fr\/wp-json\/wp\/v2\/product"}],"about":[{"href":"https:\/\/setsuko.ca\/fr\/wp-json\/wp\/v2\/types\/product"}],"wp:featuredmedia":[{"embeddable":true,"href":"https:\/\/setsuko.ca\/fr\/wp-json\/wp\/v2\/media\/13951"}],"wp:attachment":[{"href":"https:\/\/setsuko.ca\/fr\/wp-json\/wp\/v2\/media?parent=15646"}],"wp:term":[{"taxonomy":"product_brand","embeddable":true,"href":"https:\/\/setsuko.ca\/fr\/wp-json\/wp\/v2\/product_brand?post=15646"},{"taxonomy":"product_cat","embeddable":true,"href":"https:\/\/setsuko.ca\/fr\/wp-json\/wp\/v2\/product_cat?post=15646"},{"taxonomy":"product_tag","embeddable":true,"href":"https:\/\/setsuko.ca\/fr\/wp-json\/wp\/v2\/product_tag?post=15646"}],"curies":[{"name":"wp","href":"https:\/\/api.w.org\/{rel}","templated":true}]}}