{"id":15647,"date":"2025-05-01T15:07:32","date_gmt":"2025-05-01T19:07:32","guid":{"rendered":"https:\/\/setsuko.ca\/product\/therapie-craniosacrale-application-clinique-et-integration\/"},"modified":"2025-05-01T15:07:32","modified_gmt":"2025-05-01T19:07:32","slug":"therapie-craniosacrale-application-clinique-et-integration","status":"publish","type":"product","link":"https:\/\/setsuko.ca\/fr\/produit\/therapie-craniosacrale-application-clinique-et-integration\/","title":{"rendered":"Th\u00e9rapie cr\u00e2niosacrale Application clinique et int\u00e9gration"},"content":{"rendered":"<h3>Pr\u00e9-requis<\/h3>\n<ul>\n<li>400 heures minimum (massoth\u00e9rapie ou travail corporel)<\/li>\n<li>Anatomie (45 heures)<\/li>\n<li>Physiologie (45 heures)<\/li>\n<li>Sexologie, relations d&#8217;aide, \u00e9thique professionnelle<\/li>\n<li>Ach\u00e8vement de la certification en th\u00e9rapie cr\u00e2niosacrale Fondements I et 2<\/li>\n<\/ul>\n<h3>Comprend :<\/h3>\n<ul>\n<li>Activit\u00e9 professionnelle en th\u00e9rapie cr\u00e2niosacrale et \u00e9tablissement de liens (en ligne)<\/li>\n<li>Application clinique et int\u00e9gration (3 jours)<\/li>\n<li>Encadrement et formation approfondis en milieu clinique<\/li>\n<li>Travail avec des clients pr\u00e9sentant des cas complexes<\/li>\n<li>Retours pr\u00e9cieux sur les techniques et l&#8217;application<\/li>\n<li>R\u00e9vision des techniques et \u00e9tablissement de liens<\/li>\n<\/ul>\n<p><strong>3 jours  <\/strong><\/p>\n<p><strong>24,5 heures<\/strong><\/p>\n","protected":false},"excerpt":{"rendered":"<p>La phase d&#8217;application clinique commence une fois que les \u00e9tudiants ont termin\u00e9 avec succ\u00e8s et r\u00e9ussi <em data-start=\"225\" data-end=\"240\">Fondements 1<\/em> et <em data-start=\"245\" data-end=\"260\">Fondements 2<\/em>. Durant cette \u00e9tape, les participants s&#8217;engageront dans une pratique clinique supervis\u00e9e et exploreront les aspects professionnels et commerciaux de la th\u00e9rapie cr\u00e2niosacrale. Ce module avanc\u00e9 int\u00e8gre l&#8217;exp\u00e9rience pratique aux comp\u00e9tences et connaissances d\u00e9velopp\u00e9es dans les cours fondamentaux, pr\u00e9parant les \u00e9tudiants \u00e0 la pratique professionnelle.  <\/p>\n","protected":false},"featured_media":14026,"template":"","meta":{"_acf_changed":false},"product_brand":[],"product_cat":[440,479,291,158,143],"product_tag":[],"class_list":{"0":"post-15647","1":"product","2":"type-product","3":"status-publish","4":"has-post-thumbnail","6":"product_cat-anglais","7":"product_cat-clinical-massage","8":"product_cat-dorval-west-island-fr","9":"product_cat-hybrid-fr","10":"product_cat-tony-eng-fr","12":"first","13":"instock","14":"virtual","15":"purchasable","16":"product-type-simple"},"acf":[],"_links":{"self":[{"href":"https:\/\/setsuko.ca\/fr\/wp-json\/wp\/v2\/product\/15647","targetHints":{"allow":["GET"]}}],"collection":[{"href":"https:\/\/setsuko.ca\/fr\/wp-json\/wp\/v2\/product"}],"about":[{"href":"https:\/\/setsuko.ca\/fr\/wp-json\/wp\/v2\/types\/product"}],"wp:featuredmedia":[{"embeddable":true,"href":"https:\/\/setsuko.ca\/fr\/wp-json\/wp\/v2\/media\/14026"}],"wp:attachment":[{"href":"https:\/\/setsuko.ca\/fr\/wp-json\/wp\/v2\/media?parent=15647"}],"wp:term":[{"taxonomy":"product_brand","embeddable":true,"href":"https:\/\/setsuko.ca\/fr\/wp-json\/wp\/v2\/product_brand?post=15647"},{"taxonomy":"product_cat","embeddable":true,"href":"https:\/\/setsuko.ca\/fr\/wp-json\/wp\/v2\/product_cat?post=15647"},{"taxonomy":"product_tag","embeddable":true,"href":"https:\/\/setsuko.ca\/fr\/wp-json\/wp\/v2\/product_tag?post=15647"}],"curies":[{"name":"wp","href":"https:\/\/api.w.org\/{rel}","templated":true}]}}