{"id":15705,"date":"2026-03-29T12:53:42","date_gmt":"2026-03-29T16:53:42","guid":{"rendered":"https:\/\/setsuko.ca\/product\/etirements-pha-khao-ma\/"},"modified":"2026-03-29T15:25:57","modified_gmt":"2026-03-29T19:25:57","slug":"etirements-pha-khao-ma","status":"publish","type":"product","link":"https:\/\/setsuko.ca\/fr\/produit\/etirements-pha-khao-ma\/","title":{"rendered":"\u00c9tirements Pha Khao Ma"},"content":{"rendered":"<p>Cette formation pratique vous initie au massage th\u00e9rapeutique par \u00e9tirements Pha Khao Ma utilisant un tissu traditionnel tha\u00eflandais pour cr\u00e9er un effet de levier, une traction et un mouvement contr\u00f4l\u00e9 \u00e0 travers le corps.<\/p>\n<p>Dans cette session cibl\u00e9e, vous apprendrez des techniques concr\u00e8tes que vous pourrez appliquer imm\u00e9diatement dans votre pratique. La formation est structur\u00e9e en techniques du haut du corps enseign\u00e9es par Ajan Chang et techniques du bas du corps enseign\u00e9es par Sebastian Escobar. <\/p>\n<p>Vous apprendrez \u00e0 utiliser le tissu comme prolongement de vos mains pour appliquer des \u00e9tirements assist\u00e9s, des compressions et un travail de mobilit\u00e9 tout en r\u00e9duisant la tension sur votre propre corps et en cr\u00e9ant des r\u00e9sultats plus profonds pour votre client.<\/p>\n<h2>Ce que vous apprendrez<\/h2>\n<ul>\n<li><span style=\"font-weight: 400;\">Fondements et bienfaits du Pha Khao Ma<\/span><\/li>\n<li><span style=\"font-weight: 400;\">Techniques du haut du corps par Ajan Chang<\/span><\/li>\n<li><span style=\"font-weight: 400;\">Techniques du bas du corps par Sebastian Escobar<\/span><\/li>\n<li><span style=\"font-weight: 400;\">\u00c9tirements assist\u00e9s, traction et compression<\/span><\/li>\n<li><span style=\"font-weight: 400;\">M\u00e9canique corporelle du th\u00e9rapeute et travail bas\u00e9 sur l&#8217;effet de levier<\/span><\/li>\n<li><span style=\"font-weight: 400;\">Consid\u00e9rations de s\u00e9curit\u00e9 et contre-indications<\/span><\/li>\n<\/ul>\n<h2>R\u00e9sultats d&#8217;apprentissage<\/h2>\n<p>\u00c0 la fin de cette formation, vous serez en mesure de :<\/p>\n<ul>\n<li><span style=\"font-weight: 400;\">Appliquer les techniques Pha Khao Ma avec confiance dans un traitement<\/span><\/li>\n<li><span style=\"font-weight: 400;\">Utiliser le tissu pour am\u00e9liorer la mobilit\u00e9 et r\u00e9duire les tensions<\/span><\/li>\n<li><span style=\"font-weight: 400;\">Travailler plus intelligemment en utilisant l&#8217;effet de levier plut\u00f4t que la force<\/span><\/li>\n<li><span style=\"font-weight: 400;\">Int\u00e9grer ces techniques dans votre pratique actuelle imm\u00e9diatement<\/span><\/li>\n<\/ul>\n<p>Il ne s&#8217;agit pas d&#8217;une certification compl\u00e8te, mais vous repartirez avec des outils qui transformeront votre fa\u00e7on de traiter.<\/p>\n<h3>Promotion sp\u00e9ciale<\/h3>\n<p>Les participant\u00b7e\u00b7s recevront un polo gratuit de l\u2019Association canadienne de massage tha\u00ef, jusqu\u2019\u00e0 \u00e9puisement des stocks, selon le principe du premier arriv\u00e9, premier servi.<br \/>\nInscrivez-vous \u00e0 deux ateliers et <strong>\u00e9conomisez 75 $<\/strong>.<\/p>\n","protected":false},"excerpt":{"rendered":"<p>Cette formation pratique enseigne le massage th\u00e9rapeutique par \u00e9tirements Pha Khao Ma, utilisant un tissu traditionnel tha\u00eflandais pour appliquer des \u00e9tirements assist\u00e9s, une traction et une compression tout en am\u00e9liorant la m\u00e9canique corporelle du th\u00e9rapeute et en r\u00e9duisant la tension. Vous apprendrez des techniques pratiques du haut et du bas du corps que vous pourrez int\u00e9grer imm\u00e9diatement dans vos traitements pour am\u00e9liorer la mobilit\u00e9, soulager les tensions et travailler plus efficacement. <\/p>\n","protected":false},"featured_media":15761,"template":"","meta":{"_acf_changed":false},"product_brand":[],"product_cat":[546,440,169,554,489,287,547],"product_tag":[549,550,552,551,548],"class_list":{"0":"post-15705","1":"product","2":"type-product","3":"status-publish","4":"has-post-thumbnail","6":"product_cat-ajan-chang","7":"product_cat-anglais","8":"product_cat-atelier","9":"product_cat-bundle-eligible","10":"product_cat-modalites-orientales","11":"product_cat-qe-ndg-fr","12":"product_cat-sebastian-escobar","13":"product_tag-etirements","14":"product_tag-etirements-thailandais","15":"product_tag-massage-au-tissu-thai","16":"product_tag-massage-par-etirements","17":"product_tag-thai-massage","19":"first","20":"instock","21":"featured","22":"virtual","23":"purchasable","24":"product-type-simple"},"acf":[],"_links":{"self":[{"href":"https:\/\/setsuko.ca\/fr\/wp-json\/wp\/v2\/product\/15705","targetHints":{"allow":["GET"]}}],"collection":[{"href":"https:\/\/setsuko.ca\/fr\/wp-json\/wp\/v2\/product"}],"about":[{"href":"https:\/\/setsuko.ca\/fr\/wp-json\/wp\/v2\/types\/product"}],"wp:featuredmedia":[{"embeddable":true,"href":"https:\/\/setsuko.ca\/fr\/wp-json\/wp\/v2\/media\/15761"}],"wp:attachment":[{"href":"https:\/\/setsuko.ca\/fr\/wp-json\/wp\/v2\/media?parent=15705"}],"wp:term":[{"taxonomy":"product_brand","embeddable":true,"href":"https:\/\/setsuko.ca\/fr\/wp-json\/wp\/v2\/product_brand?post=15705"},{"taxonomy":"product_cat","embeddable":true,"href":"https:\/\/setsuko.ca\/fr\/wp-json\/wp\/v2\/product_cat?post=15705"},{"taxonomy":"product_tag","embeddable":true,"href":"https:\/\/setsuko.ca\/fr\/wp-json\/wp\/v2\/product_tag?post=15705"}],"curies":[{"name":"wp","href":"https:\/\/api.w.org\/{rel}","templated":true}]}}