{"id":15712,"date":"2026-03-29T13:53:20","date_gmt":"2026-03-29T17:53:20","guid":{"rendered":"https:\/\/setsuko.ca\/product\/etirements-thailandais-sur-table-etirements-du-haut-et-du-bas-du-corps\/"},"modified":"2026-03-29T15:27:18","modified_gmt":"2026-03-29T19:27:18","slug":"etirements-thailandais-sur-table-etirements-du-haut-et-du-bas-du-corps","status":"publish","type":"product","link":"https:\/\/setsuko.ca\/fr\/produit\/etirements-thailandais-sur-table-etirements-du-haut-et-du-bas-du-corps\/","title":{"rendered":"\u00c9tirements tha\u00eflandais sur table : \u00c9tirements du haut et du bas du corps"},"content":{"rendered":"<p>Cette formation pratique pr\u00e9sente une approche d\u2019\u00e9tirements assist\u00e9s con\u00e7ue pour am\u00e9liorer la mobilit\u00e9, r\u00e9duire les tensions et restaurer le mouvement naturel dans tout le corps.<\/p>\n<p>Cette formation combine deux approches diff\u00e9rentes pour cr\u00e9er une exp\u00e9rience de traitement compl\u00e8te.<\/p>\n<p>La partie consacr\u00e9e au haut du corps, enseign\u00e9e par Ajan Chang, est ancr\u00e9e dans les techniques tha\u00eflandaises traditionnelles. Elle se concentre sur le rythme, la fluidit\u00e9 et le mouvement continu, utilisant des transitions douces pour rel\u00e2cher les tensions et am\u00e9liorer la mobilit\u00e9 des \u00e9paules, de la colonne vert\u00e9brale et du haut du corps. <\/p>\n<p>La partie consacr\u00e9e au bas du corps, enseign\u00e9e par Sebastian Escobar, adopte une approche plus clinique et ax\u00e9e sur les r\u00e9sultats. Elle se concentre sur les hanches, les jambes et les structures environnantes, utilisant un positionnement contr\u00f4l\u00e9, la stabilit\u00e9 et l\u2019effet de levier pour augmenter en toute s\u00e9curit\u00e9 l\u2019amplitude des mouvements et r\u00e9duire les restrictions. <\/p>\n<p>Tout au long de la formation, vous apprendrez \u00e0 appliquer des \u00e9tirements assist\u00e9s avec une m\u00e9canique corporelle et un contr\u00f4le appropri\u00e9s afin de travailler efficacement sans d\u00e9pendre de la force.<\/p>\n<p>En combinant des techniques traditionnelles bas\u00e9es sur le mouvement avec une approche clinique plus structur\u00e9e, cette formation vous offre des outils pratiques que vous pouvez appliquer imm\u00e9diatement pour am\u00e9liorer les r\u00e9sultats de vos clients tout en prot\u00e9geant votre propre corps.<\/p>\n<h3>Promotion sp\u00e9ciale<\/h3>\n<p>Les participant\u00b7e\u00b7s recevront un polo gratuit de l\u2019Association canadienne de massage tha\u00ef, jusqu\u2019\u00e0 \u00e9puisement des stocks, selon le principe du premier arriv\u00e9, premier servi.<br \/>\nInscrivez-vous \u00e0 deux ateliers et <strong>\u00e9conomisez 75 $<\/strong>.<\/p>\n","protected":false},"excerpt":{"rendered":"<p>Cette formation pratique enseigne des techniques d\u2019\u00e9tirements assist\u00e9s pour le haut et le bas du corps, combinant le flux tha\u00eflandais traditionnel avec une approche plus clinique et ax\u00e9e sur les r\u00e9sultats. Vous apprendrez \u00e0 am\u00e9liorer la mobilit\u00e9, \u00e0 r\u00e9duire les tensions et \u00e0 appliquer des techniques efficaces bas\u00e9es sur l\u2019effet de levier qui prot\u00e8gent votre corps tout en offrant de meilleurs r\u00e9sultats \u00e0 vos clients. <\/p>\n","protected":false},"featured_media":15976,"template":"","meta":{"_acf_changed":false},"product_brand":[],"product_cat":[546,440,169,554,97,489,287,547],"product_tag":[556,548],"class_list":{"0":"post-15712","1":"product","2":"type-product","3":"status-publish","4":"has-post-thumbnail","6":"product_cat-ajan-chang","7":"product_cat-anglais","8":"product_cat-atelier","9":"product_cat-bundle-eligible","10":"product_cat-en-personne","11":"product_cat-modalites-orientales","12":"product_cat-qe-ndg-fr","13":"product_cat-sebastian-escobar","14":"product_tag-etirements-sur-table","15":"product_tag-thai-massage","17":"first","18":"instock","19":"featured","20":"virtual","21":"purchasable","22":"product-type-simple"},"acf":[],"_links":{"self":[{"href":"https:\/\/setsuko.ca\/fr\/wp-json\/wp\/v2\/product\/15712","targetHints":{"allow":["GET"]}}],"collection":[{"href":"https:\/\/setsuko.ca\/fr\/wp-json\/wp\/v2\/product"}],"about":[{"href":"https:\/\/setsuko.ca\/fr\/wp-json\/wp\/v2\/types\/product"}],"wp:featuredmedia":[{"embeddable":true,"href":"https:\/\/setsuko.ca\/fr\/wp-json\/wp\/v2\/media\/15976"}],"wp:attachment":[{"href":"https:\/\/setsuko.ca\/fr\/wp-json\/wp\/v2\/media?parent=15712"}],"wp:term":[{"taxonomy":"product_brand","embeddable":true,"href":"https:\/\/setsuko.ca\/fr\/wp-json\/wp\/v2\/product_brand?post=15712"},{"taxonomy":"product_cat","embeddable":true,"href":"https:\/\/setsuko.ca\/fr\/wp-json\/wp\/v2\/product_cat?post=15712"},{"taxonomy":"product_tag","embeddable":true,"href":"https:\/\/setsuko.ca\/fr\/wp-json\/wp\/v2\/product_tag?post=15712"}],"curies":[{"name":"wp","href":"https:\/\/api.w.org\/{rel}","templated":true}]}}