{"id":15723,"date":"2026-03-29T14:37:07","date_gmt":"2026-03-29T18:37:07","guid":{"rendered":"https:\/\/setsuko.ca\/product\/atelier-de-massage-royal-thai-aux-bambous\/"},"modified":"2026-03-29T15:32:48","modified_gmt":"2026-03-29T19:32:48","slug":"atelier-de-massage-royal-thai-aux-bambous","status":"publish","type":"product","link":"https:\/\/setsuko.ca\/fr\/produit\/atelier-de-massage-royal-thai-aux-bambous\/","title":{"rendered":"Atelier de massage royal tha\u00ef aux bambous"},"content":{"rendered":"<p>D\u00e9couvrez une exp\u00e9rience vraiment unique : la puissance du bambou en mouvement. Rejoignez notre atelier d\u2019une journ\u00e9e sur le massage royal tha\u00ef aux bambous ! <\/p>\n<p>Cette formation immersive et pratique vous initie \u00e0 l\u2019art du massage aux bambous chauff\u00e9s, m\u00ealant techniques tha\u00eflandaises traditionnelles et application th\u00e9rapeutique moderne. Vous apprendrez \u00e0 manipuler habilement des b\u00e2tons de bambou chauff\u00e9s de diff\u00e9rentes longueurs et tailles, transformant ainsi vos soins en une exp\u00e9rience profond\u00e9ment efficace et m\u00e9morable pour vos clients. <\/p>\n<p>Tout au long de la journ\u00e9e, vous acquerrez une v\u00e9ritable exp\u00e9rience pratique, de la pr\u00e9paration et du chauffage s\u00e9curitaire du bambou \u00e0 l\u2019application de techniques fluides et rythmiques qui ciblent les muscles avec pr\u00e9cision et facilit\u00e9. Vous explorerez \u00e9galement les diff\u00e9rents types d\u2019outils en bambou et comment les int\u00e9grer harmonieusement \u00e0 votre pratique. <\/p>\n<h3>Ce que vous apprendrez :<\/h3>\n<ul>\n<li>Les principes, l\u2019histoire et les bienfaits du massage royal tha\u00ef aux bambous<\/li>\n<li>Techniques pratiques utilisant des outils en bambou courts et longs<\/li>\n<li>M\u00e9thodes d\u2019application appropri\u00e9es pour des soins efficaces et fluides<\/li>\n<li>Consignes de s\u00e9curit\u00e9 et contre-indications<\/li>\n<li>Ciblage musculaire dans diff\u00e9rentes positions corporelles (ventrale &amp; dorsale)<\/li>\n<\/ul>\n<h3>R\u00e9sultats d&#8217;apprentissage<\/h3>\n<p>\u00c0 la fin de cet atelier, vous serez en mesure de :<\/p>\n<ul>\n<li>Expliquer clairement les bienfaits et les fondements du massage aux bambous chauff\u00e9s<\/li>\n<li>Identifier et choisir en toute confiance les bons outils en bambou pour diff\u00e9rentes zones du corps<\/li>\n<li>Pr\u00e9parer, chauffer et manipuler le bambou en toute s\u00e9curit\u00e9 pour un confort optimal du client<\/li>\n<li>Effectuer une vari\u00e9t\u00e9 de techniques, y compris le roulement, le glissement, le p\u00e9trissage et la compression<\/li>\n<li>Adapter votre soin aux besoins et conditions individuels du client<\/li>\n<li>D\u00e9livrer une s\u00e9ance compl\u00e8te de massage aux bambous de 60 \u00e0 90 minutes avec confiance et fluidit\u00e9<\/li>\n<\/ul>\n<p>Que vous cherchiez \u00e0 d\u00e9velopper vos comp\u00e9tences ou \u00e0 \u00e9lever votre pratique, cet atelier vous donnera la confiance, la technique et la cr\u00e9ativit\u00e9 n\u00e9cessaires pour vous d\u00e9marquer.<\/p>\n<h3>Cr\u00e9dits de formation continue approuv\u00e9s :<\/h3>\n<ul>\n<li>CMMOTA \u2013 6,5 cr\u00e9dits<\/li>\n<li>CRMTA \u2013 6,5 cr\u00e9dits<\/li>\n<li>NHPC \u2013 5 cr\u00e9dits<\/li>\n<li>ARMTA \u2013 7 cr\u00e9dits<\/li>\n<li>MTAA \u2013 6 cr\u00e9dits<\/li>\n<\/ul>\n<h3>Qualifications de l\u2019instructeur<\/h3>\n<p><strong>Nuchnapha Sanpakdee, RMT, MOT<\/strong><\/p>\n<p>Instructrice certifi\u00e9e en massage tha\u00eflandais<\/p>\n<p>* M\u00e9daille d\u2019argent \u2014 Newma Asian Massage, Cat\u00e9gorie Massage Asiatique (2026)<\/p>\n<p>* M\u00e9daille de bronze \u2014 Championnat de massage UTWA, Cat\u00e9gorie Bien-\u00eatre (2025)<\/p>\n<p>* M\u00e9daille de bronze \u2014 Championnat de massage UTWA, Cat\u00e9gorie Occidental (2025)<\/p>\n<p><strong>Wassana Vanberg, RMT<\/strong><\/p>\n<p>Th\u00e9rapeute prim\u00e9e \u2014 Newma Asian Massage<\/p>\n<p>* M\u00e9daille d\u2019or \u2014 Newma Asian Massage, Cat\u00e9gorie Massage Asiatique (2026)<\/p>\n<p>* M\u00e9daille d\u2019or \u2014 Championne de massage Bien-\u00eatre &amp; Spa (2025)<\/p>\n<p>* M\u00e9daille d\u2019argent \u2014 Massage Occidental (Tissus Profonds)<\/p>\n<p>* M\u00e9daille d\u2019argent \u2014 Massage DIY<\/p>\n<p>* M\u00e9daille de bronze \u2014 Massage Sportif<\/p>\n<h3>Promotion sp\u00e9ciale<\/h3>\n<p>Les participant\u00b7e\u00b7s recevront un polo gratuit de l\u2019Association canadienne de massage tha\u00ef, jusqu\u2019\u00e0 \u00e9puisement des stocks, selon le principe du premier arriv\u00e9, premier servi.<br \/>\nInscrivez-vous \u00e0 deux ateliers et <strong>\u00e9conomisez 75 $<\/strong>.<\/p>\n","protected":false},"excerpt":{"rendered":"<p>Cet atelier pratique enseigne les techniques de massage royal tha\u00ef aux bambous chauff\u00e9s, combinant m\u00e9thodes traditionnelles et application moderne pour offrir des soins profonds et efficaces avec moins de tension pour le th\u00e9rapeute. Vous apprendrez \u00e0 utiliser les outils en bambou en toute s\u00e9curit\u00e9, \u00e0 appliquer des techniques fluides et \u00e0 int\u00e9grer cette modalit\u00e9 unique \u00e0 votre pratique en toute confiance. <\/p>\n","protected":false},"featured_media":15977,"template":"","meta":{"_acf_changed":false},"product_brand":[],"product_cat":[440,169,291,554,97,490,489,560,559],"product_tag":[561,548],"class_list":{"0":"post-15723","1":"product","2":"type-product","3":"status-publish","4":"has-post-thumbnail","6":"product_cat-anglais","7":"product_cat-atelier","8":"product_cat-dorval-west-island-fr","9":"product_cat-bundle-eligible","10":"product_cat-en-personne","11":"product_cat-interet-general","12":"product_cat-modalites-orientales","13":"product_cat-nuchnapha-sanpakdee-waew","14":"product_cat-wasana-vanberg","15":"product_tag-massage-aux-bambous","16":"product_tag-thai-massage","18":"first","19":"instock","20":"featured","21":"virtual","22":"purchasable","23":"product-type-simple"},"acf":[],"_links":{"self":[{"href":"https:\/\/setsuko.ca\/fr\/wp-json\/wp\/v2\/product\/15723","targetHints":{"allow":["GET"]}}],"collection":[{"href":"https:\/\/setsuko.ca\/fr\/wp-json\/wp\/v2\/product"}],"about":[{"href":"https:\/\/setsuko.ca\/fr\/wp-json\/wp\/v2\/types\/product"}],"wp:featuredmedia":[{"embeddable":true,"href":"https:\/\/setsuko.ca\/fr\/wp-json\/wp\/v2\/media\/15977"}],"wp:attachment":[{"href":"https:\/\/setsuko.ca\/fr\/wp-json\/wp\/v2\/media?parent=15723"}],"wp:term":[{"taxonomy":"product_brand","embeddable":true,"href":"https:\/\/setsuko.ca\/fr\/wp-json\/wp\/v2\/product_brand?post=15723"},{"taxonomy":"product_cat","embeddable":true,"href":"https:\/\/setsuko.ca\/fr\/wp-json\/wp\/v2\/product_cat?post=15723"},{"taxonomy":"product_tag","embeddable":true,"href":"https:\/\/setsuko.ca\/fr\/wp-json\/wp\/v2\/product_tag?post=15723"}],"curies":[{"name":"wp","href":"https:\/\/api.w.org\/{rel}","templated":true}]}}