{"id":15729,"date":"2026-03-29T14:49:11","date_gmt":"2026-03-29T18:49:11","guid":{"rendered":"https:\/\/setsuko.ca\/product\/masterclass-introduction-au-massage-oriental-et-aux-techniques-au-sol\/"},"modified":"2026-03-29T15:34:04","modified_gmt":"2026-03-29T19:34:04","slug":"masterclass-introduction-au-massage-oriental-et-aux-techniques-au-sol","status":"publish","type":"product","link":"https:\/\/setsuko.ca\/fr\/produit\/masterclass-introduction-au-massage-oriental-et-aux-techniques-au-sol\/","title":{"rendered":"Masterclass : Introduction au massage oriental et aux techniques au sol"},"content":{"rendered":"<p><span style=\"font-weight: 400;\">Rejoignez trois praticiennes de renom pour une masterclass dynamique et pratique explorant les fondements du massage oriental et la puissance du travail corporel au sol. Cette collaboration sp\u00e9ciale r\u00e9unit   <\/span><b>Orachon Meechai (fondatrice d&#8217;Orachon Wellness Spa, Toronto)<\/b><span style=\"font-weight: 400;\">, <\/span><b>Jennifer Setsuko Lee (fondatrice de l&#8217;\u00c9cole Setsuko, Montr\u00e9al)<\/b><span style=\"font-weight: 400;\">, et <\/span><b>Camille Massive (propri\u00e9taire de LannaThai Spa, Montr\u00e9al)<\/b><span style=\"font-weight: 400;\">\u2014chacune apportant son expertise et sa perspective uniques.<\/span><\/p>\n<p><span style=\"font-weight: 400;\">Dans cette exp\u00e9rience immersive, les participants seront initi\u00e9s aux principes et techniques fondamentaux issus du <\/span><b>Shiatsu, du massage tha\u00ef et des pratiques d&#8217;\u00e9tirement dynamique<\/b><span style=\"font-weight: 400;\">. L&#8217;atelier met l&#8217;accent sur le travail  <\/span><b>avec la gravit\u00e9, le poids du corps et la fluidit\u00e9<\/b><span style=\"font-weight: 400;\">, permettant aux praticiens de d\u00e9velopper une plus grande efficacit\u00e9, sensibilit\u00e9 et durabilit\u00e9 dans leur pratique.<\/span><\/p>\n<p><span style=\"font-weight: 400;\">Vous explorerez :<\/span><\/p>\n<ul>\n<li style=\"font-weight: 400;\" aria-level=\"1\"><span style=\"font-weight: 400;\">Les fondements de la philosophie et du toucher du massage oriental<\/span><\/li>\n<li style=\"font-weight: 400;\" aria-level=\"1\"><span style=\"font-weight: 400;\">Techniques pratiques au sol pour les traitements du corps entier<\/span><\/li>\n<li style=\"font-weight: 400;\" aria-level=\"1\"><span style=\"font-weight: 400;\">Introduction \u00e0 la pression Shiatsu et \u00e0 la conscience des m\u00e9ridiens<\/span><\/li>\n<li style=\"font-weight: 400;\" aria-level=\"1\"><span style=\"font-weight: 400;\">\u00c9tirements dynamiques inspir\u00e9s du massage tha\u00ef (tr\u00e8s demand\u00e9s et largement applicables)<\/span><\/li>\n<li style=\"font-weight: 400;\" aria-level=\"1\"><span style=\"font-weight: 400;\">Strat\u00e9gies pour utiliser <\/span><b>l&#8217;effet de levier du corps plut\u00f4t que l&#8217;effort musculaire<\/b><span style=\"font-weight: 400;\"> afin de r\u00e9duire la tension et d&#8217;augmenter l&#8217;efficacit\u00e9<\/span><\/li>\n<\/ul>\n<p><span style=\"font-weight: 400;\">Cette masterclass est <\/span><b>ouverte \u00e0 tous les niveaux<\/b><span style=\"font-weight: 400;\">\u2014des \u00e9tudiants aux th\u00e9rapeutes exp\u00e9riment\u00e9s\u2014particuli\u00e8rement ceux qui souhaitent aller au-del\u00e0 du travail sur table, perfectionner leur m\u00e9canique corporelle et apporter plus de mouvement et de cr\u00e9ativit\u00e9 dans leurs s\u00e9ances.<\/span><\/p>\n<p><span style=\"font-weight: 400;\">Que vous travailliez sur table ou que vous passiez aux traitements au sol, cet atelier offre des outils pratiques et une inspiration pour \u00e9lever votre pratique.<\/span><\/p>\n<h3>Promotion sp\u00e9ciale<\/h3>\n<p>Les participant\u00b7e\u00b7s recevront un polo gratuit de l\u2019Association canadienne de massage tha\u00ef, jusqu\u2019\u00e0 \u00e9puisement des stocks, selon le principe du premier arriv\u00e9, premier servi.<br \/>\nInscrivez-vous \u00e0 deux ateliers et <strong>\u00e9conomisez 75 $<\/strong>.<\/p>\n","protected":false},"excerpt":{"rendered":"<p>Cette masterclass pratique combine les techniques de Shiatsu, de massage tha\u00ef et d&#8217;\u00e9tirement dynamique pour introduire un travail corporel efficace au sol utilisant la gravit\u00e9, la fluidit\u00e9 et le poids du corps. Vous acquerrez des outils pratiques pour am\u00e9liorer l&#8217;efficacit\u00e9, r\u00e9duire la tension et apporter plus de mouvement et de polyvalence dans vos traitements. <\/p>\n","protected":false},"featured_media":15980,"template":"","meta":{"_acf_changed":false},"product_brand":[],"product_cat":[440,169,532,291,554,97,490,168,489,444],"product_tag":[],"class_list":{"0":"post-15729","1":"product","2":"type-product","3":"status-publish","4":"has-post-thumbnail","6":"product_cat-anglais","7":"product_cat-atelier","8":"product_cat-camille-massalve","9":"product_cat-dorval-west-island-fr","10":"product_cat-bundle-eligible","11":"product_cat-en-personne","12":"product_cat-interet-general","13":"product_cat-jenni-lee-fr","14":"product_cat-modalites-orientales","15":"product_cat-orachon-meechai-fr","17":"first","18":"instock","19":"featured","20":"virtual","21":"purchasable","22":"product-type-simple"},"acf":[],"_links":{"self":[{"href":"https:\/\/setsuko.ca\/fr\/wp-json\/wp\/v2\/product\/15729","targetHints":{"allow":["GET"]}}],"collection":[{"href":"https:\/\/setsuko.ca\/fr\/wp-json\/wp\/v2\/product"}],"about":[{"href":"https:\/\/setsuko.ca\/fr\/wp-json\/wp\/v2\/types\/product"}],"wp:featuredmedia":[{"embeddable":true,"href":"https:\/\/setsuko.ca\/fr\/wp-json\/wp\/v2\/media\/15980"}],"wp:attachment":[{"href":"https:\/\/setsuko.ca\/fr\/wp-json\/wp\/v2\/media?parent=15729"}],"wp:term":[{"taxonomy":"product_brand","embeddable":true,"href":"https:\/\/setsuko.ca\/fr\/wp-json\/wp\/v2\/product_brand?post=15729"},{"taxonomy":"product_cat","embeddable":true,"href":"https:\/\/setsuko.ca\/fr\/wp-json\/wp\/v2\/product_cat?post=15729"},{"taxonomy":"product_tag","embeddable":true,"href":"https:\/\/setsuko.ca\/fr\/wp-json\/wp\/v2\/product_tag?post=15729"}],"curies":[{"name":"wp","href":"https:\/\/api.w.org\/{rel}","templated":true}]}}