{"id":15733,"date":"2026-03-29T15:02:46","date_gmt":"2026-03-29T19:02:46","guid":{"rendered":"https:\/\/setsuko.ca\/product\/atelier-de-massage-facial-et-baguette-kansa\/"},"modified":"2026-03-29T15:35:34","modified_gmt":"2026-03-29T19:35:34","slug":"atelier-de-massage-facial-et-baguette-kansa","status":"publish","type":"product","link":"https:\/\/setsuko.ca\/fr\/produit\/atelier-de-massage-facial-et-baguette-kansa\/","title":{"rendered":"Atelier de massage facial et baguette Kansa"},"content":{"rendered":"<p>Cet atelier de massage facial est ouvert \u00e0 tous les niveaux, y compris aux d\u00e9butants complets\u2014aucune exp\u00e9rience pr\u00e9alable n&#8217;est requise. Il est con\u00e7u pour introduire et d\u00e9velopper les comp\u00e9tences de base tout en explorant des techniques plus approfondies et des m\u00e9thodes de lifting raffin\u00e9es.<br \/>\nLes participants apprendront \u00e0 soutenir la sant\u00e9 de la peau, am\u00e9liorer le tonus musculaire et cr\u00e9er une exp\u00e9rience faciale rajeunissante en utilisant les techniques ayurv\u00e9diques de la baguette Kansa. L&#8217;atelier met l&#8217;accent \u00e0 la fois sur la technique et la pr\u00e9sence, vous aidant \u00e0 offrir des soins efficaces, relaxants et holistiques.<br \/>\nSi le temps le permet, une introduction aux techniques avanc\u00e9es de massage abdominal sera \u00e9galement incluse, offrant une perspective plus large sur le travail corporel int\u00e9gratif.  <\/p>\n<h3>Promotion sp\u00e9ciale<\/h3>\n<p>Les participant\u00b7e\u00b7s recevront un polo gratuit de l\u2019Association canadienne de massage tha\u00ef, jusqu\u2019\u00e0 \u00e9puisement des stocks, selon le principe du premier arriv\u00e9, premier servi.<br \/>\nInscrivez-vous \u00e0 deux ateliers et <strong>\u00e9conomisez 75 $<\/strong>.<\/p>\n","protected":false},"excerpt":{"rendered":"<p>Cet atelier pratique introduit le massage facial et les techniques de la baguette Kansa pour am\u00e9liorer la sant\u00e9 de la peau, le tonus musculaire et la relaxation globale selon une approche holistique et ayurv\u00e9dique. Vous apprendrez des comp\u00e9tences pratiques pour offrir des soins efficaces et rajeunissants tout en affinant votre toucher et votre pr\u00e9sence. <\/p>\n","protected":false},"featured_media":15981,"template":"","meta":{"_acf_changed":false},"product_brand":[],"product_cat":[440,169,291,554,97,481,490,562],"product_tag":[],"class_list":{"0":"post-15733","1":"product","2":"type-product","3":"status-publish","4":"has-post-thumbnail","6":"product_cat-anglais","7":"product_cat-atelier","8":"product_cat-dorval-west-island-fr","9":"product_cat-bundle-eligible","10":"product_cat-en-personne","11":"product_cat-holistic-therapies","12":"product_cat-interet-general","13":"product_cat-praphan-tangmanaphitham-boyce","15":"first","16":"instock","17":"featured","18":"virtual","19":"purchasable","20":"product-type-simple"},"acf":[],"_links":{"self":[{"href":"https:\/\/setsuko.ca\/fr\/wp-json\/wp\/v2\/product\/15733","targetHints":{"allow":["GET"]}}],"collection":[{"href":"https:\/\/setsuko.ca\/fr\/wp-json\/wp\/v2\/product"}],"about":[{"href":"https:\/\/setsuko.ca\/fr\/wp-json\/wp\/v2\/types\/product"}],"wp:featuredmedia":[{"embeddable":true,"href":"https:\/\/setsuko.ca\/fr\/wp-json\/wp\/v2\/media\/15981"}],"wp:attachment":[{"href":"https:\/\/setsuko.ca\/fr\/wp-json\/wp\/v2\/media?parent=15733"}],"wp:term":[{"taxonomy":"product_brand","embeddable":true,"href":"https:\/\/setsuko.ca\/fr\/wp-json\/wp\/v2\/product_brand?post=15733"},{"taxonomy":"product_cat","embeddable":true,"href":"https:\/\/setsuko.ca\/fr\/wp-json\/wp\/v2\/product_cat?post=15733"},{"taxonomy":"product_tag","embeddable":true,"href":"https:\/\/setsuko.ca\/fr\/wp-json\/wp\/v2\/product_tag?post=15733"}],"curies":[{"name":"wp","href":"https:\/\/api.w.org\/{rel}","templated":true}]}}