{"id":15738,"date":"2026-03-29T15:22:27","date_gmt":"2026-03-29T19:22:27","guid":{"rendered":"https:\/\/setsuko.ca\/product\/fusion-de-travail-corporel-suedois-thai-atelier-de-massage-sur-table-en-tissus-profonds\/"},"modified":"2026-03-29T15:24:10","modified_gmt":"2026-03-29T19:24:10","slug":"fusion-de-travail-corporel-suedois-thai-atelier-de-massage-sur-table-en-tissus-profonds","status":"publish","type":"product","link":"https:\/\/setsuko.ca\/fr\/produit\/fusion-de-travail-corporel-suedois-thai-atelier-de-massage-sur-table-en-tissus-profonds\/","title":{"rendered":"Fusion de travail corporel su\u00e9dois &amp; tha\u00ef : atelier de massage sur table en tissus profonds"},"content":{"rendered":"<p><span style=\"font-weight: 400;\">Atelier avanc\u00e9 pour massoth\u00e9rapeutes \u2728<\/span><\/p>\n<p><span style=\"font-weight: 400;\">J\u2019ai le plaisir d\u2019inviter les massoth\u00e9rapeutes \u00e0 participer \u00e0 cette formation sp\u00e9cialis\u00e9e con\u00e7ue pour r\u00e9unir le travail corporel occidental et oriental en une approche de traitement efficace.<\/span><\/p>\n<p><span style=\"font-weight: 400;\">La Fusion de travail corporel su\u00e9dois &amp; tha\u00ef (sur table) enseigne comment combiner les techniques fluides et enveloppantes du massage su\u00e9dois avec la profondeur th\u00e9rapeutique du travail corporel tha\u00ef \u2014 enti\u00e8rement adapt\u00e9 \u00e0 la table de massage, pour une application pratique en clinique moderne et en spa.<\/span><\/p>\n<p><span style=\"font-weight: 400;\">Ce cours met l\u2019accent sur :<\/span><\/p>\n<ul>\n<li><span style=\"font-weight: 400;\">L\u2019int\u00e9gration de techniques de relaxation et th\u00e9rapeutiques<\/span><\/li>\n<li><span style=\"font-weight: 400;\">Les compressions tha\u00efes sur table, l\u2019acupression et les \u00e9tirements assist\u00e9s<\/span><\/li>\n<li><span style=\"font-weight: 400;\">L\u2019am\u00e9lioration de l\u2019efficacit\u00e9 des traitements sans augmenter la charge pour le th\u00e9rapeute<\/span><\/li>\n<li><span style=\"font-weight: 400;\">Le d\u00e9veloppement des comp\u00e9tences cliniques pour le soulagement de la douleur, la mobilit\u00e9 et la r\u00e9cup\u00e9ration<\/span><\/li>\n<\/ul>\n<p><span style=\"font-weight: 400;\">Cet atelier est id\u00e9al pour les th\u00e9rapeutes qui souhaitent aller au-del\u00e0 du massage de routine et d\u00e9velopper un style de traitement plus avanc\u00e9 et professionnel.<\/span><\/p>\n<p><span style=\"font-weight: 400;\">Joignez-vous \u00e0 moi pour cette formation pratique et continuez \u00e0 faire \u00e9voluer votre pratique.<\/span><\/p>\n<h3>Promotion sp\u00e9ciale<\/h3>\n<p>Les participant\u00b7e\u00b7s recevront un polo gratuit de l\u2019Association canadienne de massage tha\u00ef, jusqu\u2019\u00e0 \u00e9puisement des stocks, selon le principe du premier arriv\u00e9, premier servi.<br \/>\nInscrivez-vous \u00e0 deux ateliers et <strong>\u00e9conomisez 75 $<\/strong>.<\/p>\n","protected":false},"excerpt":{"rendered":"<p>Cet atelier avanc\u00e9 enseigne comment fusionner le massage su\u00e9dois et les techniques de travail corporel tha\u00ef dans un format sur table afin d\u2019am\u00e9liorer l\u2019efficacit\u00e9 des traitements, la mobilit\u00e9 et le soulagement de la douleur. Vous apprendrez des m\u00e9thodes pratiques \u00e0 faible contrainte qui allient relaxation et profondeur th\u00e9rapeutique pour \u00e9lever vos comp\u00e9tences cliniques. <\/p>\n","protected":false},"featured_media":15778,"template":"","meta":{"_acf_changed":false},"product_brand":[],"product_cat":[440,169,479,291,554,97,489,563],"product_tag":[335,343,130,548],"class_list":{"0":"post-15738","1":"product","2":"type-product","3":"status-publish","4":"has-post-thumbnail","6":"product_cat-anglais","7":"product_cat-atelier","8":"product_cat-clinical-massage","9":"product_cat-dorval-west-island-fr","10":"product_cat-bundle-eligible","11":"product_cat-en-personne","12":"product_cat-modalites-orientales","13":"product_cat-taddaw-acance","14":"product_tag-advanced-massage-fr","15":"product_tag-advanced-training-fr","16":"product_tag-massage-suedois","17":"product_tag-thai-massage","19":"first","20":"instock","21":"featured","22":"virtual","23":"purchasable","24":"product-type-simple"},"acf":[],"_links":{"self":[{"href":"https:\/\/setsuko.ca\/fr\/wp-json\/wp\/v2\/product\/15738","targetHints":{"allow":["GET"]}}],"collection":[{"href":"https:\/\/setsuko.ca\/fr\/wp-json\/wp\/v2\/product"}],"about":[{"href":"https:\/\/setsuko.ca\/fr\/wp-json\/wp\/v2\/types\/product"}],"wp:featuredmedia":[{"embeddable":true,"href":"https:\/\/setsuko.ca\/fr\/wp-json\/wp\/v2\/media\/15778"}],"wp:attachment":[{"href":"https:\/\/setsuko.ca\/fr\/wp-json\/wp\/v2\/media?parent=15738"}],"wp:term":[{"taxonomy":"product_brand","embeddable":true,"href":"https:\/\/setsuko.ca\/fr\/wp-json\/wp\/v2\/product_brand?post=15738"},{"taxonomy":"product_cat","embeddable":true,"href":"https:\/\/setsuko.ca\/fr\/wp-json\/wp\/v2\/product_cat?post=15738"},{"taxonomy":"product_tag","embeddable":true,"href":"https:\/\/setsuko.ca\/fr\/wp-json\/wp\/v2\/product_tag?post=15738"}],"curies":[{"name":"wp","href":"https:\/\/api.w.org\/{rel}","templated":true}]}}