{"id":1579,"date":"2024-08-06T01:00:05","date_gmt":"2024-08-06T05:00:05","guid":{"rendered":"https:\/\/ecolesetsuko.ca\/product\/trigger-point-therapy\/"},"modified":"2025-08-09T11:14:21","modified_gmt":"2025-08-09T15:14:21","slug":"trigger-point-therapy","status":"publish","type":"product","link":"https:\/\/setsuko.ca\/fr\/produit\/trigger-point-therapy\/","title":{"rendered":"Th\u00e9rapie des points de compression"},"content":{"rendered":"<p>La th\u00e9rapie des points de d\u00e9clenchement est une technique couramment utilis\u00e9e par les massoth\u00e9rapeutes pour traiter les tensions musculaires localis\u00e9es et les zones douloureuses. Les points de d\u00e9clenchement sont des n\u0153uds hyperirritables ou des bandes tendues \u00e0 l&#8217;int\u00e9rieur des muscles qui peuvent causer des douleurs et des malaises. Les massoth\u00e9rapeutes peuvent lib\u00e9rer efficacement ces n\u0153uds et soulager les sympt\u00f4mes associ\u00e9s en comprenant les sch\u00e9mas des points de d\u00e9clenchement et en employant des techniques sp\u00e9cifiques.<\/p>\n<p>Au cours d&#8217;une s\u00e9ance de th\u00e9rapie des points g\u00e2chettes, le massoth\u00e9rapeute applique une pression directe sur les points g\u00e2chettes identifi\u00e9s. Cette pression est souvent soutenue ou peut impliquer des mouvements doux et r\u00e9p\u00e9titifs afin d&#8217;encourager le rel\u00e2chement de la tension contenue dans les fibres musculaires. Le th\u00e9rapeute peut \u00e9galement incorporer des \u00e9tirements, des massages des tissus profonds ou d&#8217;autres techniques compl\u00e9mentaires pour am\u00e9liorer l&#8217;efficacit\u00e9 du traitement.<\/p>\n<p>La th\u00e9rapie des points de d\u00e9clenchement peut \u00eatre b\u00e9n\u00e9fique aux personnes souffrant de douleurs chroniques, de d\u00e9s\u00e9quilibres musculaires, de c\u00e9phal\u00e9es de tension, de fibromyalgie et de blessures sportives. En ciblant les points de d\u00e9clenchement, les massoth\u00e9rapeutes peuvent aider \u00e0 soulager la douleur, \u00e0 am\u00e9liorer l&#8217;amplitude des mouvements et \u00e0 r\u00e9tablir une fonction musculaire optimale.<\/p>\n<p>Date : Samedi 6 septembre 2025 de 10h \u00e0 18h<\/p>\n<p>Lieu : <span style=\"font-weight: 400\">1564 Herron Rd Suite 208, Dorval, Quebec H9S 2X2<\/span><\/p>\n<p>Cr\u00e9dits : 15<\/p>\n<p>Pr\u00e9requis : massoth\u00e9rapeute, travail corporel ou yoga \/ pratique somatique<\/p>\n<p>&nbsp;<\/p>\n","protected":false},"excerpt":{"rendered":"<p>La th\u00e9rapie des points de d\u00e9clenchement est une technique couramment utilis\u00e9e par les massoth\u00e9rapeutes pour traiter les tensions musculaires localis\u00e9es et les zones douloureuses. Les points de d\u00e9clenchement sont des n\u0153uds hyperirritables ou des bandes tendues \u00e0 l&#8217;int\u00e9rieur des muscles qui peuvent causer des douleurs et des malaises. Les massoth\u00e9rapeutes peuvent lib\u00e9rer efficacement ces n\u0153uds et soulager les sympt\u00f4mes associ\u00e9s en comprenant les sch\u00e9mas des points de d\u00e9clenchement et en employant des techniques sp\u00e9cifiques.<\/p>\n<p>Au cours d&#8217;une s\u00e9ance de th\u00e9rapie des points g\u00e2chettes, le massoth\u00e9rapeute applique une pression directe sur les points g\u00e2chettes identifi\u00e9s. Cette pression est souvent soutenue ou peut impliquer des mouvements doux et r\u00e9p\u00e9titifs afin d&#8217;encourager le rel\u00e2chement de la tension contenue dans les fibres musculaires. Le th\u00e9rapeute peut \u00e9galement incorporer des \u00e9tirements, des massages des tissus profonds ou d&#8217;autres techniques compl\u00e9mentaires pour am\u00e9liorer l&#8217;efficacit\u00e9 du traitement.<\/p>\n<p>La th\u00e9rapie des points de d\u00e9clenchement peut \u00eatre b\u00e9n\u00e9fique aux personnes souffrant de douleurs chroniques, de d\u00e9s\u00e9quilibres musculaires, de c\u00e9phal\u00e9es de tension, de fibromyalgie et de blessures sportives. En ciblant les points de d\u00e9clenchement, les massoth\u00e9rapeutes peuvent aider \u00e0 soulager la douleur, \u00e0 am\u00e9liorer l&#8217;amplitude des mouvements et \u00e0 r\u00e9tablir une fonction musculaire optimale.<\/p>\n<p>Pr\u00e9requis : Dipl\u00f4me de massoth\u00e9rapeute de 400 heures<\/p>\n<p>&nbsp;<\/p>\n","protected":false},"featured_media":13864,"template":"","meta":{"_acf_changed":false},"product_brand":[],"product_cat":[95,169,291,97,170],"product_tag":[],"class_list":{"0":"post-1579","1":"product","2":"type-product","3":"status-publish","4":"has-post-thumbnail","6":"product_cat-cours","7":"product_cat-atelier","8":"product_cat-dorval-west-island-fr","9":"product_cat-en-personne","10":"product_cat-nicolas-faucher-fr","12":"first","13":"outofstock","14":"sale","15":"virtual","16":"purchasable","17":"product-type-simple"},"acf":[],"_links":{"self":[{"href":"https:\/\/setsuko.ca\/fr\/wp-json\/wp\/v2\/product\/1579","targetHints":{"allow":["GET"]}}],"collection":[{"href":"https:\/\/setsuko.ca\/fr\/wp-json\/wp\/v2\/product"}],"about":[{"href":"https:\/\/setsuko.ca\/fr\/wp-json\/wp\/v2\/types\/product"}],"wp:featuredmedia":[{"embeddable":true,"href":"https:\/\/setsuko.ca\/fr\/wp-json\/wp\/v2\/media\/13864"}],"wp:attachment":[{"href":"https:\/\/setsuko.ca\/fr\/wp-json\/wp\/v2\/media?parent=1579"}],"wp:term":[{"taxonomy":"product_brand","embeddable":true,"href":"https:\/\/setsuko.ca\/fr\/wp-json\/wp\/v2\/product_brand?post=1579"},{"taxonomy":"product_cat","embeddable":true,"href":"https:\/\/setsuko.ca\/fr\/wp-json\/wp\/v2\/product_cat?post=1579"},{"taxonomy":"product_tag","embeddable":true,"href":"https:\/\/setsuko.ca\/fr\/wp-json\/wp\/v2\/product_tag?post=1579"}],"curies":[{"name":"wp","href":"https:\/\/api.w.org\/{rel}","templated":true}]}}