{"id":1588,"date":"2024-02-29T02:02:49","date_gmt":"2024-02-29T07:02:49","guid":{"rendered":"https:\/\/ecolesetsuko.ca\/product\/myofascial-deep-tissue-techniques\/"},"modified":"2024-10-11T16:46:09","modified_gmt":"2024-10-11T20:46:09","slug":"myofascial-deep-tissue-techniques","status":"publish","type":"product","link":"https:\/\/setsuko.ca\/fr\/produit\/myofascial-deep-tissue-techniques\/","title":{"rendered":"Techniques de tissus profonds"},"content":{"rendered":"<p>D\u00e9couvrez l&#8217;art des techniques de massage en profondeur dans cet atelier revigorant. Con\u00e7u pour les massoth\u00e9rapeutes et les praticiens du travail corporel d\u00e9sireux d&#8217;approfondir leurs comp\u00e9tences, ce cours pratique approfondit les techniques de massage avanc\u00e9es pour traiter les tensions musculaires chroniques, les blessures, les adh\u00e9rences et le r\u00e9alignement des couches profondes des muscles et du tissu conjonctif du corps. . Apprenez \u00e0 appliquer une pression et une friction cibl\u00e9es pour acc\u00e9der aux couches profondes des tissus, favorisant le soulagement, la flexibilit\u00e9 et l&#8217;am\u00e9lioration de la circulation. Am\u00e9liorez vos comp\u00e9tences th\u00e9rapeutiques et offrez \u00e0 vos clients un soulagement cibl\u00e9 et des b\u00e9n\u00e9fices durables.<\/p>\n<p>Date : Sep 8, 2024, 10am \u2013 1pm<\/p>\n<p>Lieu : 2111, avenue Northcliffe, #11D, Montr\u00e9al (Qu\u00e9bec) H4A 3K6<\/p>\n<p>Cr\u00e9dits : 60<\/p>\n<p>Pr\u00e9alable : Su\u00e9dois niveau I<\/p>\n","protected":false},"excerpt":{"rendered":"<p>D\u00e9couvrez l&#8217;art des techniques de massage en profondeur dans cet atelier revigorant. Con\u00e7u pour les massoth\u00e9rapeutes et les praticiens du travail corporel d\u00e9sireux d&#8217;approfondir leurs comp\u00e9tences, ce cours pratique approfondit les techniques de massage avanc\u00e9es pour traiter les tensions musculaires chroniques, les blessures, les adh\u00e9rences et le r\u00e9alignement des couches profondes des muscles et du tissu conjonctif du corps. . Apprenez \u00e0 appliquer une pression et une friction cibl\u00e9es pour acc\u00e9der aux couches profondes des tissus, favorisant le soulagement, la flexibilit\u00e9 et l&#8217;am\u00e9lioration de la circulation. Am\u00e9liorez vos comp\u00e9tences th\u00e9rapeutiques et offrez \u00e0 vos clients un soulagement cibl\u00e9 et des b\u00e9n\u00e9fices durables.<\/p>\n","protected":false},"featured_media":13866,"template":"","meta":{"_acf_changed":false},"product_brand":[],"product_cat":[95,97,137,287],"product_tag":[],"class_list":{"0":"post-1588","1":"product","2":"type-product","3":"status-publish","4":"has-post-thumbnail","6":"product_cat-cours","7":"product_cat-en-personne","8":"product_cat-michelle-beckles-fr","9":"product_cat-qe-ndg-fr","11":"first","12":"outofstock","13":"sale","14":"virtual","15":"purchasable","16":"product-type-simple"},"acf":[],"_links":{"self":[{"href":"https:\/\/setsuko.ca\/fr\/wp-json\/wp\/v2\/product\/1588","targetHints":{"allow":["GET"]}}],"collection":[{"href":"https:\/\/setsuko.ca\/fr\/wp-json\/wp\/v2\/product"}],"about":[{"href":"https:\/\/setsuko.ca\/fr\/wp-json\/wp\/v2\/types\/product"}],"wp:featuredmedia":[{"embeddable":true,"href":"https:\/\/setsuko.ca\/fr\/wp-json\/wp\/v2\/media\/13866"}],"wp:attachment":[{"href":"https:\/\/setsuko.ca\/fr\/wp-json\/wp\/v2\/media?parent=1588"}],"wp:term":[{"taxonomy":"product_brand","embeddable":true,"href":"https:\/\/setsuko.ca\/fr\/wp-json\/wp\/v2\/product_brand?post=1588"},{"taxonomy":"product_cat","embeddable":true,"href":"https:\/\/setsuko.ca\/fr\/wp-json\/wp\/v2\/product_cat?post=1588"},{"taxonomy":"product_tag","embeddable":true,"href":"https:\/\/setsuko.ca\/fr\/wp-json\/wp\/v2\/product_tag?post=1588"}],"curies":[{"name":"wp","href":"https:\/\/api.w.org\/{rel}","templated":true}]}}