{"id":15996,"date":"2025-05-31T09:18:31","date_gmt":"2025-05-31T13:18:31","guid":{"rendered":"https:\/\/setsuko.ca\/?post_type=product&#038;p=15996"},"modified":"2026-04-17T11:48:04","modified_gmt":"2026-04-17T15:48:04","slug":"massage-sportif-niveau-2-evaluation-activation-et-techniques-manuelles-avancees-copy-2","status":"publish","type":"product","link":"https:\/\/setsuko.ca\/fr\/produit\/massage-sportif-niveau-2-evaluation-activation-et-techniques-manuelles-avancees-copy-2\/","title":{"rendered":"Massage sportif niveau 2 : \u00c9valuation, activation et techniques manuelles avanc\u00e9es"},"content":{"rendered":"<p>Am\u00e9liorez vos comp\u00e9tences en massage sportif gr\u00e2ce \u00e0 ce cours pratique avanc\u00e9 con\u00e7u pour les massoth\u00e9rapeutes qui souhaitent \u00e9valuer, traiter et optimiser les performances de leurs clients athl\u00e8tes en combinant des techniques occidentales et orientales.<\/p>\n<p>Dirig\u00e9 par Kevin Qian, instructeur prim\u00e9, ce stage intensif de 4 jours se concentre sur les tests orthop\u00e9diques, l&#8217;activation et l&#8217;inhibition musculaires, l&#8217;IASTM, la th\u00e9rapie par ventouses, les \u00e9tirements PNF et la planification de traitements ax\u00e9s sur les blessures. Que vous travailliez avec des athl\u00e8tes amateurs ou des artistes professionnels, ce cours vous donnera les outils n\u00e9cessaires pour accompagner en toute confiance vos clients dans leur r\u00e9tablissement apr\u00e8s une blessure, leur pr\u00e9paration \u00e0 un \u00e9v\u00e9nement et leur recherche de performances optimales. <\/p>\n<p><strong>Ce que vous apprendrez :<\/strong><\/p>\n<ul>\n<li>\u00c9valuations fonctionnelles et tests musculaires manuels pour les blessures sportives<\/li>\n<li>Techniques IASTM (mobilisation des tissus mous \u00e0 l&#8217;aide d&#8217;instruments)<\/li>\n<li>Ventouses statiques et dynamiques pour l&#8217;activation, l&#8217;inhibition et la r\u00e9cup\u00e9ration<\/li>\n<li>Th\u00e9rapie de lib\u00e9ration positionnelle (PRT) et approches neurophysiologiques<\/li>\n<li>Protocoles de massage avant et apr\u00e8s l&#8217;\u00e9v\u00e9nement<\/li>\n<li>\u00c9tirements PNF pour les hanches et les \u00e9paules<\/li>\n<li>Planification avanc\u00e9e pour des sc\u00e9narios r\u00e9els impliquant des athl\u00e8tes<\/li>\n<li>Strat\u00e9gies de traitement des pathologies sportives courantes<\/li>\n<\/ul>\n<p><strong>Points forts du cours :<\/strong><\/p>\n<ul>\n<li>Tests orthop\u00e9diques et fonctionnels : Apprenez \u00e0 identifier et \u00e0 \u00e9valuer les dysfonctionnements au niveau des \u00e9paules, des hanches, des genoux et des chevilles \u00e0 l&#8217;aide de tests orthop\u00e9diques et de tests d&#8217;amplitude de mouvement.<\/li>\n<li>Int\u00e9gration de l&#8217;IASTM et de la ventouse : Utilisez des outils et des techniques d&#8217;aspiration pour mobiliser les tissus, stimuler la r\u00e9cup\u00e9ration et am\u00e9liorer les performances.<\/li>\n<li>Activation et inhibition musculaires : d\u00e9couvrez quand et comment activer ou d\u00e9tendre des groupes musculaires avec pr\u00e9cision, \u00e0 l&#8217;aide de m\u00e9thodes manuelles et de ventouses.<\/li>\n<li>Massage pr\u00e9-\u00e9v\u00e9nementiel et r\u00e9cup\u00e9ratoire : \u00e9laborez des protocoles efficaces pour la pr\u00e9paration avant la comp\u00e9tition et la r\u00e9cup\u00e9ration apr\u00e8s la comp\u00e9tition.<\/li>\n<li>Lib\u00e9ration positionnelle et PNF : ajoutez des techniques cibl\u00e9es bas\u00e9es sur le syst\u00e8me nerveux pour rel\u00e2cher les tensions et am\u00e9liorer la souplesse.<\/li>\n<li>Simulations de cas r\u00e9els : pratiquez l&#8217;\u00e9valuation, la conception de protocoles et les strat\u00e9gies de th\u00e9rapie manuelle \u00e0 partir de sc\u00e9narios r\u00e9els de blessures chez les athl\u00e8tes.<\/li>\n<\/ul>\n<p><strong data-start=\"284\" data-end=\"299\">Instructeur <\/strong>: Kevin Qian \u2013 Champion canadien de massage sportif 2025, finaliste mondial de massage<br data-start=\"374\" data-end=\"377\"><strong data-start=\"377\" data-end=\"394\">Pr\u00e9requis <\/strong>: Massage sportif niveau 1 ou \u00e9quivalent<\/p>\n<p>Date : Lundi 1, 8, 15 juin 2026 <span class=\"grQv0\">\u22c5 <\/span>9h00 \u2013 16h00<br \/>\nLieu : 2111, avenue Northcliffe, #11D, Montr\u00e9al, Qu\u00e9bec H4A 3K6<\/p>\n","protected":false},"excerpt":{"rendered":"<p>Massage sportif niveau 2 : Dirig\u00e9 par Kevin Qian, instructeur prim\u00e9, ce stage intensif de 4 jours se concentre sur les tests orthop\u00e9diques, l&#8217;activation et l&#8217;inhibition musculaires, l&#8217;IASTM, la th\u00e9rapie par ventouses, les \u00e9tirements PNF et la planification de traitements ax\u00e9s sur les blessures. Que vous travailliez avec des athl\u00e8tes amateurs ou des professionnels, ce cours vous donnera les outils n\u00e9cessaires pour accompagner en toute confiance vos clients dans leur r\u00e9tablissement apr\u00e8s une blessure, leur pr\u00e9paration \u00e0 une comp\u00e9tition et leur recherche de performances optimales. <\/p>\n","protected":false},"featured_media":14042,"template":"","meta":{"_acf_changed":false},"product_brand":[],"product_cat":[169,439,479,95,97,431,287],"product_tag":[],"class_list":{"0":"post-15996","1":"product","2":"type-product","3":"status-publish","4":"has-post-thumbnail","6":"product_cat-atelier","7":"product_cat-bilingue","8":"product_cat-clinical-massage","9":"product_cat-cours","10":"product_cat-en-personne","11":"product_cat-kevin-qian-fr","12":"product_cat-qe-ndg-fr","14":"first","15":"instock","16":"featured","17":"shipping-taxable","18":"purchasable","19":"product-type-simple"},"acf":[],"_links":{"self":[{"href":"https:\/\/setsuko.ca\/fr\/wp-json\/wp\/v2\/product\/15996","targetHints":{"allow":["GET"]}}],"collection":[{"href":"https:\/\/setsuko.ca\/fr\/wp-json\/wp\/v2\/product"}],"about":[{"href":"https:\/\/setsuko.ca\/fr\/wp-json\/wp\/v2\/types\/product"}],"wp:featuredmedia":[{"embeddable":true,"href":"https:\/\/setsuko.ca\/fr\/wp-json\/wp\/v2\/media\/14042"}],"wp:attachment":[{"href":"https:\/\/setsuko.ca\/fr\/wp-json\/wp\/v2\/media?parent=15996"}],"wp:term":[{"taxonomy":"product_brand","embeddable":true,"href":"https:\/\/setsuko.ca\/fr\/wp-json\/wp\/v2\/product_brand?post=15996"},{"taxonomy":"product_cat","embeddable":true,"href":"https:\/\/setsuko.ca\/fr\/wp-json\/wp\/v2\/product_cat?post=15996"},{"taxonomy":"product_tag","embeddable":true,"href":"https:\/\/setsuko.ca\/fr\/wp-json\/wp\/v2\/product_tag?post=15996"}],"curies":[{"name":"wp","href":"https:\/\/api.w.org\/{rel}","templated":true}]}}