{"id":16068,"date":"2025-04-23T09:34:53","date_gmt":"2025-04-23T13:34:53","guid":{"rendered":"https:\/\/setsuko.ca\/?post_type=product&#038;p=16068"},"modified":"2026-04-20T09:39:43","modified_gmt":"2026-04-20T13:39:43","slug":"introduction-a-la-therapie-sonore-avec-paule-guerard-copy","status":"publish","type":"product","link":"https:\/\/setsuko.ca\/fr\/produit\/introduction-a-la-therapie-sonore-avec-paule-guerard-copy\/","title":{"rendered":"Introduction \u00e0 la th\u00e9rapie sonore avec Paule Guerard"},"content":{"rendered":"<p>Faites votre entr\u00e9e dans l\u2019univers de la th\u00e9rapie par le son et d\u00e9couvrez \u00e0 quel point une simple vibration peut apporter du calme. Dans cet atelier pratique, vous apprendrez comment les diapasons th\u00e9rapeutiques travaillent avec les rythmes naturels du corps pour rel\u00e2cher les tensions, apaiser l\u2019esprit et soutenir le syst\u00e8me nerveux. Nous explorerons la r\u00e9sonance, le toucher doux, et m\u00eame l\u2019\u00e9nergie subtile autour du corps, le tout de fa\u00e7on simple, intuitive et facile \u00e0 suivre \u2014 aucune exp\u00e9rience requise.  <\/p>\n<p>Vous aurez amplement de temps pour pratiquer, ressentir les effets par vous-m\u00eame et comprendre pourquoi tant de personnes trouvent les diapasons profond\u00e9ment ancrants et r\u00e9parateurs. Si cette exp\u00e9rience \u00e9veille quelque chose en vous, ce cours est aussi la porte d\u2019entr\u00e9e id\u00e9ale vers notre Certificat complet de 100 heures en Th\u00e9rapie par le Son, o\u00f9 nous allons plus loin dans le travail avec les os, les articulations, les organes, les chakras et toute la connexion corps-son. <\/p>\n<p>Fecha: 24 de mayo de 2026<br \/>\nHora: 10:00\u201314:30<br \/>\nUbicaci\u00f3n: 2111 Northcliffe Ave, n.\u00ba 11D, Montreal, Quebec H4A 3K6<\/p>\n","protected":false},"excerpt":{"rendered":"<p>R\u00e9harmoniser le corps avec des diapasons th\u00e9rapeutiques : une introduction pratique \u00e0 la th\u00e9rapie par le son. Aucune exp\u00e9rience pr\u00e9alable n&#8217;est n\u00e9cessaire \u2013 il suffit de se pr\u00e9senter avec une ouverture d&#8217;esprit et une curiosit\u00e9 d&#8217;apprendre. Nous explorerons comment percevoir la r\u00e9sonance et la dissonance, puiser dans l&#8217;\u00e9nergie de l&#8217;aura et faire l&#8217;exp\u00e9rience de sa pr\u00e9sence dynamique.  <\/p>\n","protected":false},"featured_media":13972,"template":"","meta":{"_acf_changed":false},"product_brand":[],"product_cat":[169,439,97,481,490,141,287,491],"product_tag":[468,148],"class_list":{"0":"post-16068","1":"product","2":"type-product","3":"status-publish","4":"has-post-thumbnail","6":"product_cat-atelier","7":"product_cat-bilingue","8":"product_cat-en-personne","9":"product_cat-holistic-therapies","10":"product_cat-interet-general","11":"product_cat-paule-guerard-fr","12":"product_cat-qe-ndg-fr","13":"product_cat-therapies-energetiques","14":"product_tag-introduction","15":"product_tag-therapie-par-le-son","17":"first","18":"instock","19":"sale","20":"featured","21":"virtual","22":"purchasable","23":"product-type-simple"},"acf":[],"_links":{"self":[{"href":"https:\/\/setsuko.ca\/fr\/wp-json\/wp\/v2\/product\/16068","targetHints":{"allow":["GET"]}}],"collection":[{"href":"https:\/\/setsuko.ca\/fr\/wp-json\/wp\/v2\/product"}],"about":[{"href":"https:\/\/setsuko.ca\/fr\/wp-json\/wp\/v2\/types\/product"}],"wp:featuredmedia":[{"embeddable":true,"href":"https:\/\/setsuko.ca\/fr\/wp-json\/wp\/v2\/media\/13972"}],"wp:attachment":[{"href":"https:\/\/setsuko.ca\/fr\/wp-json\/wp\/v2\/media?parent=16068"}],"wp:term":[{"taxonomy":"product_brand","embeddable":true,"href":"https:\/\/setsuko.ca\/fr\/wp-json\/wp\/v2\/product_brand?post=16068"},{"taxonomy":"product_cat","embeddable":true,"href":"https:\/\/setsuko.ca\/fr\/wp-json\/wp\/v2\/product_cat?post=16068"},{"taxonomy":"product_tag","embeddable":true,"href":"https:\/\/setsuko.ca\/fr\/wp-json\/wp\/v2\/product_tag?post=16068"}],"curies":[{"name":"wp","href":"https:\/\/api.w.org\/{rel}","templated":true}]}}